{"id":21636,"date":"2025-07-22T19:32:05","date_gmt":"2025-07-22T17:32:05","guid":{"rendered":"https:\/\/uj.adatbank.ro\/lexikon\/termek\/szathmary-marosvasarhelyi\/"},"modified":"2025-07-22T19:32:05","modified_gmt":"2025-07-22T17:32:05","slug":"szathmary-marosvasarhelyi","status":"publish","type":"product","link":"https:\/\/uj.adatbank.ro\/lexikon\/termek\/szathmary-marosvasarhelyi\/","title":{"rendered":"SZATHM\u00c1RY, marosv\u00e1s\u00e1rhelyi"},"content":{"rendered":"<p>E csal\u00e1dba tartozik Sz. J\u00f3zsef kir. t\u00e1blai \u00fcgyv\u00e9d, tal\u00e1n fia Lajos megh. 1862. \u00e9s Sz. J\u00f3zsef mv.-i tan\u00e1csos (1861). <br \/><strong>Irod.:<\/strong> Nagy Iv\u00e1n; P\u00e1lmay.<\/br><\/p>\n","protected":false},"excerpt":{"rendered":"<p>E csal\u00e1dba tartozik Sz. J\u00f3zsef kir. t\u00e1blai \u00fcgyv\u00e9d, tal\u00e1n fia Lajos megh. 1862. \u00e9s Sz. J\u00f3zsef mv.-i tan\u00e1csos (1861). Irod.: Nagy Iv\u00e1n; P\u00e1lmay.<\/p>\n","protected":false},"featured_media":0,"comment_status":"open","ping_status":"closed","template":"","meta":[],"product_brand":[],"product_cat":[137],"product_tag":[],"class_list":{"0":"post-21636","1":"product","2":"type-product","3":"status-publish","5":"product_cat-maros-megyei-eletrajzi-lexikon","7":"first","8":"instock","9":"shipping-taxable","10":"product-type-simple"},"_links":{"self":[{"href":"https:\/\/uj.adatbank.ro\/lexikon\/wp-json\/wp\/v2\/product\/21636","targetHints":{"allow":["GET"]}}],"collection":[{"href":"https:\/\/uj.adatbank.ro\/lexikon\/wp-json\/wp\/v2\/product"}],"about":[{"href":"https:\/\/uj.adatbank.ro\/lexikon\/wp-json\/wp\/v2\/types\/product"}],"replies":[{"embeddable":true,"href":"https:\/\/uj.adatbank.ro\/lexikon\/wp-json\/wp\/v2\/comments?post=21636"}],"wp:attachment":[{"href":"https:\/\/uj.adatbank.ro\/lexikon\/wp-json\/wp\/v2\/media?parent=21636"}],"wp:term":[{"taxonomy":"product_brand","embeddable":true,"href":"https:\/\/uj.adatbank.ro\/lexikon\/wp-json\/wp\/v2\/product_brand?post=21636"},{"taxonomy":"product_cat","embeddable":true,"href":"https:\/\/uj.adatbank.ro\/lexikon\/wp-json\/wp\/v2\/product_cat?post=21636"},{"taxonomy":"product_tag","embeddable":true,"href":"https:\/\/uj.adatbank.ro\/lexikon\/wp-json\/wp\/v2\/product_tag?post=21636"}],"curies":[{"name":"wp","href":"https:\/\/api.w.org\/{rel}","templated":true}]}}