{"id":21638,"date":"2025-07-22T19:32:08","date_gmt":"2025-07-22T17:32:08","guid":{"rendered":"https:\/\/uj.adatbank.ro\/lexikon\/termek\/szathmary-daniel\/"},"modified":"2025-07-22T19:32:08","modified_gmt":"2025-07-22T17:32:08","slug":"szathmary-daniel","status":"publish","type":"product","link":"https:\/\/uj.adatbank.ro\/lexikon\/termek\/szathmary-daniel\/","title":{"rendered":"SZATHM\u00c1RY D\u00e1niel"},"content":{"rendered":"<p>Mv., 1808, \u2020 Tiszaf\u00f6ldv\u00e1r, 1848. j\u00fal. 28.: sz\u00edn\u00e9sz. Pesten j\u00e1tszott (1831\u2013), majd k\u00fcl\u00f6nb\u00f6z\u0151 kisebb v\u00e1ndort\u00e1rs.-ok tagja volt, els\u0151sorban a Dun\u00e1nt\u00falon a pozsonyi orsz\u00e1ggy\u0171l\u00e9si t\u00e1rs.-ban szerepelt (1843). Gy\u0151r, Esztergom voltak m\u00e9g p\u00e1ly\u00e1j\u00e1nak f\u0151bb \u00e1llom\u00e1sai. Mak\u00f3n j\u00e1tszott, innen \u00e1llt be honv\u00e9dnak (1848\u2013). A szabads\u00e1gharc h\u0151si halottja. V\u00e1ltozatos karakterszerepeket alak\u00edtott. \u2013 <strong>F. sz.:<\/strong> Kacsa M\u00e1rton (F\u00e1y A.: R\u00e9gi p\u00e9nzek); Ibrahim basa (Szigligeti E.: Nagyidai cig\u00e1nyok); G\u00e9mesi (Szigligeti E.: A sz\u00f6k\u00f6tt katona). <br \/><strong>Irod.:<\/strong> MSZL.<\/br><\/p>\n","protected":false},"excerpt":{"rendered":"<p>Mv., 1808, \u2020 Tiszaf\u00f6ldv\u00e1r, 1848. j\u00fal. 28.: sz\u00edn\u00e9sz. Pesten j\u00e1tszott (1831\u2013), majd k\u00fcl\u00f6nb\u00f6z\u0151 kisebb v\u00e1ndort\u00e1rs.-ok tagja volt, els\u0151sorban a Dun\u00e1nt\u00falon a pozsonyi orsz\u00e1ggy\u0171l\u00e9si t\u00e1rs.-ban szerepelt (1843). Gy\u0151r, Esztergom voltak m\u00e9g p\u00e1ly\u00e1j\u00e1nak f\u0151bb \u00e1llom\u00e1sai. Mak\u00f3n j\u00e1tszott, innen \u00e1llt be honv\u00e9dnak (1848\u2013). A szabads\u00e1gharc h\u0151si halottja. V\u00e1ltozatos karakterszerepeket alak\u00edtott. \u2013 F. sz.: Kacsa M\u00e1rton (F\u00e1y A.: R\u00e9gi [&hellip;]<\/p>\n","protected":false},"featured_media":0,"comment_status":"open","ping_status":"closed","template":"","meta":[],"product_brand":[],"product_cat":[137],"product_tag":[],"class_list":{"0":"post-21638","1":"product","2":"type-product","3":"status-publish","5":"product_cat-maros-megyei-eletrajzi-lexikon","7":"first","8":"instock","9":"shipping-taxable","10":"product-type-simple"},"_links":{"self":[{"href":"https:\/\/uj.adatbank.ro\/lexikon\/wp-json\/wp\/v2\/product\/21638","targetHints":{"allow":["GET"]}}],"collection":[{"href":"https:\/\/uj.adatbank.ro\/lexikon\/wp-json\/wp\/v2\/product"}],"about":[{"href":"https:\/\/uj.adatbank.ro\/lexikon\/wp-json\/wp\/v2\/types\/product"}],"replies":[{"embeddable":true,"href":"https:\/\/uj.adatbank.ro\/lexikon\/wp-json\/wp\/v2\/comments?post=21638"}],"wp:attachment":[{"href":"https:\/\/uj.adatbank.ro\/lexikon\/wp-json\/wp\/v2\/media?parent=21638"}],"wp:term":[{"taxonomy":"product_brand","embeddable":true,"href":"https:\/\/uj.adatbank.ro\/lexikon\/wp-json\/wp\/v2\/product_brand?post=21638"},{"taxonomy":"product_cat","embeddable":true,"href":"https:\/\/uj.adatbank.ro\/lexikon\/wp-json\/wp\/v2\/product_cat?post=21638"},{"taxonomy":"product_tag","embeddable":true,"href":"https:\/\/uj.adatbank.ro\/lexikon\/wp-json\/wp\/v2\/product_tag?post=21638"}],"curies":[{"name":"wp","href":"https:\/\/api.w.org\/{rel}","templated":true}]}}