{"id":2164,"date":"2025-06-28T12:05:41","date_gmt":"2025-06-28T10:05:41","guid":{"rendered":"https:\/\/uj.adatbank.ro\/lexikon\/termek\/banffy-eszter-eszti-losonczi-br-sebesy-gezane\/"},"modified":"2025-06-28T12:05:41","modified_gmt":"2025-06-28T10:05:41","slug":"banffy-eszter-eszti-losonczi-br-sebesy-gezane","status":"publish","type":"product","link":"https:\/\/uj.adatbank.ro\/lexikon\/termek\/banffy-eszter-eszti-losonczi-br-sebesy-gezane\/","title":{"rendered":"B\u00c1NFFY Eszter (Eszti), losonczi br. Sebesy G\u00e9z\u00e1n\u00e9"},"content":{"rendered":"<p>Magyarkir\u00e1lyfalva, 1856. dec. 14. \u2020 Bp., 1919. nov. 29.: f\u00f6ldbirtokos. \u2013 B. Ferenc (1821\u20131868) \u00e9s nagyv\u00e1radi P\u00e1szt\u00f3hy Kl\u00e1ra (1836\u20131896) le\u00e1nya. F\u00e9rje: dersi \u00e9s bolg\u00e1rfalvi Sebesy G\u00e9za (Bolg\u00e1rfalva, 1856. m\u00e1rc. 19.- Bp., 1903. j\u00fan. 1) esk\u00fcv\u0151 Bp., 1882. aug. 9. <br \/><strong>Irod.:<\/strong> Gudenus<\/br><\/p>\n","protected":false},"excerpt":{"rendered":"<p>Magyarkir\u00e1lyfalva, 1856. dec. 14. \u2020 Bp., 1919. nov. 29.: f\u00f6ldbirtokos. \u2013 B. Ferenc (1821\u20131868) \u00e9s nagyv\u00e1radi P\u00e1szt\u00f3hy Kl\u00e1ra (1836\u20131896) le\u00e1nya. F\u00e9rje: dersi \u00e9s bolg\u00e1rfalvi Sebesy G\u00e9za (Bolg\u00e1rfalva, 1856. m\u00e1rc. 19.- Bp., 1903. j\u00fan. 1) esk\u00fcv\u0151 Bp., 1882. aug. 9. Irod.: Gudenus<\/p>\n","protected":false},"featured_media":0,"comment_status":"open","ping_status":"closed","template":"","meta":[],"product_brand":[],"product_cat":[137],"product_tag":[],"class_list":{"0":"post-2164","1":"product","2":"type-product","3":"status-publish","5":"product_cat-maros-megyei-eletrajzi-lexikon","7":"first","8":"instock","9":"shipping-taxable","10":"product-type-simple"},"_links":{"self":[{"href":"https:\/\/uj.adatbank.ro\/lexikon\/wp-json\/wp\/v2\/product\/2164","targetHints":{"allow":["GET"]}}],"collection":[{"href":"https:\/\/uj.adatbank.ro\/lexikon\/wp-json\/wp\/v2\/product"}],"about":[{"href":"https:\/\/uj.adatbank.ro\/lexikon\/wp-json\/wp\/v2\/types\/product"}],"replies":[{"embeddable":true,"href":"https:\/\/uj.adatbank.ro\/lexikon\/wp-json\/wp\/v2\/comments?post=2164"}],"wp:attachment":[{"href":"https:\/\/uj.adatbank.ro\/lexikon\/wp-json\/wp\/v2\/media?parent=2164"}],"wp:term":[{"taxonomy":"product_brand","embeddable":true,"href":"https:\/\/uj.adatbank.ro\/lexikon\/wp-json\/wp\/v2\/product_brand?post=2164"},{"taxonomy":"product_cat","embeddable":true,"href":"https:\/\/uj.adatbank.ro\/lexikon\/wp-json\/wp\/v2\/product_cat?post=2164"},{"taxonomy":"product_tag","embeddable":true,"href":"https:\/\/uj.adatbank.ro\/lexikon\/wp-json\/wp\/v2\/product_tag?post=2164"}],"curies":[{"name":"wp","href":"https:\/\/api.w.org\/{rel}","templated":true}]}}