{"id":21643,"date":"2025-07-22T19:32:20","date_gmt":"2025-07-22T17:32:20","guid":{"rendered":"https:\/\/uj.adatbank.ro\/lexikon\/termek\/szathmary-lajos-2\/"},"modified":"2025-07-22T19:32:20","modified_gmt":"2025-07-22T17:32:20","slug":"szathmary-lajos-2","status":"publish","type":"product","link":"https:\/\/uj.adatbank.ro\/lexikon\/termek\/szathmary-lajos-2\/","title":{"rendered":"SZATHM\u00c1RY Lajos"},"content":{"rendered":"<p>R\u00e1kospalota, 1919. j\u00fan. 2., \u2020\u00a0Chicago, 1996. okt. 4.: \u00fajs\u00e1g\u00edr\u00f3, \u00edr\u00f3, gasztron\u00f3mus, m\u0171gy\u0171jt\u0151. \u2013 S\u00e1rospatakon \u00e9retts\u00e9gizett, a bp.-i P\u00e1zm\u00e1ny P\u00e9ter Tudom\u00e1nyegyetemre iratkozott be \u00e9s jelentkezett az akkor indult \u00fajs\u00e1g\u00edr\u00f3i f\u0151iskol\u00e1ra is. Az Atheneum Nyomd\u00e1ban dolgozott; a Sz\u00ednh\u00e1zi Magazin szerkeszt\u0151s\u00e9g\u00e9ben gyakornok; A mv.-i Sz\u00e9kely Sz\u00f3 bels\u0151 munkat\u00e1rsa, szerkeszt\u0151je (1942\u2013) \u00e9s a MTI sz\u00e9kelyf\u00f6ldi tud\u00f3s\u00edt\u00f3ja. A KZST Tagja (1942). A sepsiszentgy\u00f6rgyi Sz\u00e9kely N\u00e9p szerkeszt\u0151je (1943\u2013); R\u00e9szt vett a II. vh.-ban (1944\u2013) N\u00e9metorsz\u00e1gban \u00e9rte a h\u00e1bor\u00fa v\u00e9ge onnan kiv\u00e1ndorolt az USA-ba (1951). Chicag\u00f3ban kitanulta a szak\u00e1csmesters\u00e9get, vend\u00e9gl\u0151t nyitott, \u00f6n\u00e1ll\u00f3 r\u00e1di\u00f3 m\u0171sort vezetett, \u00e9veken \u00e1t saj\u00e1t telev\u00edzi\u00f3s m\u0171sort szerkesztett, 12 \u00e9ven \u00e1t t\u00f6bb mint 100 lap k\u00f6z\u00f6lte heti gasztron\u00f3miai t\u00e1rc\u00e1it. T\u00e1mogatta anyagilag a nyugati magyar k\u00f6nyvkiad\u00e1st: t\u00f6bb mint 30 k\u00f6nyv jelent meg az \u0151 seg\u00edts\u00e9g\u00e9vel. Szak\u00e1csk\u00f6nyvei nagy sikernek \u00f6rvendtek. \u00cdr\u00e1saiban meleg sz\u00ednekkel id\u00e9zte fel erd\u00e9lyi, els\u0151sorban mv.-i eml\u00e9keit. K\u00e9t t\u00f6rt\u00e9nelmi k\u00f6nyvsorozatot szerkesztett, minden k\u00f6tethez egy-egy essz\u00e9t \u00edrt el\u0151sz\u00f3 gyan\u00e1nt. Rendszeresen publik\u00e1lt a pitsburghi Magyars\u00e1gban, a Nemzet\u0151rben, Sziv\u00e1rv\u00e1nyban, \u00daj L\u00e1t\u00f3hat\u00e1rban. \u2013 <strong>F. m.<\/strong>: Egy szak\u00e1cs titkai (Chicago, 1971); Aj\u00e1nd\u00e9k: V\u00e1logatott versek (Bp., 1992); Arcok chicagoi szemmel: \u00cdr\u00f3k k\u00f6lt\u0151k, m\u0171v\u00e9szek (Bp., 1994). <br \/><strong>Irod.:<\/strong> Barab\u00e1s M. C\u00e9h; Egy amerik\u00e1s m. hal\u00e1l\u00e1ra (N\u00fa., M\u00fazsa, 272. sz., 1996. nov. 22.); RMIL.<\/br><\/p>\n","protected":false},"excerpt":{"rendered":"<p>R\u00e1kospalota, 1919. j\u00fan. 2., \u2020\u00a0Chicago, 1996. okt. 4.: \u00fajs\u00e1g\u00edr\u00f3, \u00edr\u00f3, gasztron\u00f3mus, m\u0171gy\u0171jt\u0151. \u2013 S\u00e1rospatakon \u00e9retts\u00e9gizett, a bp.-i P\u00e1zm\u00e1ny P\u00e9ter Tudom\u00e1nyegyetemre iratkozott be \u00e9s jelentkezett az akkor indult \u00fajs\u00e1g\u00edr\u00f3i f\u0151iskol\u00e1ra is. Az Atheneum Nyomd\u00e1ban dolgozott; a Sz\u00ednh\u00e1zi Magazin szerkeszt\u0151s\u00e9g\u00e9ben gyakornok; A mv.-i Sz\u00e9kely Sz\u00f3 bels\u0151 munkat\u00e1rsa, szerkeszt\u0151je (1942\u2013) \u00e9s a MTI sz\u00e9kelyf\u00f6ldi tud\u00f3s\u00edt\u00f3ja. A KZST Tagja [&hellip;]<\/p>\n","protected":false},"featured_media":0,"comment_status":"open","ping_status":"closed","template":"","meta":[],"product_brand":[],"product_cat":[137],"product_tag":[],"class_list":{"0":"post-21643","1":"product","2":"type-product","3":"status-publish","5":"product_cat-maros-megyei-eletrajzi-lexikon","7":"first","8":"instock","9":"shipping-taxable","10":"product-type-simple"},"_links":{"self":[{"href":"https:\/\/uj.adatbank.ro\/lexikon\/wp-json\/wp\/v2\/product\/21643","targetHints":{"allow":["GET"]}}],"collection":[{"href":"https:\/\/uj.adatbank.ro\/lexikon\/wp-json\/wp\/v2\/product"}],"about":[{"href":"https:\/\/uj.adatbank.ro\/lexikon\/wp-json\/wp\/v2\/types\/product"}],"replies":[{"embeddable":true,"href":"https:\/\/uj.adatbank.ro\/lexikon\/wp-json\/wp\/v2\/comments?post=21643"}],"wp:attachment":[{"href":"https:\/\/uj.adatbank.ro\/lexikon\/wp-json\/wp\/v2\/media?parent=21643"}],"wp:term":[{"taxonomy":"product_brand","embeddable":true,"href":"https:\/\/uj.adatbank.ro\/lexikon\/wp-json\/wp\/v2\/product_brand?post=21643"},{"taxonomy":"product_cat","embeddable":true,"href":"https:\/\/uj.adatbank.ro\/lexikon\/wp-json\/wp\/v2\/product_cat?post=21643"},{"taxonomy":"product_tag","embeddable":true,"href":"https:\/\/uj.adatbank.ro\/lexikon\/wp-json\/wp\/v2\/product_tag?post=21643"}],"curies":[{"name":"wp","href":"https:\/\/api.w.org\/{rel}","templated":true}]}}