{"id":21648,"date":"2025-07-22T19:32:30","date_gmt":"2025-07-22T17:32:30","guid":{"rendered":"https:\/\/uj.adatbank.ro\/lexikon\/termek\/szatmari-janos-2\/"},"modified":"2025-07-22T19:32:30","modified_gmt":"2025-07-22T17:32:30","slug":"szatmari-janos-2","status":"publish","type":"product","link":"https:\/\/uj.adatbank.ro\/lexikon\/termek\/szatmari-janos-2\/","title":{"rendered":"SZATM\u00c1RI J\u00e1nos"},"content":{"rendered":"<p>? \u2020\u00a0Nyom\u00e1t, 1758.: tan\u00edt\u00f3, unit. lelk\u00e9sz. \u2013 Ny\u00e1r\u00e1dszentl\u00e1szl\u00f3n tan\u00edtott (1715\u201323), majd szenth\u00e1roms\u00e1gi, (1741\u2013) kisadorj\u00e1ni (1737; 1743\u201345) \u00e9s nyom\u00e1ti lelk\u00e9sz hal\u00e1l\u00e1ig (1753\u201358). <br \/><strong>Irod.:<\/strong> K\u00e9nosi\u2013Uzoni 2.; Kisadorj\u00e1n; Ny\u00e1r\u00e1dszentl\u00e1szl\u00f3.<\/br><\/p>\n","protected":false},"excerpt":{"rendered":"<p>? \u2020\u00a0Nyom\u00e1t, 1758.: tan\u00edt\u00f3, unit. lelk\u00e9sz. \u2013 Ny\u00e1r\u00e1dszentl\u00e1szl\u00f3n tan\u00edtott (1715\u201323), majd szenth\u00e1roms\u00e1gi, (1741\u2013) kisadorj\u00e1ni (1737; 1743\u201345) \u00e9s nyom\u00e1ti lelk\u00e9sz hal\u00e1l\u00e1ig (1753\u201358). Irod.: K\u00e9nosi\u2013Uzoni 2.; Kisadorj\u00e1n; Ny\u00e1r\u00e1dszentl\u00e1szl\u00f3.<\/p>\n","protected":false},"featured_media":0,"comment_status":"open","ping_status":"closed","template":"","meta":[],"product_brand":[],"product_cat":[137],"product_tag":[],"class_list":{"0":"post-21648","1":"product","2":"type-product","3":"status-publish","5":"product_cat-maros-megyei-eletrajzi-lexikon","7":"first","8":"instock","9":"shipping-taxable","10":"product-type-simple"},"_links":{"self":[{"href":"https:\/\/uj.adatbank.ro\/lexikon\/wp-json\/wp\/v2\/product\/21648","targetHints":{"allow":["GET"]}}],"collection":[{"href":"https:\/\/uj.adatbank.ro\/lexikon\/wp-json\/wp\/v2\/product"}],"about":[{"href":"https:\/\/uj.adatbank.ro\/lexikon\/wp-json\/wp\/v2\/types\/product"}],"replies":[{"embeddable":true,"href":"https:\/\/uj.adatbank.ro\/lexikon\/wp-json\/wp\/v2\/comments?post=21648"}],"wp:attachment":[{"href":"https:\/\/uj.adatbank.ro\/lexikon\/wp-json\/wp\/v2\/media?parent=21648"}],"wp:term":[{"taxonomy":"product_brand","embeddable":true,"href":"https:\/\/uj.adatbank.ro\/lexikon\/wp-json\/wp\/v2\/product_brand?post=21648"},{"taxonomy":"product_cat","embeddable":true,"href":"https:\/\/uj.adatbank.ro\/lexikon\/wp-json\/wp\/v2\/product_cat?post=21648"},{"taxonomy":"product_tag","embeddable":true,"href":"https:\/\/uj.adatbank.ro\/lexikon\/wp-json\/wp\/v2\/product_tag?post=21648"}],"curies":[{"name":"wp","href":"https:\/\/api.w.org\/{rel}","templated":true}]}}