{"id":2165,"date":"2025-06-28T12:05:43","date_gmt":"2025-06-28T10:05:43","guid":{"rendered":"https:\/\/uj.adatbank.ro\/lexikon\/termek\/banffy-farkas-losinczi-br-banffi-farkas\/"},"modified":"2025-06-28T12:05:43","modified_gmt":"2025-06-28T10:05:43","slug":"banffy-farkas-losinczi-br-banffi-farkas","status":"publish","type":"product","link":"https:\/\/uj.adatbank.ro\/lexikon\/termek\/banffy-farkas-losinczi-br-banffi-farkas\/","title":{"rendered":"B\u00c1NFFY Farkas, losinczi br., B\u00e1nffi Farkas"},"content":{"rendered":"<p>1700. j\u00fal. 1., \u2020 Bonchida, 1761. \u00e1pr. 7. A b\u00e1nfihunyadi ref. templomban nyugszanak a feles\u00e9g\u00e9vel. Halotti c\u00edmereik a kv.-i Farkas utcai templomban vannak.: kir. t\u00e1blai eln\u00f6k. \u2013 B. Farkas \u00e9s nagybarcsai Barcsay Erzs\u00e9bet fia. Apja nyerte el a b\u00e1r\u00f3i c\u00edmet (1698). Feles\u00e9ge (1722\u2013): Bagossy Erzs\u00e9bet (1703- Kv., 1764. m\u00e1rc. 26.), Bagosi Erzs\u00e9bet, halotti c\u00edmere a kv.-i Farkas utcai templomban van. Bagossy P\u00e1l \u00e9s cs\u00edkszenttam\u00e1si Boros Kata l\u00e1nya. Gyermekeik: Farkas (\u20201794), Zsigmond, Mih\u00e1ly, Katalin, Krisztina r\u00e9szes\u00fcltek a b\u00e1r\u00f3i m\u00e9lt\u00f3s\u00e1g adom\u00e1nyoz\u00e1s\u00e1ban (1729. febr. 5); Zsuzs\u00e1nna bethleni gr. Bethlen \u00c1d\u00e1mn\u00e9 (\u20201794) \u00e9s Gy\u00f6rgy. \u2013 B\u00e1r\u00f3i rangj\u00e1t meger\u0151s\u00edtett\u00e9k (1729. febr. 5.). A mv.-i Kir T\u00e1bla els\u0151 eln\u00f6ke, akit a nagyszebeni ogy.-en iktattak be (1751). Medgyesr\u0151l Mv.-re k\u00f6lt\u00f6ztette a Kir. T\u00e1bl\u00e1t (1754). <br \/><strong>Irod.:<\/strong> Bicsok\u2013Orb\u00e1n; Entz\u2013Kov\u00e1cs; Fogarasi; Gudenus; Id\u0151t\u00e1r 1.; Kempelen; Kr\u00f3n. F\u00fcz. (1939. 4\/9), K\u00fclf\u00f6ld\u00f6n bujdos\u00f3 erd\u00e9lyi di\u00e1kok levelez\u00e9se (Kv., 1933); Lev\u00e9lt\u00e1ri gy\u00e1szj.; Bir\u00f3 J\u00f3zsef. A bonchidai B\u00e1nffy-kast\u00e9ly csal\u00e1di arck\u00e9pei = Lyka eml\u00e9kk.; Mo. k\u00f6zgazdas\u00e1gi \u00e9s k\u00f6zm\u0171vel\u0151d\u00e9si \u00e1llapota ezer\u00e9ves fenn\u00e1ll\u00e1sakor \u00e9s az 1896. \u00e9vi ezred\u00e9ves ki\u00e1ll\u00edt\u00e1s eredm\u00e9nye 5. (Bp., 1897\u201398); M\u0171vt\u00f6rt. T. 1979.; Nagy Iv\u00e1n; Orb\u00e1n J\u00e1nos: T\u00e1blab\u00edr\u00e1k, f\u0151nemesek, pall\u00e9rok \u00e9s h\u00e1zak: V\u00e1rosk\u00e9p \u00e9s t\u00e1rsadalom v\u00e1ltoz\u00e1sai Mv.-en a Kir\u00e1lyi T\u00e1bla bek\u00f6lt\u00f6z\u00e9se ut\u00e1n [1754] = K\u00f6nyvek \u00e1ltal \u2026; P\u00e1l-Antal 2006; \u00dajfalvi S\u00e1ndor: Erd\u00e9lyi r\u00e9gebbi \u00e9s k\u00f6zelebbi vad\u00e1szatok (Kv., 1927)<\/br><\/p>\n","protected":false},"excerpt":{"rendered":"<p>1700. j\u00fal. 1., \u2020 Bonchida, 1761. \u00e1pr. 7. A b\u00e1nfihunyadi ref. templomban nyugszanak a feles\u00e9g\u00e9vel. Halotti c\u00edmereik a kv.-i Farkas utcai templomban vannak.: kir. t\u00e1blai eln\u00f6k. \u2013 B. Farkas \u00e9s nagybarcsai Barcsay Erzs\u00e9bet fia. Apja nyerte el a b\u00e1r\u00f3i c\u00edmet (1698). Feles\u00e9ge (1722\u2013): Bagossy Erzs\u00e9bet (1703- Kv., 1764. m\u00e1rc. 26.), Bagosi Erzs\u00e9bet, halotti c\u00edmere a [&hellip;]<\/p>\n","protected":false},"featured_media":0,"comment_status":"open","ping_status":"closed","template":"","meta":[],"product_brand":[],"product_cat":[137],"product_tag":[],"class_list":{"0":"post-2165","1":"product","2":"type-product","3":"status-publish","5":"product_cat-maros-megyei-eletrajzi-lexikon","7":"first","8":"instock","9":"shipping-taxable","10":"product-type-simple"},"_links":{"self":[{"href":"https:\/\/uj.adatbank.ro\/lexikon\/wp-json\/wp\/v2\/product\/2165","targetHints":{"allow":["GET"]}}],"collection":[{"href":"https:\/\/uj.adatbank.ro\/lexikon\/wp-json\/wp\/v2\/product"}],"about":[{"href":"https:\/\/uj.adatbank.ro\/lexikon\/wp-json\/wp\/v2\/types\/product"}],"replies":[{"embeddable":true,"href":"https:\/\/uj.adatbank.ro\/lexikon\/wp-json\/wp\/v2\/comments?post=2165"}],"wp:attachment":[{"href":"https:\/\/uj.adatbank.ro\/lexikon\/wp-json\/wp\/v2\/media?parent=2165"}],"wp:term":[{"taxonomy":"product_brand","embeddable":true,"href":"https:\/\/uj.adatbank.ro\/lexikon\/wp-json\/wp\/v2\/product_brand?post=2165"},{"taxonomy":"product_cat","embeddable":true,"href":"https:\/\/uj.adatbank.ro\/lexikon\/wp-json\/wp\/v2\/product_cat?post=2165"},{"taxonomy":"product_tag","embeddable":true,"href":"https:\/\/uj.adatbank.ro\/lexikon\/wp-json\/wp\/v2\/product_tag?post=2165"}],"curies":[{"name":"wp","href":"https:\/\/api.w.org\/{rel}","templated":true}]}}