{"id":21652,"date":"2025-07-22T19:32:39","date_gmt":"2025-07-22T17:32:39","guid":{"rendered":"https:\/\/uj.adatbank.ro\/lexikon\/termek\/szatmary-istvan\/"},"modified":"2025-07-22T19:32:39","modified_gmt":"2025-07-22T17:32:39","slug":"szatmary-istvan","status":"publish","type":"product","link":"https:\/\/uj.adatbank.ro\/lexikon\/termek\/szatmary-istvan\/","title":{"rendered":"SZATM\u00c1RY Istv\u00e1n"},"content":{"rendered":"<p>\u00c1kosfalva, 1910., \u2020?: gazdas\u00e1gi int\u00e9z\u0151. \u2013 A k\u00f6z\u00e9piskol\u00e1t Cs\u00edkszered\u00e1ban v\u00e9gezte, majd a Reg\u00e1tban volt gazdatiszt. A gr. Toldalagi birtok vezet\u0151je (1941\u2013). <br \/><strong>Irod.:<\/strong> Erd\u00e9lyi v\u00e1rmegy\u00e9k.<\/br><\/p>\n","protected":false},"excerpt":{"rendered":"<p>\u00c1kosfalva, 1910., \u2020?: gazdas\u00e1gi int\u00e9z\u0151. \u2013 A k\u00f6z\u00e9piskol\u00e1t Cs\u00edkszered\u00e1ban v\u00e9gezte, majd a Reg\u00e1tban volt gazdatiszt. A gr. Toldalagi birtok vezet\u0151je (1941\u2013). Irod.: Erd\u00e9lyi v\u00e1rmegy\u00e9k.<\/p>\n","protected":false},"featured_media":0,"comment_status":"open","ping_status":"closed","template":"","meta":[],"product_brand":[],"product_cat":[137],"product_tag":[],"class_list":{"0":"post-21652","1":"product","2":"type-product","3":"status-publish","5":"product_cat-maros-megyei-eletrajzi-lexikon","7":"first","8":"instock","9":"shipping-taxable","10":"product-type-simple"},"_links":{"self":[{"href":"https:\/\/uj.adatbank.ro\/lexikon\/wp-json\/wp\/v2\/product\/21652","targetHints":{"allow":["GET"]}}],"collection":[{"href":"https:\/\/uj.adatbank.ro\/lexikon\/wp-json\/wp\/v2\/product"}],"about":[{"href":"https:\/\/uj.adatbank.ro\/lexikon\/wp-json\/wp\/v2\/types\/product"}],"replies":[{"embeddable":true,"href":"https:\/\/uj.adatbank.ro\/lexikon\/wp-json\/wp\/v2\/comments?post=21652"}],"wp:attachment":[{"href":"https:\/\/uj.adatbank.ro\/lexikon\/wp-json\/wp\/v2\/media?parent=21652"}],"wp:term":[{"taxonomy":"product_brand","embeddable":true,"href":"https:\/\/uj.adatbank.ro\/lexikon\/wp-json\/wp\/v2\/product_brand?post=21652"},{"taxonomy":"product_cat","embeddable":true,"href":"https:\/\/uj.adatbank.ro\/lexikon\/wp-json\/wp\/v2\/product_cat?post=21652"},{"taxonomy":"product_tag","embeddable":true,"href":"https:\/\/uj.adatbank.ro\/lexikon\/wp-json\/wp\/v2\/product_tag?post=21652"}],"curies":[{"name":"wp","href":"https:\/\/api.w.org\/{rel}","templated":true}]}}