{"id":21654,"date":"2025-07-22T19:32:43","date_gmt":"2025-07-22T17:32:43","guid":{"rendered":"https:\/\/uj.adatbank.ro\/lexikon\/termek\/szatmary-zoltan-szatmari-zoltan\/"},"modified":"2025-07-22T19:32:43","modified_gmt":"2025-07-22T17:32:43","slug":"szatmary-zoltan-szatmari-zoltan","status":"publish","type":"product","link":"https:\/\/uj.adatbank.ro\/lexikon\/termek\/szatmary-zoltan-szatmari-zoltan\/","title":{"rendered":"SZATM\u00c1RY Zolt\u00e1n, Szatm\u00e1ri Zolt\u00e1n"},"content":{"rendered":"<p>Mv., 1927. szept. 14., \u2020 Mv., 1999. okt. 24.: \u00e9p\u00edt\u00e9sztechnikus. \u2013 Mv.-en dolgozott. 1956-ban szakmai tov\u00e1bbk\u00e9pz\u00e9sen Bp.-en volt. Okt. 23-\u00e1n r\u00e9szt vett a felvonul\u00e1sokon. Levelei fennakadtak a cenz\u00far\u00e1n. Hazaj\u00f6vet Borsn\u00e1l tart\u00f3ztatt\u00e1k le (1957. m\u00e1j. 26.). A kv.-i Katonai B\u00edr\u00f3s\u00e1g 7 \u00e9vi b\u00f6rt\u00f6nre \u00edt\u00e9lte. A mv.-i, szamos\u00fajv\u00e1ri, jilavai b\u00f6rt\u00f6nben, majd a Duna-delta k\u00e9nyszermunkat\u00e1boraiban volt. Szabadul\u00e1sa (1964. m\u00e1j. 26.) ut\u00e1n a mv.-i Electromure\u015fn\u00e9l \u00e9s a g\u00e9pipari \u00e9p\u00edtkez\u00e9si tr\u00f6sztn\u00e9l dolgozott. <br \/><strong>Irod.:<\/strong> 1956 Erd\u00e9lyben; \u00c1ldozatok.<\/br><\/p>\n","protected":false},"excerpt":{"rendered":"<p>Mv., 1927. szept. 14., \u2020 Mv., 1999. okt. 24.: \u00e9p\u00edt\u00e9sztechnikus. \u2013 Mv.-en dolgozott. 1956-ban szakmai tov\u00e1bbk\u00e9pz\u00e9sen Bp.-en volt. Okt. 23-\u00e1n r\u00e9szt vett a felvonul\u00e1sokon. Levelei fennakadtak a cenz\u00far\u00e1n. Hazaj\u00f6vet Borsn\u00e1l tart\u00f3ztatt\u00e1k le (1957. m\u00e1j. 26.). A kv.-i Katonai B\u00edr\u00f3s\u00e1g 7 \u00e9vi b\u00f6rt\u00f6nre \u00edt\u00e9lte. A mv.-i, szamos\u00fajv\u00e1ri, jilavai b\u00f6rt\u00f6nben, majd a Duna-delta k\u00e9nyszermunkat\u00e1boraiban volt. Szabadul\u00e1sa (1964. [&hellip;]<\/p>\n","protected":false},"featured_media":0,"comment_status":"open","ping_status":"closed","template":"","meta":[],"product_brand":[],"product_cat":[137],"product_tag":[],"class_list":{"0":"post-21654","1":"product","2":"type-product","3":"status-publish","5":"product_cat-maros-megyei-eletrajzi-lexikon","7":"first","8":"instock","9":"shipping-taxable","10":"product-type-simple"},"_links":{"self":[{"href":"https:\/\/uj.adatbank.ro\/lexikon\/wp-json\/wp\/v2\/product\/21654","targetHints":{"allow":["GET"]}}],"collection":[{"href":"https:\/\/uj.adatbank.ro\/lexikon\/wp-json\/wp\/v2\/product"}],"about":[{"href":"https:\/\/uj.adatbank.ro\/lexikon\/wp-json\/wp\/v2\/types\/product"}],"replies":[{"embeddable":true,"href":"https:\/\/uj.adatbank.ro\/lexikon\/wp-json\/wp\/v2\/comments?post=21654"}],"wp:attachment":[{"href":"https:\/\/uj.adatbank.ro\/lexikon\/wp-json\/wp\/v2\/media?parent=21654"}],"wp:term":[{"taxonomy":"product_brand","embeddable":true,"href":"https:\/\/uj.adatbank.ro\/lexikon\/wp-json\/wp\/v2\/product_brand?post=21654"},{"taxonomy":"product_cat","embeddable":true,"href":"https:\/\/uj.adatbank.ro\/lexikon\/wp-json\/wp\/v2\/product_cat?post=21654"},{"taxonomy":"product_tag","embeddable":true,"href":"https:\/\/uj.adatbank.ro\/lexikon\/wp-json\/wp\/v2\/product_tag?post=21654"}],"curies":[{"name":"wp","href":"https:\/\/api.w.org\/{rel}","templated":true}]}}