{"id":21655,"date":"2025-07-22T19:32:46","date_gmt":"2025-07-22T17:32:46","guid":{"rendered":"https:\/\/uj.adatbank.ro\/lexikon\/termek\/szatsvai-sandor-szacsvai\/"},"modified":"2025-07-22T19:32:46","modified_gmt":"2025-07-22T17:32:46","slug":"szatsvai-sandor-szacsvai","status":"publish","type":"product","link":"https:\/\/uj.adatbank.ro\/lexikon\/termek\/szatsvai-sandor-szacsvai\/","title":{"rendered":"SZATSVAI S\u00e1ndor; Szacsvai"},"content":{"rendered":"<p>Marosv\u00e9cs, 1752, \u2020 Kv., 1815. m\u00e1j. 15.: szerkeszt\u0151, k\u00f6z\u00edr\u00f3. \u2013 Tanult a nagyenyedi, kv.-i, debreceni (1778) ref. koll.-ban; a b\u00e9csi egy.-en jogot hallgatott (1780\u201384); r\u00f6vid k\u00fclf\u00f6ldi utat tett N\u00e9meto., Franciao-ban. Pozsonyban maradt (1799\u2013), ahol R\u00e1th M\u00e1ty\u00e1s mellett r\u00e9szt vett az akkor megindult els\u0151 m. h\u00edrlap a M. H\u00edrmond\u00f3 szerkeszt\u00e9s\u00e9ben (1780. jan. 1.), majd \u00f6n\u00e1ll\u00f3an szerkesztette (1784. j\u00fal. 3.\u20131786. m\u00e1j.). A lapban a szellemi s\u00f6t\u00e9ts\u00e9g, vall\u00e1si t\u00fcrelmetlens\u00e9g ellen, az iskol\u00e1k gyarap\u00edt\u00e1s\u00e1\u00e9rt, a nemzeti nyelv\u00e9rt, az ipar, a kereskedelem, a tudom\u00e1nyok fejleszt\u00e9s\u00e9\u00e9rt emelte fel szav\u00e1t. B\u00e9csbe ment \u00e9s B\u00e9csi M. Kur\u00edr c\u00edmmel lapot ind\u00edtott (1787\u20131792). A lap az erd\u00e9lyi magyars\u00e1g \u00e9s a haza \u00e9rdekeit szolg\u00e1l\u00f3 politika h\u00edrlapj\u00e1v\u00e1 v\u00e1lt, amely \u00faj korszakot nyitott a magyar \u00fajs\u00e1g\u00edr\u00e1s t\u00f6rt\u00e9net\u00e9ben. Maradand\u00f3t els\u0151sorban a szerkeszt\u00e9s tekintet\u00e9ben alkotott. \u201eCs\u00edp\u0151s \u00e9s kim\u00e9letlen toll\u00e1val\u201d t\u00e1madta nemcsak a vall\u00e1si t\u00fcrelmetlens\u00e9get, hanem az \u201eerd\u00e9lyi nagyurakat\u201d is, \u00e9s ezzel sok ellens\u00e9get szerzett mag\u00e1nak. Sz\u00e9les levelez\u0151i h\u00e1l\u00f3zatot \u00e9p\u00edtett ki. Erd\u00e9lyben legkevesebb 55 helys\u00e9gben volt egy vagy t\u00f6bb levelez\u0151je. (1787\u20131792). H\u0171 kr\u00f3nik\u00e1sa volt a francia forradalomnak (1789), amely eszm\u00e9it csod\u00e1lta. Lapj\u00e1ban sokat tett a nemzeti \u00f6n\u00e9rzet fel\u00e9leszt\u00e9s\u00e9\u00e9rt, kritiz\u00e1l\u00f3 hajlam\u00e1val sok ellens\u00e9get szerzett, ez\u00e9rt cenz\u00farav\u00e9ts\u00e9g \u00fcr\u00fcgy\u00e9n elt\u00e1vol\u00edtott\u00e1k szerk. tiszts\u00e9g\u00e9b\u0151l (1793). Egy ideig m\u00e9g B\u00e9csben mag\u00e1ntan\u00edt\u00f3skodott, majd hazaj\u00f6tt Kv.-ra \u00e9s ott \u00e9lt hal\u00e1l\u00e1ig. Gy\u00fcm\u00f6lcstermeszt\u00e9ssel \u00e9s gy\u00fcm\u00f6lcsfa \u2013 nemes\u00edt\u00e9ssel foglalkozott. A sz\u00e1zadfordul\u00f3n sz\u00e9l\u00fct\u00e9s \u00e9rte, \u00e9s csal\u00e1dj\u00e1t is csak Barcsay \u00c1brah\u00e1m tulajdonos t\u00e1mogat\u00e1s\u00e1val tudta fenntartani. Kv.-on a v\u00e1rosi sz\u00ednh\u00e1zfel\u00fcgyel\u0151 bizotts\u00e1g tagjak\u00e9nt t\u00e1mogatta a k\u00f6zm\u0171vel\u0151d\u00e9s \u00fcgy\u00e9t, k\u00fczd\u00f6tt a magyarnyelv\u0171 sz\u00ednj\u00e1tsz\u00e1s \u00e9s dr\u00e1ma\u00edr\u00e1s meghonos\u00edt\u00e1s\u00e1\u00e9rt. Ezekben az \u00e9vekben \u00edrta meg \u00f6n\u00e9let\u00edr\u00e1s\u00e1t \u201eKolozsv\u00e1ri ABC, vagyis sok j\u00f3 sz\u00e9r\u00fck\u00f6n elhullott szalma \u00e9s t\u00f6red\u00e9k, melyet unalmas \u00f3r\u00e1iban \u00f6sszegerebly\u00e9lt L\u00e9tzfalvi Szacsvai S\u00e1ndor\u201d c\u00edmmel. Kora egyik legjelent\u0151sebb m. politikai \u00fajs\u00e1g\u00edr\u00f3ja. Szatirikus r\u00f6pirataiban \u00e9les vit\u00e1kat folytatott. A M. Kur\u00edr M. Musa c. mell\u00e9klapj\u00e1nak szerk. Kiad. Gy\u00f6ngy\u00f6ssi J\u00e1nos verseit (B\u00e9cs, 1790). Aforizm\u00e1it k\u00f6zli az Irodalomt\u00f6rt\u00e9neti K\u00f6zlem\u00e9nyek (1892). \u2013 <strong><strong>F. m.<\/strong><\/strong>: Az \u201eIz\u00e9\u201d purgat\u00f3riumba val\u00f3 utaz\u00e1sa (H. n., 1786); Zakkari\u00e1snak, a p\u00e1pa titkos \u00edr\u00f3-de\u00e1kj\u00e1nak az austriai tartom\u00e1nyokban lett vall\u00e1sb\u00e9li meg-vil\u00e1gos\u00edt\u00e1s\u00e1r\u00f3l&#8230; (H. n., 1786); Hazafiak t\u00fck\u00f6re, Magyarok! a&#8217;ki j\u00f3l k\u00f6t, j\u00f3l old (Pest-Buda-Kassa, 1790), <strong>szerk.:<\/strong> Gy\u00f6ngy\u00f6si J\u00e1nosnak magyar versei (kiadta, B\u00e9cs, 1790); <strong>ford.:<\/strong> Kis \u00e9s historikus catechismus vagy Luter M\u00e1rtonnak azon k\u00e1t\u00e9chismussa, melly a bibliab\u00e9li hist\u00f3ri\u00e1kat az evangy\u00e9lika hittel \u00e9s erk\u00f6ltsi tudom\u00e1nnyal edgy\u00fctt mag\u00e1ban foglalja. D. Zeiler Gy\u00f6rgy Frigyes \u00e1ltal n\u00e9met nyelven iratott. Magyarra ford\u00edttatott Szatsvai S\u00e1ndor \u00e1ltal. (Posony, 1785.). <br \/><strong>Irod.:<\/strong> Jakab Elek: Sz. S. (Figyel\u0151, 1881); K\u00f3kay Gy\u00f6rgy: A magyar h\u00edrlap- \u00e9s foly\u00f3irat-irodalom kezdetei (1780\u20131795) (Bp., 1970); M\u00e1ln\u00e1si; M\u00c9L; MNL; Pint\u00e9r; RNL; R\u00f3th: Sz\u00fcletett nyelv\u00fcnk\u00f6n; Szab\u00f3 Mikl\u00f3s: Sz. S., az \u00fajs\u00e1g\u00edr\u00e1s \u00fatt\u00f6r\u0151je (V. Z., 1971. dec. 19.); Szab\u00f3 Mikl\u00f3s: Sz. S. (V. Z., 1983. jan. 16.); Szab\u00f3 Mikl\u00f3s; Szinnyei; \u00daM\u00c9L, \u00daMIL.<\/br><\/p>\n","protected":false},"excerpt":{"rendered":"<p>Marosv\u00e9cs, 1752, \u2020 Kv., 1815. m\u00e1j. 15.: szerkeszt\u0151, k\u00f6z\u00edr\u00f3. \u2013 Tanult a nagyenyedi, kv.-i, debreceni (1778) ref. koll.-ban; a b\u00e9csi egy.-en jogot hallgatott (1780\u201384); r\u00f6vid k\u00fclf\u00f6ldi utat tett N\u00e9meto., Franciao-ban. Pozsonyban maradt (1799\u2013), ahol R\u00e1th M\u00e1ty\u00e1s mellett r\u00e9szt vett az akkor megindult els\u0151 m. h\u00edrlap a M. H\u00edrmond\u00f3 szerkeszt\u00e9s\u00e9ben (1780. jan. 1.), majd \u00f6n\u00e1ll\u00f3an szerkesztette [&hellip;]<\/p>\n","protected":false},"featured_media":0,"comment_status":"open","ping_status":"closed","template":"","meta":[],"product_brand":[],"product_cat":[137],"product_tag":[],"class_list":{"0":"post-21655","1":"product","2":"type-product","3":"status-publish","5":"product_cat-maros-megyei-eletrajzi-lexikon","7":"first","8":"instock","9":"shipping-taxable","10":"product-type-simple"},"_links":{"self":[{"href":"https:\/\/uj.adatbank.ro\/lexikon\/wp-json\/wp\/v2\/product\/21655","targetHints":{"allow":["GET"]}}],"collection":[{"href":"https:\/\/uj.adatbank.ro\/lexikon\/wp-json\/wp\/v2\/product"}],"about":[{"href":"https:\/\/uj.adatbank.ro\/lexikon\/wp-json\/wp\/v2\/types\/product"}],"replies":[{"embeddable":true,"href":"https:\/\/uj.adatbank.ro\/lexikon\/wp-json\/wp\/v2\/comments?post=21655"}],"wp:attachment":[{"href":"https:\/\/uj.adatbank.ro\/lexikon\/wp-json\/wp\/v2\/media?parent=21655"}],"wp:term":[{"taxonomy":"product_brand","embeddable":true,"href":"https:\/\/uj.adatbank.ro\/lexikon\/wp-json\/wp\/v2\/product_brand?post=21655"},{"taxonomy":"product_cat","embeddable":true,"href":"https:\/\/uj.adatbank.ro\/lexikon\/wp-json\/wp\/v2\/product_cat?post=21655"},{"taxonomy":"product_tag","embeddable":true,"href":"https:\/\/uj.adatbank.ro\/lexikon\/wp-json\/wp\/v2\/product_tag?post=21655"}],"curies":[{"name":"wp","href":"https:\/\/api.w.org\/{rel}","templated":true}]}}