{"id":21657,"date":"2025-07-22T19:32:49","date_gmt":"2025-07-22T17:32:49","guid":{"rendered":"https:\/\/uj.adatbank.ro\/lexikon\/termek\/szava-goganvaraljai-sardi-csalad\/"},"modified":"2025-07-22T19:32:49","modified_gmt":"2025-07-22T17:32:49","slug":"szava-goganvaraljai-sardi-csalad","status":"publish","type":"product","link":"https:\/\/uj.adatbank.ro\/lexikon\/termek\/szava-goganvaraljai-sardi-csalad\/","title":{"rendered":"SZ\u00c1VA, gog\u00e1nv\u00e1raljai, s\u00e1rdi csal\u00e1d"},"content":{"rendered":"<p>Sz. Istv\u00e1n, mint nagyv\u00e1radi polg\u00e1r kapott c\u00edmeres nemeslevelet (1656. febr. 9.). Fia II. Istv\u00e1n Erd\u00e9lyben telepedett \u00e9s fia II. P\u00e9ter ott az ebesfalvi uradalomban Apaffy Mih\u00e1lynak tiszttart\u00f3ja (provisora) lett, \u00e9s h\u0171 szolg\u00e1latai\u00e9rt ott az uradalomhoz k\u00f6zel Sz\u00e1sz Erny\u00e9ben adom\u00e1nyos birtokot nyert; ut\u00f3bb azonban ezen birtokot Apaffy elcser\u00e9lte, \u00e9s helyette \u2013 mint a csal\u00e1d levelei tan\u00fas\u00edtj\u00e1k \u2013 egy telket tartoz\u00e9kaival Bonyh\u00e1n \u00e9s G\u00f3g\u00e1ny-V\u00e1rally\u00e1n adom\u00e1nyozott II. P\u00e9ternek. Innen kezdte ut\u00f3bb a csal\u00e1d el\u0151nev\u00e9t G\u00f3g\u00e1ny-V\u00e1ralj\u00e1r\u00f3l \u00edrni. Fiai k\u00f6z\u00fcl I. J\u00e1nos K\u00fck\u00fcll\u0151 v\u00e1rmegy\u00e9ben viselt alisp\u00e1ns\u00e1got \u00e9s f\u0151b\u00edr\u00f3s\u00e1got (el\u0151nev\u00e9t V\u00e1radr\u00f3l irta), valamint II. P\u00e9ter, el\u0151bb Sz\u00e1sz-Erny\u00e9n ut\u00f3bb G\u00f3g\u00e1ny-V\u00e1rally\u00e1n \u00e9s Bonyh\u00e1n szerzett adom\u00e1nyos birtokr\u00e9szt, hites t\u00e1rs\u00e1t\u00f3l Pepele M\u00e1ri\u00e1t\u00f3l sz\u00fcletett gyermekei osztoztak G\u00f3g\u00e1nyban, G. V\u00e1rally\u00e1n, Dany\u00e1nban \u00e9s Dom\u00e1ldon (1703); I. S\u00e1ndor (veres cs\u00e1k\u00f3s) kapit\u00e1ny. N\u0151\u00fcl vette Cserei Mih\u00e1lynak a t\u00f6rt\u00e9net\u00edr\u00f3nak le\u00e1ny\u00e1t Kl\u00e1r\u00e1t, ett\u0151l lett fia II. S\u00e1ndor szint\u00e9n kapit\u00e1ny, ki 1769-ben Kv.-on nyomatott egy. kath. imak\u00f6nyvet, mid\u0151n fi\u00e1t K\u00e1rolyt a romai kath. vall\u00e1sba iktattatta. Ezen K\u00e1rolyban ez \u00e1g kihalt. Ezek G\u00f3g\u00e1n-V\u00e1rally\u00e1r\u00f3l irt\u00e1k el\u0151nev\u00f6ket. Mih\u00e1lynak Abaffy Erzs\u00e9bett\u0151l ut\u00f3dai 1752-ben osztoztak Mez\u0151-Szengyelben, Szak\u00e1lban \u00e9s Kem\u00e9nytelk\u00e9n anyai javakban. Tov\u00e1bb\u00e1, hogy I. \u00c1d\u00e1m \u00e1gazata kapott az eml\u00edtetteken k\u00edv\u00fcl m\u00e9g adom\u00e1nyos j\u00f3sz\u00e1got H\u00e9tk\u00faton, N\u00e1dason, Dom\u00e1ldon, G\u00f3g\u00e1nyban \u00e9s D\u00e1ny\u00e1nban. A csal\u00e1d \u00e9lt v\u00e1radi, majd sz\u00e1szernyei, s\u00e1rdi, g\u00f3g\u00e1nyv\u00e1rallyai, s\u0151t szengyeli el\u0151n\u00e9vvel is. <br \/><strong>Irod.:<\/strong> Nagy Iv\u00e1n; P\u00e1lmay.<\/br><\/p>\n","protected":false},"excerpt":{"rendered":"<p>Sz. Istv\u00e1n, mint nagyv\u00e1radi polg\u00e1r kapott c\u00edmeres nemeslevelet (1656. febr. 9.). Fia II. Istv\u00e1n Erd\u00e9lyben telepedett \u00e9s fia II. P\u00e9ter ott az ebesfalvi uradalomban Apaffy Mih\u00e1lynak tiszttart\u00f3ja (provisora) lett, \u00e9s h\u0171 szolg\u00e1latai\u00e9rt ott az uradalomhoz k\u00f6zel Sz\u00e1sz Erny\u00e9ben adom\u00e1nyos birtokot nyert; ut\u00f3bb azonban ezen birtokot Apaffy elcser\u00e9lte, \u00e9s helyette \u2013 mint a csal\u00e1d levelei tan\u00fas\u00edtj\u00e1k [&hellip;]<\/p>\n","protected":false},"featured_media":0,"comment_status":"open","ping_status":"closed","template":"","meta":[],"product_brand":[],"product_cat":[137],"product_tag":[],"class_list":{"0":"post-21657","1":"product","2":"type-product","3":"status-publish","5":"product_cat-maros-megyei-eletrajzi-lexikon","7":"first","8":"instock","9":"shipping-taxable","10":"product-type-simple"},"_links":{"self":[{"href":"https:\/\/uj.adatbank.ro\/lexikon\/wp-json\/wp\/v2\/product\/21657","targetHints":{"allow":["GET"]}}],"collection":[{"href":"https:\/\/uj.adatbank.ro\/lexikon\/wp-json\/wp\/v2\/product"}],"about":[{"href":"https:\/\/uj.adatbank.ro\/lexikon\/wp-json\/wp\/v2\/types\/product"}],"replies":[{"embeddable":true,"href":"https:\/\/uj.adatbank.ro\/lexikon\/wp-json\/wp\/v2\/comments?post=21657"}],"wp:attachment":[{"href":"https:\/\/uj.adatbank.ro\/lexikon\/wp-json\/wp\/v2\/media?parent=21657"}],"wp:term":[{"taxonomy":"product_brand","embeddable":true,"href":"https:\/\/uj.adatbank.ro\/lexikon\/wp-json\/wp\/v2\/product_brand?post=21657"},{"taxonomy":"product_cat","embeddable":true,"href":"https:\/\/uj.adatbank.ro\/lexikon\/wp-json\/wp\/v2\/product_cat?post=21657"},{"taxonomy":"product_tag","embeddable":true,"href":"https:\/\/uj.adatbank.ro\/lexikon\/wp-json\/wp\/v2\/product_tag?post=21657"}],"curies":[{"name":"wp","href":"https:\/\/api.w.org\/{rel}","templated":true}]}}