{"id":21658,"date":"2025-07-22T19:32:51","date_gmt":"2025-07-22T17:32:51","guid":{"rendered":"https:\/\/uj.adatbank.ro\/lexikon\/termek\/szava-antal\/"},"modified":"2025-07-22T19:32:51","modified_gmt":"2025-07-22T17:32:51","slug":"szava-antal","status":"publish","type":"product","link":"https:\/\/uj.adatbank.ro\/lexikon\/termek\/szava-antal\/","title":{"rendered":"SZ\u00c1VA Antal"},"content":{"rendered":"<p>Cs\u00edksz\u00e9pv\u00edz, 1845. \u00e1pr. 13., \u2020 \u20131899. aug. 31.: r. k. pap. \u2013 Papp\u00e1 szentelt\u00e9k (1874. aug. 7. v. 1870?). K\u00e1pl\u00e1n Gyergy\u00f3szentmikl\u00f3son, Sz\u00e9kelyudvarhelyen, Kv.-on, Cs\u00edkr\u00e1koson. Lelkip\u00e1sztor Sz\u0151kefalv\u00e1n (1878\u201380), \u00c1kosfalv\u00e1n (1881\u201394). <br \/><strong>Irod.:<\/strong> Ferenczi S\u00e1ndor 2009.<\/br><\/p>\n","protected":false},"excerpt":{"rendered":"<p>Cs\u00edksz\u00e9pv\u00edz, 1845. \u00e1pr. 13., \u2020 \u20131899. aug. 31.: r. k. pap. \u2013 Papp\u00e1 szentelt\u00e9k (1874. aug. 7. v. 1870?). K\u00e1pl\u00e1n Gyergy\u00f3szentmikl\u00f3son, Sz\u00e9kelyudvarhelyen, Kv.-on, Cs\u00edkr\u00e1koson. Lelkip\u00e1sztor Sz\u0151kefalv\u00e1n (1878\u201380), \u00c1kosfalv\u00e1n (1881\u201394). Irod.: Ferenczi S\u00e1ndor 2009.<\/p>\n","protected":false},"featured_media":0,"comment_status":"open","ping_status":"closed","template":"","meta":[],"product_brand":[],"product_cat":[137],"product_tag":[],"class_list":{"0":"post-21658","1":"product","2":"type-product","3":"status-publish","5":"product_cat-maros-megyei-eletrajzi-lexikon","7":"first","8":"instock","9":"shipping-taxable","10":"product-type-simple"},"_links":{"self":[{"href":"https:\/\/uj.adatbank.ro\/lexikon\/wp-json\/wp\/v2\/product\/21658","targetHints":{"allow":["GET"]}}],"collection":[{"href":"https:\/\/uj.adatbank.ro\/lexikon\/wp-json\/wp\/v2\/product"}],"about":[{"href":"https:\/\/uj.adatbank.ro\/lexikon\/wp-json\/wp\/v2\/types\/product"}],"replies":[{"embeddable":true,"href":"https:\/\/uj.adatbank.ro\/lexikon\/wp-json\/wp\/v2\/comments?post=21658"}],"wp:attachment":[{"href":"https:\/\/uj.adatbank.ro\/lexikon\/wp-json\/wp\/v2\/media?parent=21658"}],"wp:term":[{"taxonomy":"product_brand","embeddable":true,"href":"https:\/\/uj.adatbank.ro\/lexikon\/wp-json\/wp\/v2\/product_brand?post=21658"},{"taxonomy":"product_cat","embeddable":true,"href":"https:\/\/uj.adatbank.ro\/lexikon\/wp-json\/wp\/v2\/product_cat?post=21658"},{"taxonomy":"product_tag","embeddable":true,"href":"https:\/\/uj.adatbank.ro\/lexikon\/wp-json\/wp\/v2\/product_tag?post=21658"}],"curies":[{"name":"wp","href":"https:\/\/api.w.org\/{rel}","templated":true}]}}