{"id":21669,"date":"2025-07-22T19:33:15","date_gmt":"2025-07-22T17:33:15","guid":{"rendered":"https:\/\/uj.adatbank.ro\/lexikon\/termek\/szava-karoly\/"},"modified":"2025-07-22T19:33:15","modified_gmt":"2025-07-22T17:33:15","slug":"szava-karoly","status":"publish","type":"product","link":"https:\/\/uj.adatbank.ro\/lexikon\/termek\/szava-karoly\/","title":{"rendered":"SZ\u00c1VA K\u00e1roly"},"content":{"rendered":"<p>Mez\u0151k\u00f6lp\u00e9ny, 1885., \u2020?: Besorozt\u00e1k (1906). A m. kir. mv.-i 9. honv\u00e9d husz\u00e1rezred szakaszvezet\u0151je (1906). <br \/><strong>Irod.:<\/strong> Koszta.<\/br><\/p>\n","protected":false},"excerpt":{"rendered":"<p>Mez\u0151k\u00f6lp\u00e9ny, 1885., \u2020?: Besorozt\u00e1k (1906). A m. kir. mv.-i 9. honv\u00e9d husz\u00e1rezred szakaszvezet\u0151je (1906). Irod.: Koszta.<\/p>\n","protected":false},"featured_media":0,"comment_status":"open","ping_status":"closed","template":"","meta":[],"product_brand":[],"product_cat":[137],"product_tag":[],"class_list":{"0":"post-21669","1":"product","2":"type-product","3":"status-publish","5":"product_cat-maros-megyei-eletrajzi-lexikon","7":"first","8":"instock","9":"shipping-taxable","10":"product-type-simple"},"_links":{"self":[{"href":"https:\/\/uj.adatbank.ro\/lexikon\/wp-json\/wp\/v2\/product\/21669","targetHints":{"allow":["GET"]}}],"collection":[{"href":"https:\/\/uj.adatbank.ro\/lexikon\/wp-json\/wp\/v2\/product"}],"about":[{"href":"https:\/\/uj.adatbank.ro\/lexikon\/wp-json\/wp\/v2\/types\/product"}],"replies":[{"embeddable":true,"href":"https:\/\/uj.adatbank.ro\/lexikon\/wp-json\/wp\/v2\/comments?post=21669"}],"wp:attachment":[{"href":"https:\/\/uj.adatbank.ro\/lexikon\/wp-json\/wp\/v2\/media?parent=21669"}],"wp:term":[{"taxonomy":"product_brand","embeddable":true,"href":"https:\/\/uj.adatbank.ro\/lexikon\/wp-json\/wp\/v2\/product_brand?post=21669"},{"taxonomy":"product_cat","embeddable":true,"href":"https:\/\/uj.adatbank.ro\/lexikon\/wp-json\/wp\/v2\/product_cat?post=21669"},{"taxonomy":"product_tag","embeddable":true,"href":"https:\/\/uj.adatbank.ro\/lexikon\/wp-json\/wp\/v2\/product_tag?post=21669"}],"curies":[{"name":"wp","href":"https:\/\/api.w.org\/{rel}","templated":true}]}}