{"id":21670,"date":"2025-07-22T19:33:18","date_gmt":"2025-07-22T17:33:18","guid":{"rendered":"https:\/\/uj.adatbank.ro\/lexikon\/termek\/szava-mihaly-goganvaraljai\/"},"modified":"2025-07-22T19:33:18","modified_gmt":"2025-07-22T17:33:18","slug":"szava-mihaly-goganvaraljai","status":"publish","type":"product","link":"https:\/\/uj.adatbank.ro\/lexikon\/termek\/szava-mihaly-goganvaraljai\/","title":{"rendered":"SZ\u00c1VA Mih\u00e1ly, gog\u00e1nv\u00e1raljai"},"content":{"rendered":"<p>? \u2020?: portai posta. \u2013 T\u00f6bbsz\u00f6r volt portai posta (1642\u201362). II. R\u00e1k\u00f3czi Gy\u00f6rgy elfogatta \u00e9s K\u0151v\u00e1r v\u00e1r\u00e1ba z\u00e1ratta (1660 ut\u00e1n szabadult). Abaffy Erzs\u00e9bett\u0151l ut\u00f3dai osztoztak Mez\u0151-Szengyelben, Szak\u00e1lban \u00e9s Kem\u00e9nytelk\u00e9n az anyai javakban (1752). <br \/><strong>Irod.:<\/strong> Kraus: Erd\u00e9lyi kr\u00f3nika; Nagy Iv\u00e1n; P\u00e1lmay.<\/br><\/p>\n","protected":false},"excerpt":{"rendered":"<p>? \u2020?: portai posta. \u2013 T\u00f6bbsz\u00f6r volt portai posta (1642\u201362). II. R\u00e1k\u00f3czi Gy\u00f6rgy elfogatta \u00e9s K\u0151v\u00e1r v\u00e1r\u00e1ba z\u00e1ratta (1660 ut\u00e1n szabadult). Abaffy Erzs\u00e9bett\u0151l ut\u00f3dai osztoztak Mez\u0151-Szengyelben, Szak\u00e1lban \u00e9s Kem\u00e9nytelk\u00e9n az anyai javakban (1752). Irod.: Kraus: Erd\u00e9lyi kr\u00f3nika; Nagy Iv\u00e1n; P\u00e1lmay.<\/p>\n","protected":false},"featured_media":0,"comment_status":"open","ping_status":"closed","template":"","meta":[],"product_brand":[],"product_cat":[137],"product_tag":[],"class_list":{"0":"post-21670","1":"product","2":"type-product","3":"status-publish","5":"product_cat-maros-megyei-eletrajzi-lexikon","7":"first","8":"instock","9":"shipping-taxable","10":"product-type-simple"},"_links":{"self":[{"href":"https:\/\/uj.adatbank.ro\/lexikon\/wp-json\/wp\/v2\/product\/21670","targetHints":{"allow":["GET"]}}],"collection":[{"href":"https:\/\/uj.adatbank.ro\/lexikon\/wp-json\/wp\/v2\/product"}],"about":[{"href":"https:\/\/uj.adatbank.ro\/lexikon\/wp-json\/wp\/v2\/types\/product"}],"replies":[{"embeddable":true,"href":"https:\/\/uj.adatbank.ro\/lexikon\/wp-json\/wp\/v2\/comments?post=21670"}],"wp:attachment":[{"href":"https:\/\/uj.adatbank.ro\/lexikon\/wp-json\/wp\/v2\/media?parent=21670"}],"wp:term":[{"taxonomy":"product_brand","embeddable":true,"href":"https:\/\/uj.adatbank.ro\/lexikon\/wp-json\/wp\/v2\/product_brand?post=21670"},{"taxonomy":"product_cat","embeddable":true,"href":"https:\/\/uj.adatbank.ro\/lexikon\/wp-json\/wp\/v2\/product_cat?post=21670"},{"taxonomy":"product_tag","embeddable":true,"href":"https:\/\/uj.adatbank.ro\/lexikon\/wp-json\/wp\/v2\/product_tag?post=21670"}],"curies":[{"name":"wp","href":"https:\/\/api.w.org\/{rel}","templated":true}]}}