{"id":21671,"date":"2025-07-22T19:33:21","date_gmt":"2025-07-22T17:33:21","guid":{"rendered":"https:\/\/uj.adatbank.ro\/lexikon\/termek\/szava-sandor-goganvaralyai\/"},"modified":"2025-07-22T19:33:21","modified_gmt":"2025-07-22T17:33:21","slug":"szava-sandor-goganvaralyai","status":"publish","type":"product","link":"https:\/\/uj.adatbank.ro\/lexikon\/termek\/szava-sandor-goganvaralyai\/","title":{"rendered":"SZ\u00c1VA S\u00e1ndor, gog\u00e1nv\u00e1ralyai"},"content":{"rendered":"<p>1794? \u2020 Mv., 1866. jan. 19.: f\u00f6ldbirtokos. \u2013 Feles\u00e9ge: 1.? fi\u00fak: Sz. S\u00e1ndor; 2. nagyszalontai gr. Tholdi J\u00f3z\u00e9fa (1820? \u2013 Mv., 1882. j\u00fal. 22.). Gyermekeik: Katalin, P\u00e9terfi Gyul\u00e1n\u00e9; Sz. P\u00e9ter. \u2013 P\u00e9nz\u00fcgy\u0151rs\u00e9gi igazgat\u00f3. Mez\u0151dombon a falu fel\u00e9t birtokolta. A fell\u00e1zadt parasztok fellelt\u00e1rozt\u00e1k \u00e9s sz\u00e9tosztott\u00e1k javait (1848. nov. 27.). <br \/><strong>Irod.:<\/strong> Gy\u00e1szjelent\u0151; S\u00e2npetru de C\u00e2mpie.<\/br><\/p>\n","protected":false},"excerpt":{"rendered":"<p>1794? \u2020 Mv., 1866. jan. 19.: f\u00f6ldbirtokos. \u2013 Feles\u00e9ge: 1.? fi\u00fak: Sz. S\u00e1ndor; 2. nagyszalontai gr. Tholdi J\u00f3z\u00e9fa (1820? \u2013 Mv., 1882. j\u00fal. 22.). Gyermekeik: Katalin, P\u00e9terfi Gyul\u00e1n\u00e9; Sz. P\u00e9ter. \u2013 P\u00e9nz\u00fcgy\u0151rs\u00e9gi igazgat\u00f3. Mez\u0151dombon a falu fel\u00e9t birtokolta. A fell\u00e1zadt parasztok fellelt\u00e1rozt\u00e1k \u00e9s sz\u00e9tosztott\u00e1k javait (1848. nov. 27.). Irod.: Gy\u00e1szjelent\u0151; S\u00e2npetru de C\u00e2mpie.<\/p>\n","protected":false},"featured_media":0,"comment_status":"open","ping_status":"closed","template":"","meta":[],"product_brand":[],"product_cat":[137],"product_tag":[],"class_list":{"0":"post-21671","1":"product","2":"type-product","3":"status-publish","5":"product_cat-maros-megyei-eletrajzi-lexikon","7":"first","8":"instock","9":"shipping-taxable","10":"product-type-simple"},"_links":{"self":[{"href":"https:\/\/uj.adatbank.ro\/lexikon\/wp-json\/wp\/v2\/product\/21671","targetHints":{"allow":["GET"]}}],"collection":[{"href":"https:\/\/uj.adatbank.ro\/lexikon\/wp-json\/wp\/v2\/product"}],"about":[{"href":"https:\/\/uj.adatbank.ro\/lexikon\/wp-json\/wp\/v2\/types\/product"}],"replies":[{"embeddable":true,"href":"https:\/\/uj.adatbank.ro\/lexikon\/wp-json\/wp\/v2\/comments?post=21671"}],"wp:attachment":[{"href":"https:\/\/uj.adatbank.ro\/lexikon\/wp-json\/wp\/v2\/media?parent=21671"}],"wp:term":[{"taxonomy":"product_brand","embeddable":true,"href":"https:\/\/uj.adatbank.ro\/lexikon\/wp-json\/wp\/v2\/product_brand?post=21671"},{"taxonomy":"product_cat","embeddable":true,"href":"https:\/\/uj.adatbank.ro\/lexikon\/wp-json\/wp\/v2\/product_cat?post=21671"},{"taxonomy":"product_tag","embeddable":true,"href":"https:\/\/uj.adatbank.ro\/lexikon\/wp-json\/wp\/v2\/product_tag?post=21671"}],"curies":[{"name":"wp","href":"https:\/\/api.w.org\/{rel}","templated":true}]}}