{"id":21675,"date":"2025-07-22T19:33:29","date_gmt":"2025-07-22T17:33:29","guid":{"rendered":"https:\/\/uj.adatbank.ro\/lexikon\/termek\/szebenyei-erno\/"},"modified":"2025-07-22T19:33:29","modified_gmt":"2025-07-22T17:33:29","slug":"szebenyei-erno","status":"publish","type":"product","link":"https:\/\/uj.adatbank.ro\/lexikon\/termek\/szebenyei-erno\/","title":{"rendered":"SZEBENYEI Ern\u0151"},"content":{"rendered":"<p>? \u2020?: lapszerkeszt\u0151. \u2013 MT\u00e1rstud. Egyes\u00fclet alap\u00edt\u00f3 tagja (1907). Mv.-en felel\u0151s szerk. az Eleven \u00dajs\u00e1g-nak (1906), a Sz\u00e9kely Lapok (1897\u20131910) munkat\u00e1rsa. <br \/><strong>Irod.:<\/strong> MT\u00e1rstud. Egyes\u00fclet; Popt\u0103ma\u015f\u2013M\u00f3zes.<\/br><\/p>\n","protected":false},"excerpt":{"rendered":"<p>? \u2020?: lapszerkeszt\u0151. \u2013 MT\u00e1rstud. Egyes\u00fclet alap\u00edt\u00f3 tagja (1907). Mv.-en felel\u0151s szerk. az Eleven \u00dajs\u00e1g-nak (1906), a Sz\u00e9kely Lapok (1897\u20131910) munkat\u00e1rsa. Irod.: MT\u00e1rstud. Egyes\u00fclet; Popt\u0103ma\u015f\u2013M\u00f3zes.<\/p>\n","protected":false},"featured_media":0,"comment_status":"open","ping_status":"closed","template":"","meta":[],"product_brand":[],"product_cat":[137],"product_tag":[],"class_list":{"0":"post-21675","1":"product","2":"type-product","3":"status-publish","5":"product_cat-maros-megyei-eletrajzi-lexikon","7":"first","8":"instock","9":"shipping-taxable","10":"product-type-simple"},"_links":{"self":[{"href":"https:\/\/uj.adatbank.ro\/lexikon\/wp-json\/wp\/v2\/product\/21675","targetHints":{"allow":["GET"]}}],"collection":[{"href":"https:\/\/uj.adatbank.ro\/lexikon\/wp-json\/wp\/v2\/product"}],"about":[{"href":"https:\/\/uj.adatbank.ro\/lexikon\/wp-json\/wp\/v2\/types\/product"}],"replies":[{"embeddable":true,"href":"https:\/\/uj.adatbank.ro\/lexikon\/wp-json\/wp\/v2\/comments?post=21675"}],"wp:attachment":[{"href":"https:\/\/uj.adatbank.ro\/lexikon\/wp-json\/wp\/v2\/media?parent=21675"}],"wp:term":[{"taxonomy":"product_brand","embeddable":true,"href":"https:\/\/uj.adatbank.ro\/lexikon\/wp-json\/wp\/v2\/product_brand?post=21675"},{"taxonomy":"product_cat","embeddable":true,"href":"https:\/\/uj.adatbank.ro\/lexikon\/wp-json\/wp\/v2\/product_cat?post=21675"},{"taxonomy":"product_tag","embeddable":true,"href":"https:\/\/uj.adatbank.ro\/lexikon\/wp-json\/wp\/v2\/product_tag?post=21675"}],"curies":[{"name":"wp","href":"https:\/\/api.w.org\/{rel}","templated":true}]}}