{"id":21677,"date":"2025-07-22T19:33:32","date_gmt":"2025-07-22T17:33:32","guid":{"rendered":"https:\/\/uj.adatbank.ro\/lexikon\/termek\/szechenyi-frank\/"},"modified":"2025-07-22T19:33:32","modified_gmt":"2025-07-22T17:33:32","slug":"szechenyi-frank","status":"publish","type":"product","link":"https:\/\/uj.adatbank.ro\/lexikon\/termek\/szechenyi-frank\/","title":{"rendered":"SZ\u00c9CHENYI Frank"},"content":{"rendered":"<p>1393 \u2020 1395: erd\u00e9lyi vajda. \u2013 Gernyeszeg, Lib\u00e1ncs \u00e9s Ebes helys\u00e9gekkel egy\u00fctt elcser\u00e9lte S\u00e1romberk\u00e9t a Doboka v\u00e1rmegyei Harina, Bilak \u00e9s Nec falvakkal, amelyek Zsigmond kir\u00e1ly\u00e9 voltak. <br \/><strong>Irod.:<\/strong> Berekm\u00e9ri.<\/br><\/p>\n","protected":false},"excerpt":{"rendered":"<p>1393 \u2020 1395: erd\u00e9lyi vajda. \u2013 Gernyeszeg, Lib\u00e1ncs \u00e9s Ebes helys\u00e9gekkel egy\u00fctt elcser\u00e9lte S\u00e1romberk\u00e9t a Doboka v\u00e1rmegyei Harina, Bilak \u00e9s Nec falvakkal, amelyek Zsigmond kir\u00e1ly\u00e9 voltak. Irod.: Berekm\u00e9ri.<\/p>\n","protected":false},"featured_media":0,"comment_status":"open","ping_status":"closed","template":"","meta":[],"product_brand":[],"product_cat":[137],"product_tag":[],"class_list":{"0":"post-21677","1":"product","2":"type-product","3":"status-publish","5":"product_cat-maros-megyei-eletrajzi-lexikon","7":"first","8":"instock","9":"shipping-taxable","10":"product-type-simple"},"_links":{"self":[{"href":"https:\/\/uj.adatbank.ro\/lexikon\/wp-json\/wp\/v2\/product\/21677","targetHints":{"allow":["GET"]}}],"collection":[{"href":"https:\/\/uj.adatbank.ro\/lexikon\/wp-json\/wp\/v2\/product"}],"about":[{"href":"https:\/\/uj.adatbank.ro\/lexikon\/wp-json\/wp\/v2\/types\/product"}],"replies":[{"embeddable":true,"href":"https:\/\/uj.adatbank.ro\/lexikon\/wp-json\/wp\/v2\/comments?post=21677"}],"wp:attachment":[{"href":"https:\/\/uj.adatbank.ro\/lexikon\/wp-json\/wp\/v2\/media?parent=21677"}],"wp:term":[{"taxonomy":"product_brand","embeddable":true,"href":"https:\/\/uj.adatbank.ro\/lexikon\/wp-json\/wp\/v2\/product_brand?post=21677"},{"taxonomy":"product_cat","embeddable":true,"href":"https:\/\/uj.adatbank.ro\/lexikon\/wp-json\/wp\/v2\/product_cat?post=21677"},{"taxonomy":"product_tag","embeddable":true,"href":"https:\/\/uj.adatbank.ro\/lexikon\/wp-json\/wp\/v2\/product_tag?post=21677"}],"curies":[{"name":"wp","href":"https:\/\/api.w.org\/{rel}","templated":true}]}}