{"id":21686,"date":"2025-07-22T19:33:52","date_gmt":"2025-07-22T17:33:52","guid":{"rendered":"https:\/\/uj.adatbank.ro\/lexikon\/termek\/szedlacsek-geza\/"},"modified":"2025-07-22T19:33:52","modified_gmt":"2025-07-22T17:33:52","slug":"szedlacsek-geza","status":"publish","type":"product","link":"https:\/\/uj.adatbank.ro\/lexikon\/termek\/szedlacsek-geza\/","title":{"rendered":"SZEDL\u00c1CSEK G\u00e9za"},"content":{"rendered":"<p>? \u2020\u00a0Mv., 1996. febr. 20.: alezredes. \u2013 A mv.-i Nyugd\u00edjasok \u00d6nseg\u00e9lyz\u0151 Oszt\u00e1ly\u00e1nak (CARP) volt titk\u00e1ra \u00e9s eln\u00f6ke. <br \/><strong>Irod.:<\/strong> [Nekrol\u00f3g] (N\u00fa., 1996. febr. 20.).<\/br><\/p>\n","protected":false},"excerpt":{"rendered":"<p>? \u2020\u00a0Mv., 1996. febr. 20.: alezredes. \u2013 A mv.-i Nyugd\u00edjasok \u00d6nseg\u00e9lyz\u0151 Oszt\u00e1ly\u00e1nak (CARP) volt titk\u00e1ra \u00e9s eln\u00f6ke. Irod.: [Nekrol\u00f3g] (N\u00fa., 1996. febr. 20.).<\/p>\n","protected":false},"featured_media":0,"comment_status":"open","ping_status":"closed","template":"","meta":[],"product_brand":[],"product_cat":[137],"product_tag":[],"class_list":{"0":"post-21686","1":"product","2":"type-product","3":"status-publish","5":"product_cat-maros-megyei-eletrajzi-lexikon","7":"first","8":"instock","9":"shipping-taxable","10":"product-type-simple"},"_links":{"self":[{"href":"https:\/\/uj.adatbank.ro\/lexikon\/wp-json\/wp\/v2\/product\/21686","targetHints":{"allow":["GET"]}}],"collection":[{"href":"https:\/\/uj.adatbank.ro\/lexikon\/wp-json\/wp\/v2\/product"}],"about":[{"href":"https:\/\/uj.adatbank.ro\/lexikon\/wp-json\/wp\/v2\/types\/product"}],"replies":[{"embeddable":true,"href":"https:\/\/uj.adatbank.ro\/lexikon\/wp-json\/wp\/v2\/comments?post=21686"}],"wp:attachment":[{"href":"https:\/\/uj.adatbank.ro\/lexikon\/wp-json\/wp\/v2\/media?parent=21686"}],"wp:term":[{"taxonomy":"product_brand","embeddable":true,"href":"https:\/\/uj.adatbank.ro\/lexikon\/wp-json\/wp\/v2\/product_brand?post=21686"},{"taxonomy":"product_cat","embeddable":true,"href":"https:\/\/uj.adatbank.ro\/lexikon\/wp-json\/wp\/v2\/product_cat?post=21686"},{"taxonomy":"product_tag","embeddable":true,"href":"https:\/\/uj.adatbank.ro\/lexikon\/wp-json\/wp\/v2\/product_tag?post=21686"}],"curies":[{"name":"wp","href":"https:\/\/api.w.org\/{rel}","templated":true}]}}