{"id":21687,"date":"2025-07-22T19:33:54","date_gmt":"2025-07-22T17:33:54","guid":{"rendered":"https:\/\/uj.adatbank.ro\/lexikon\/termek\/szefeddin-szefket-tibor-bey-sefket\/"},"modified":"2025-07-22T19:33:54","modified_gmt":"2025-07-22T17:33:54","slug":"szefeddin-szefket-tibor-bey-sefket","status":"publish","type":"product","link":"https:\/\/uj.adatbank.ro\/lexikon\/termek\/szefeddin-szefket-tibor-bey-sefket\/","title":{"rendered":"SZ\u00c9FEDDIN Szefket Tibor, bey, Sefket"},"content":{"rendered":"<p>Kv.,\u00a01913. j\u00fan. 6., \u2020\u00a0Bejr\u00fat, 1967. nov. 22. : \u00edr\u00f3, k\u00f6lt\u0151, \u00fajs\u00e1g\u00edr\u00f3, m., egyiptomi, t\u00f6r\u00f6k, libanoni, sz\u00edriai, indiai filmrendez\u0151, sz\u00edn\u00e9sz, forgat\u00f3k\u00f6nyv\u00edr\u00f3. Apja t\u00f6r\u00f6k diplomata, anyja a sz\u00e9kely Incze csal\u00e1db\u00f3l sz\u00e1rmazott. Sz\u00e9feddin Sefket Filmklub l\u00e9tes\u00fclt Kv.-on (2010. febr. 25.). \u2013 <strong>F. f.:<\/strong> Kalotaszegi madonna (1943). \u2013 <strong>F. m.<\/strong>: F\u00e9lholdt\u00f3l a kopjaf\u00e1ig: Versek (Arad, 1934); Marosv\u00e1s\u00e1rhely k\u00e9t arca (Erd\u00e9ly\u00fcnk \u00e9s honv\u00e9ds\u00e9g\u00fcnk, Bp., 1941.); antol\u00f3g: Mv. \u00e9s V\u00e1rtemploma (Mv., 1990). <br \/><strong>Irod.:<\/strong> F\u00fcl\u00f6p \u2013 Ferencz; Halasy; Hol-mi [h\u00edrek] (Helikon, 2010. m\u00e1rc. 10., 5. sz.); Herczeg Ferenct\u0151l Szefeddin Sefket Beyig = Kakabffy Elem\u00e9r: Kisebbs\u00e9gi sorsk\u00e9rd\u00e9sek (Kv., 2005.).<\/br><\/p>\n","protected":false},"excerpt":{"rendered":"<p>Kv.,\u00a01913. j\u00fan. 6., \u2020\u00a0Bejr\u00fat, 1967. nov. 22. : \u00edr\u00f3, k\u00f6lt\u0151, \u00fajs\u00e1g\u00edr\u00f3, m., egyiptomi, t\u00f6r\u00f6k, libanoni, sz\u00edriai, indiai filmrendez\u0151, sz\u00edn\u00e9sz, forgat\u00f3k\u00f6nyv\u00edr\u00f3. Apja t\u00f6r\u00f6k diplomata, anyja a sz\u00e9kely Incze csal\u00e1db\u00f3l sz\u00e1rmazott. Sz\u00e9feddin Sefket Filmklub l\u00e9tes\u00fclt Kv.-on (2010. febr. 25.). \u2013 F. f.: Kalotaszegi madonna (1943). \u2013 F. m.: F\u00e9lholdt\u00f3l a kopjaf\u00e1ig: Versek (Arad, 1934); Marosv\u00e1s\u00e1rhely k\u00e9t arca [&hellip;]<\/p>\n","protected":false},"featured_media":0,"comment_status":"open","ping_status":"closed","template":"","meta":[],"product_brand":[],"product_cat":[137],"product_tag":[],"class_list":{"0":"post-21687","1":"product","2":"type-product","3":"status-publish","5":"product_cat-maros-megyei-eletrajzi-lexikon","7":"first","8":"instock","9":"shipping-taxable","10":"product-type-simple"},"_links":{"self":[{"href":"https:\/\/uj.adatbank.ro\/lexikon\/wp-json\/wp\/v2\/product\/21687","targetHints":{"allow":["GET"]}}],"collection":[{"href":"https:\/\/uj.adatbank.ro\/lexikon\/wp-json\/wp\/v2\/product"}],"about":[{"href":"https:\/\/uj.adatbank.ro\/lexikon\/wp-json\/wp\/v2\/types\/product"}],"replies":[{"embeddable":true,"href":"https:\/\/uj.adatbank.ro\/lexikon\/wp-json\/wp\/v2\/comments?post=21687"}],"wp:attachment":[{"href":"https:\/\/uj.adatbank.ro\/lexikon\/wp-json\/wp\/v2\/media?parent=21687"}],"wp:term":[{"taxonomy":"product_brand","embeddable":true,"href":"https:\/\/uj.adatbank.ro\/lexikon\/wp-json\/wp\/v2\/product_brand?post=21687"},{"taxonomy":"product_cat","embeddable":true,"href":"https:\/\/uj.adatbank.ro\/lexikon\/wp-json\/wp\/v2\/product_cat?post=21687"},{"taxonomy":"product_tag","embeddable":true,"href":"https:\/\/uj.adatbank.ro\/lexikon\/wp-json\/wp\/v2\/product_tag?post=21687"}],"curies":[{"name":"wp","href":"https:\/\/api.w.org\/{rel}","templated":true}]}}