{"id":21691,"date":"2025-07-22T19:34:05","date_gmt":"2025-07-22T17:34:05","guid":{"rendered":"https:\/\/uj.adatbank.ro\/lexikon\/termek\/szegedi-erich\/"},"modified":"2025-07-22T19:34:05","modified_gmt":"2025-07-22T17:34:05","slug":"szegedi-erich","status":"publish","type":"product","link":"https:\/\/uj.adatbank.ro\/lexikon\/termek\/szegedi-erich\/","title":{"rendered":"SZEGEDI Erich"},"content":{"rendered":"<p>Sz\u00e1szr\u00e9gen, 1900. \u00e1pr. 11., \u2020 Berlin, 1965. j\u00fan. 20.: m\u00e9rn\u00f6k. <br \/><strong>Irod.:<\/strong> LSS.<\/br><\/p>\n","protected":false},"excerpt":{"rendered":"<p>Sz\u00e1szr\u00e9gen, 1900. \u00e1pr. 11., \u2020 Berlin, 1965. j\u00fan. 20.: m\u00e9rn\u00f6k. Irod.: LSS.<\/p>\n","protected":false},"featured_media":0,"comment_status":"open","ping_status":"closed","template":"","meta":[],"product_brand":[],"product_cat":[137],"product_tag":[],"class_list":{"0":"post-21691","1":"product","2":"type-product","3":"status-publish","5":"product_cat-maros-megyei-eletrajzi-lexikon","7":"first","8":"instock","9":"shipping-taxable","10":"product-type-simple"},"_links":{"self":[{"href":"https:\/\/uj.adatbank.ro\/lexikon\/wp-json\/wp\/v2\/product\/21691","targetHints":{"allow":["GET"]}}],"collection":[{"href":"https:\/\/uj.adatbank.ro\/lexikon\/wp-json\/wp\/v2\/product"}],"about":[{"href":"https:\/\/uj.adatbank.ro\/lexikon\/wp-json\/wp\/v2\/types\/product"}],"replies":[{"embeddable":true,"href":"https:\/\/uj.adatbank.ro\/lexikon\/wp-json\/wp\/v2\/comments?post=21691"}],"wp:attachment":[{"href":"https:\/\/uj.adatbank.ro\/lexikon\/wp-json\/wp\/v2\/media?parent=21691"}],"wp:term":[{"taxonomy":"product_brand","embeddable":true,"href":"https:\/\/uj.adatbank.ro\/lexikon\/wp-json\/wp\/v2\/product_brand?post=21691"},{"taxonomy":"product_cat","embeddable":true,"href":"https:\/\/uj.adatbank.ro\/lexikon\/wp-json\/wp\/v2\/product_cat?post=21691"},{"taxonomy":"product_tag","embeddable":true,"href":"https:\/\/uj.adatbank.ro\/lexikon\/wp-json\/wp\/v2\/product_tag?post=21691"}],"curies":[{"name":"wp","href":"https:\/\/api.w.org\/{rel}","templated":true}]}}