{"id":21693,"date":"2025-07-22T19:34:10","date_gmt":"2025-07-22T17:34:10","guid":{"rendered":"https:\/\/uj.adatbank.ro\/lexikon\/termek\/szegedi-geza\/"},"modified":"2025-07-22T19:34:10","modified_gmt":"2025-07-22T17:34:10","slug":"szegedi-geza","status":"publish","type":"product","link":"https:\/\/uj.adatbank.ro\/lexikon\/termek\/szegedi-geza\/","title":{"rendered":"SZEGEDI G\u00e9za"},"content":{"rendered":"<p>? 1922., \u2020?: g\u00e9pkocsivezet\u0151, a RMP tagja. \u2013 A makfalvi Ferenczi \u00e9s t\u00e1rsai olaj\u00fct\u0151 rt \u00e1llamos\u00edt\u00e1sakor kinevezett \u00fcgyint\u00e9z\u0151je (1948. j\u00fan. 16\u2013). Az olaj\u00fct\u0151 tulajdonosai voltak: Ferenczi Ferenc, D\u00f3sa Ferenc, D\u00f3sa M\u00f3zes, Zsigmond K\u00e1roly, Bartha Ferenc \u00e9s Ol\u00e1h K\u00e1lm\u00e1n. A kilenc alkalmazottat foglalkoztat\u00f3 olajpr\u00e9s naponta 560 l olajat termelhetett. K\u00e9s\u0151bb beolvasztott\u00e1k a m\u00e1r \u00e1llamos\u00edtott ny\u00e1r\u00e1dszeredai Egyes\u00fcl\u00e9s Malomba (1949. aug. 15.). <br \/><strong>Irod.:<\/strong> Bartos Zolt\u00e1n.<\/br><\/p>\n","protected":false},"excerpt":{"rendered":"<p>? 1922., \u2020?: g\u00e9pkocsivezet\u0151, a RMP tagja. \u2013 A makfalvi Ferenczi \u00e9s t\u00e1rsai olaj\u00fct\u0151 rt \u00e1llamos\u00edt\u00e1sakor kinevezett \u00fcgyint\u00e9z\u0151je (1948. j\u00fan. 16\u2013). Az olaj\u00fct\u0151 tulajdonosai voltak: Ferenczi Ferenc, D\u00f3sa Ferenc, D\u00f3sa M\u00f3zes, Zsigmond K\u00e1roly, Bartha Ferenc \u00e9s Ol\u00e1h K\u00e1lm\u00e1n. A kilenc alkalmazottat foglalkoztat\u00f3 olajpr\u00e9s naponta 560 l olajat termelhetett. K\u00e9s\u0151bb beolvasztott\u00e1k a m\u00e1r \u00e1llamos\u00edtott ny\u00e1r\u00e1dszeredai Egyes\u00fcl\u00e9s [&hellip;]<\/p>\n","protected":false},"featured_media":0,"comment_status":"open","ping_status":"closed","template":"","meta":[],"product_brand":[],"product_cat":[137],"product_tag":[],"class_list":{"0":"post-21693","1":"product","2":"type-product","3":"status-publish","5":"product_cat-maros-megyei-eletrajzi-lexikon","7":"first","8":"instock","9":"shipping-taxable","10":"product-type-simple"},"_links":{"self":[{"href":"https:\/\/uj.adatbank.ro\/lexikon\/wp-json\/wp\/v2\/product\/21693","targetHints":{"allow":["GET"]}}],"collection":[{"href":"https:\/\/uj.adatbank.ro\/lexikon\/wp-json\/wp\/v2\/product"}],"about":[{"href":"https:\/\/uj.adatbank.ro\/lexikon\/wp-json\/wp\/v2\/types\/product"}],"replies":[{"embeddable":true,"href":"https:\/\/uj.adatbank.ro\/lexikon\/wp-json\/wp\/v2\/comments?post=21693"}],"wp:attachment":[{"href":"https:\/\/uj.adatbank.ro\/lexikon\/wp-json\/wp\/v2\/media?parent=21693"}],"wp:term":[{"taxonomy":"product_brand","embeddable":true,"href":"https:\/\/uj.adatbank.ro\/lexikon\/wp-json\/wp\/v2\/product_brand?post=21693"},{"taxonomy":"product_cat","embeddable":true,"href":"https:\/\/uj.adatbank.ro\/lexikon\/wp-json\/wp\/v2\/product_cat?post=21693"},{"taxonomy":"product_tag","embeddable":true,"href":"https:\/\/uj.adatbank.ro\/lexikon\/wp-json\/wp\/v2\/product_tag?post=21693"}],"curies":[{"name":"wp","href":"https:\/\/api.w.org\/{rel}","templated":true}]}}