{"id":21695,"date":"2025-07-22T19:34:13","date_gmt":"2025-07-22T17:34:13","guid":{"rendered":"https:\/\/uj.adatbank.ro\/lexikon\/termek\/szegedi-jozsef\/"},"modified":"2025-07-22T19:34:13","modified_gmt":"2025-07-22T17:34:13","slug":"szegedi-jozsef","status":"publish","type":"product","link":"https:\/\/uj.adatbank.ro\/lexikon\/termek\/szegedi-jozsef\/","title":{"rendered":"SZEGEDI J\u00f3zsef"},"content":{"rendered":"<p>? \u2020\u00a0Mv., 1786.,: r. k. pap. \u2013 Volt jezsuita, az els\u0151 pl\u00e9banos volt Mv.-en. \u2013 <strong>F. m.<\/strong>: Halotti besz\u00e9d magyargyer\u0151monostori br. Kem\u00e9ny Erzs\u00e9bet (Simon \u00e9s czegei Wass Kata le\u00e1nya) felett, 1775. okt. 29. (Kv., 1777) <br \/><strong>Irod.:<\/strong> Halotti besz\u00e9dek; Kr\u00f3n. F\u00fcz. 1937 2\/5).<\/br><\/p>\n","protected":false},"excerpt":{"rendered":"<p>? \u2020\u00a0Mv., 1786.,: r. k. pap. \u2013 Volt jezsuita, az els\u0151 pl\u00e9banos volt Mv.-en. \u2013 F. m.: Halotti besz\u00e9d magyargyer\u0151monostori br. Kem\u00e9ny Erzs\u00e9bet (Simon \u00e9s czegei Wass Kata le\u00e1nya) felett, 1775. okt. 29. (Kv., 1777) Irod.: Halotti besz\u00e9dek; Kr\u00f3n. F\u00fcz. 1937 2\/5).<\/p>\n","protected":false},"featured_media":0,"comment_status":"open","ping_status":"closed","template":"","meta":[],"product_brand":[],"product_cat":[137],"product_tag":[],"class_list":{"0":"post-21695","1":"product","2":"type-product","3":"status-publish","5":"product_cat-maros-megyei-eletrajzi-lexikon","7":"first","8":"instock","9":"shipping-taxable","10":"product-type-simple"},"_links":{"self":[{"href":"https:\/\/uj.adatbank.ro\/lexikon\/wp-json\/wp\/v2\/product\/21695","targetHints":{"allow":["GET"]}}],"collection":[{"href":"https:\/\/uj.adatbank.ro\/lexikon\/wp-json\/wp\/v2\/product"}],"about":[{"href":"https:\/\/uj.adatbank.ro\/lexikon\/wp-json\/wp\/v2\/types\/product"}],"replies":[{"embeddable":true,"href":"https:\/\/uj.adatbank.ro\/lexikon\/wp-json\/wp\/v2\/comments?post=21695"}],"wp:attachment":[{"href":"https:\/\/uj.adatbank.ro\/lexikon\/wp-json\/wp\/v2\/media?parent=21695"}],"wp:term":[{"taxonomy":"product_brand","embeddable":true,"href":"https:\/\/uj.adatbank.ro\/lexikon\/wp-json\/wp\/v2\/product_brand?post=21695"},{"taxonomy":"product_cat","embeddable":true,"href":"https:\/\/uj.adatbank.ro\/lexikon\/wp-json\/wp\/v2\/product_cat?post=21695"},{"taxonomy":"product_tag","embeddable":true,"href":"https:\/\/uj.adatbank.ro\/lexikon\/wp-json\/wp\/v2\/product_tag?post=21695"}],"curies":[{"name":"wp","href":"https:\/\/api.w.org\/{rel}","templated":true}]}}