{"id":21698,"date":"2025-07-22T19:34:20","date_gmt":"2025-07-22T17:34:20","guid":{"rendered":"https:\/\/uj.adatbank.ro\/lexikon\/termek\/szegedi-samuel-2\/"},"modified":"2025-07-22T19:34:20","modified_gmt":"2025-07-22T17:34:20","slug":"szegedi-samuel-2","status":"publish","type":"product","link":"https:\/\/uj.adatbank.ro\/lexikon\/termek\/szegedi-samuel-2\/","title":{"rendered":"SZEGEDI S\u00e1muel"},"content":{"rendered":"<p>? \u2020?: f\u0151\u00fcgy\u00e9sz. \u2013 Maros megye 1849. \u00e1pr.-ban megalakult tisztikar\u00e1ban m\u00e1sod al\u00fcgy\u00e9sz. \u2013 <strong>F. m.<\/strong>: <strong>t\u00e1rssz.:<\/strong> Sz\u00edve ki\u00f6ml\u00e9se a\u2019 Maros V\u00e1s\u00e1rhelyi Ref. Koll\u00e9gyomb\u00e9li ifi\u00fas\u00e1g\u00e1nak egy kedves attya hal\u00e1l\u00e1n [Gr. Kem\u00e9ny Mikl\u00f3s]. (Mv., 1829) <br \/><strong>Irod.:<\/strong> 1848\u20131849 Marossz\u00e9k; P\u00e1l-Antal; P\u00e1l-Antal 2002.<\/br><\/p>\n","protected":false},"excerpt":{"rendered":"<p>? \u2020?: f\u0151\u00fcgy\u00e9sz. \u2013 Maros megye 1849. \u00e1pr.-ban megalakult tisztikar\u00e1ban m\u00e1sod al\u00fcgy\u00e9sz. \u2013 F. m.: t\u00e1rssz.: Sz\u00edve ki\u00f6ml\u00e9se a\u2019 Maros V\u00e1s\u00e1rhelyi Ref. Koll\u00e9gyomb\u00e9li ifi\u00fas\u00e1g\u00e1nak egy kedves attya hal\u00e1l\u00e1n [Gr. Kem\u00e9ny Mikl\u00f3s]. (Mv., 1829) Irod.: 1848\u20131849 Marossz\u00e9k; P\u00e1l-Antal; P\u00e1l-Antal 2002.<\/p>\n","protected":false},"featured_media":0,"comment_status":"open","ping_status":"closed","template":"","meta":[],"product_brand":[],"product_cat":[137],"product_tag":[],"class_list":{"0":"post-21698","1":"product","2":"type-product","3":"status-publish","5":"product_cat-maros-megyei-eletrajzi-lexikon","7":"first","8":"instock","9":"shipping-taxable","10":"product-type-simple"},"_links":{"self":[{"href":"https:\/\/uj.adatbank.ro\/lexikon\/wp-json\/wp\/v2\/product\/21698","targetHints":{"allow":["GET"]}}],"collection":[{"href":"https:\/\/uj.adatbank.ro\/lexikon\/wp-json\/wp\/v2\/product"}],"about":[{"href":"https:\/\/uj.adatbank.ro\/lexikon\/wp-json\/wp\/v2\/types\/product"}],"replies":[{"embeddable":true,"href":"https:\/\/uj.adatbank.ro\/lexikon\/wp-json\/wp\/v2\/comments?post=21698"}],"wp:attachment":[{"href":"https:\/\/uj.adatbank.ro\/lexikon\/wp-json\/wp\/v2\/media?parent=21698"}],"wp:term":[{"taxonomy":"product_brand","embeddable":true,"href":"https:\/\/uj.adatbank.ro\/lexikon\/wp-json\/wp\/v2\/product_brand?post=21698"},{"taxonomy":"product_cat","embeddable":true,"href":"https:\/\/uj.adatbank.ro\/lexikon\/wp-json\/wp\/v2\/product_cat?post=21698"},{"taxonomy":"product_tag","embeddable":true,"href":"https:\/\/uj.adatbank.ro\/lexikon\/wp-json\/wp\/v2\/product_tag?post=21698"}],"curies":[{"name":"wp","href":"https:\/\/api.w.org\/{rel}","templated":true}]}}