{"id":21699,"date":"2025-07-22T19:34:22","date_gmt":"2025-07-22T17:34:22","guid":{"rendered":"https:\/\/uj.adatbank.ro\/lexikon\/termek\/szegedi-samuel-3\/"},"modified":"2025-07-22T19:34:22","modified_gmt":"2025-07-22T17:34:22","slug":"szegedi-samuel-3","status":"publish","type":"product","link":"https:\/\/uj.adatbank.ro\/lexikon\/termek\/szegedi-samuel-3\/","title":{"rendered":"SZEGEDI S\u00e1muel"},"content":{"rendered":"<p>Mez\u0151cs\u00e1v\u00e1s, 1893., \u2020?: gazd\u00e1lkod\u00f3. \u2013 Iskol\u00e1it sz\u00fcl\u0151faluj\u00e1ban v\u00e9gezte, majd gazdas\u00e1gi tanfolyamot hallgatott Algy\u00f3gyon. T\u00f6bb nagybirtokon volt alkalmaz\u00e1sban, \u00f6n\u00e1ll\u00f3 gazda Mez\u0151cs\u00e1v\u00e1son (1920\u2013). Faluj\u00e1ban \u0151 honos\u00edtotta meg a g\u00e9ppel val\u00f3 gazd\u00e1lkod\u00e1st. A Hangya eln\u00f6ke \u00e9s igazgat\u00f3ja, a Gazdak\u00f6r fel\u00fcgy. Biz. Tagja volt, megszervezte az \u00e1llatbiztos\u00edt\u00e1st. \u2013 Irod: Sz\u00e9kelyf\u00f6ld \u00ed. k.<\/br><\/p>\n","protected":false},"excerpt":{"rendered":"<p>Mez\u0151cs\u00e1v\u00e1s, 1893., \u2020?: gazd\u00e1lkod\u00f3. \u2013 Iskol\u00e1it sz\u00fcl\u0151faluj\u00e1ban v\u00e9gezte, majd gazdas\u00e1gi tanfolyamot hallgatott Algy\u00f3gyon. T\u00f6bb nagybirtokon volt alkalmaz\u00e1sban, \u00f6n\u00e1ll\u00f3 gazda Mez\u0151cs\u00e1v\u00e1son (1920\u2013). Faluj\u00e1ban \u0151 honos\u00edtotta meg a g\u00e9ppel val\u00f3 gazd\u00e1lkod\u00e1st. A Hangya eln\u00f6ke \u00e9s igazgat\u00f3ja, a Gazdak\u00f6r fel\u00fcgy. Biz. Tagja volt, megszervezte az \u00e1llatbiztos\u00edt\u00e1st. \u2013 Irod: Sz\u00e9kelyf\u00f6ld \u00ed. k.<\/p>\n","protected":false},"featured_media":0,"comment_status":"open","ping_status":"closed","template":"","meta":[],"product_brand":[],"product_cat":[137],"product_tag":[],"class_list":{"0":"post-21699","1":"product","2":"type-product","3":"status-publish","5":"product_cat-maros-megyei-eletrajzi-lexikon","7":"first","8":"instock","9":"shipping-taxable","10":"product-type-simple"},"_links":{"self":[{"href":"https:\/\/uj.adatbank.ro\/lexikon\/wp-json\/wp\/v2\/product\/21699","targetHints":{"allow":["GET"]}}],"collection":[{"href":"https:\/\/uj.adatbank.ro\/lexikon\/wp-json\/wp\/v2\/product"}],"about":[{"href":"https:\/\/uj.adatbank.ro\/lexikon\/wp-json\/wp\/v2\/types\/product"}],"replies":[{"embeddable":true,"href":"https:\/\/uj.adatbank.ro\/lexikon\/wp-json\/wp\/v2\/comments?post=21699"}],"wp:attachment":[{"href":"https:\/\/uj.adatbank.ro\/lexikon\/wp-json\/wp\/v2\/media?parent=21699"}],"wp:term":[{"taxonomy":"product_brand","embeddable":true,"href":"https:\/\/uj.adatbank.ro\/lexikon\/wp-json\/wp\/v2\/product_brand?post=21699"},{"taxonomy":"product_cat","embeddable":true,"href":"https:\/\/uj.adatbank.ro\/lexikon\/wp-json\/wp\/v2\/product_cat?post=21699"},{"taxonomy":"product_tag","embeddable":true,"href":"https:\/\/uj.adatbank.ro\/lexikon\/wp-json\/wp\/v2\/product_tag?post=21699"}],"curies":[{"name":"wp","href":"https:\/\/api.w.org\/{rel}","templated":true}]}}