{"id":2170,"date":"2025-06-28T12:05:53","date_gmt":"2025-06-28T10:05:53","guid":{"rendered":"https:\/\/uj.adatbank.ro\/lexikon\/termek\/banffy-ferenc-2\/"},"modified":"2025-06-28T12:05:53","modified_gmt":"2025-06-28T10:05:53","slug":"banffy-ferenc-2","status":"publish","type":"product","link":"https:\/\/uj.adatbank.ro\/lexikon\/termek\/banffy-ferenc-2\/","title":{"rendered":"B\u00c1NFFY Ferenc"},"content":{"rendered":"<p>1721.? \u2020\u00a0Marosszentkir\u00e1ly, 1804. m\u00e1j. 8. Marosszentkir\u00e1lyon a csal\u00e1di kript\u00e1ba nyugszik: f\u0151\u00far. \u2013 Feles\u00e9ge: br. Intz\u00e9di \u00c1gnes. <br \/><strong>Irod.:<\/strong> Lev\u00e9lt\u00e1ri gy\u00e1szj.<\/br><\/p>\n","protected":false},"excerpt":{"rendered":"<p>1721.? \u2020\u00a0Marosszentkir\u00e1ly, 1804. m\u00e1j. 8. Marosszentkir\u00e1lyon a csal\u00e1di kript\u00e1ba nyugszik: f\u0151\u00far. \u2013 Feles\u00e9ge: br. Intz\u00e9di \u00c1gnes. Irod.: Lev\u00e9lt\u00e1ri gy\u00e1szj.<\/p>\n","protected":false},"featured_media":0,"comment_status":"open","ping_status":"closed","template":"","meta":[],"product_brand":[],"product_cat":[137],"product_tag":[],"class_list":{"0":"post-2170","1":"product","2":"type-product","3":"status-publish","5":"product_cat-maros-megyei-eletrajzi-lexikon","7":"first","8":"instock","9":"shipping-taxable","10":"product-type-simple"},"_links":{"self":[{"href":"https:\/\/uj.adatbank.ro\/lexikon\/wp-json\/wp\/v2\/product\/2170","targetHints":{"allow":["GET"]}}],"collection":[{"href":"https:\/\/uj.adatbank.ro\/lexikon\/wp-json\/wp\/v2\/product"}],"about":[{"href":"https:\/\/uj.adatbank.ro\/lexikon\/wp-json\/wp\/v2\/types\/product"}],"replies":[{"embeddable":true,"href":"https:\/\/uj.adatbank.ro\/lexikon\/wp-json\/wp\/v2\/comments?post=2170"}],"wp:attachment":[{"href":"https:\/\/uj.adatbank.ro\/lexikon\/wp-json\/wp\/v2\/media?parent=2170"}],"wp:term":[{"taxonomy":"product_brand","embeddable":true,"href":"https:\/\/uj.adatbank.ro\/lexikon\/wp-json\/wp\/v2\/product_brand?post=2170"},{"taxonomy":"product_cat","embeddable":true,"href":"https:\/\/uj.adatbank.ro\/lexikon\/wp-json\/wp\/v2\/product_cat?post=2170"},{"taxonomy":"product_tag","embeddable":true,"href":"https:\/\/uj.adatbank.ro\/lexikon\/wp-json\/wp\/v2\/product_tag?post=2170"}],"curies":[{"name":"wp","href":"https:\/\/api.w.org\/{rel}","templated":true}]}}