{"id":21710,"date":"2025-07-22T19:34:49","date_gmt":"2025-07-22T17:34:49","guid":{"rendered":"https:\/\/uj.adatbank.ro\/lexikon\/termek\/szekely-csikfalvi-csalad\/"},"modified":"2025-07-22T19:34:49","modified_gmt":"2025-07-22T17:34:49","slug":"szekely-csikfalvi-csalad","status":"publish","type":"product","link":"https:\/\/uj.adatbank.ro\/lexikon\/termek\/szekely-csikfalvi-csalad\/","title":{"rendered":"SZ\u00c9KELY, cs\u00edkfalvi\u00a0csal\u00e1d"},"content":{"rendered":"<p>Sz. J\u00e1nos marossz\u00e9ki \u00fcln\u00f6k (1571). <br \/><strong>Irod.:<\/strong> Nagy Iv\u00e1n; P\u00e1lmay.<\/br><\/p>\n","protected":false},"excerpt":{"rendered":"<p>Sz. J\u00e1nos marossz\u00e9ki \u00fcln\u00f6k (1571). Irod.: Nagy Iv\u00e1n; P\u00e1lmay.<\/p>\n","protected":false},"featured_media":0,"comment_status":"open","ping_status":"closed","template":"","meta":[],"product_brand":[],"product_cat":[137],"product_tag":[],"class_list":{"0":"post-21710","1":"product","2":"type-product","3":"status-publish","5":"product_cat-maros-megyei-eletrajzi-lexikon","7":"first","8":"instock","9":"shipping-taxable","10":"product-type-simple"},"_links":{"self":[{"href":"https:\/\/uj.adatbank.ro\/lexikon\/wp-json\/wp\/v2\/product\/21710","targetHints":{"allow":["GET"]}}],"collection":[{"href":"https:\/\/uj.adatbank.ro\/lexikon\/wp-json\/wp\/v2\/product"}],"about":[{"href":"https:\/\/uj.adatbank.ro\/lexikon\/wp-json\/wp\/v2\/types\/product"}],"replies":[{"embeddable":true,"href":"https:\/\/uj.adatbank.ro\/lexikon\/wp-json\/wp\/v2\/comments?post=21710"}],"wp:attachment":[{"href":"https:\/\/uj.adatbank.ro\/lexikon\/wp-json\/wp\/v2\/media?parent=21710"}],"wp:term":[{"taxonomy":"product_brand","embeddable":true,"href":"https:\/\/uj.adatbank.ro\/lexikon\/wp-json\/wp\/v2\/product_brand?post=21710"},{"taxonomy":"product_cat","embeddable":true,"href":"https:\/\/uj.adatbank.ro\/lexikon\/wp-json\/wp\/v2\/product_cat?post=21710"},{"taxonomy":"product_tag","embeddable":true,"href":"https:\/\/uj.adatbank.ro\/lexikon\/wp-json\/wp\/v2\/product_tag?post=21710"}],"curies":[{"name":"wp","href":"https:\/\/api.w.org\/{rel}","templated":true}]}}