{"id":21720,"date":"2025-07-22T19:35:08","date_gmt":"2025-07-22T17:35:08","guid":{"rendered":"https:\/\/uj.adatbank.ro\/lexikon\/termek\/szekely-pokakereszturi-csalad\/"},"modified":"2025-07-22T19:35:08","modified_gmt":"2025-07-22T17:35:08","slug":"szekely-pokakereszturi-csalad","status":"publish","type":"product","link":"https:\/\/uj.adatbank.ro\/lexikon\/termek\/szekely-pokakereszturi-csalad\/","title":{"rendered":"SZ\u00c9KELY, p\u00f3kakereszt\u00fari csal\u00e1d"},"content":{"rendered":"<p>Torda v\u00e1rmegy\u00e9nek Vajdaszentiv\u00e1nyi j\u00e1r\u00e1s\u00e1ban fekv\u0151 P\u00f3kakereszt\u00far helys\u00e9gr\u0151l vette nev\u00e9t. Ismeretesek k\u00f6z\u00fcl\u00fck Sz\u00e9kely L\u00e1szl\u00f3, kinek fia volt Farkas, 1699. april. 23-\u00e1n osztoztat\u00f3 b\u00edr\u00f3 (arbiter) Vajda S\u00e1muel \u00e9s Vajda Erzse Veres S\u00e1mueln\u00e9 k\u00f6zt. Farkasnak fiai G\u00e1bor \u00e9s Mikl\u00f3s adom\u00e1nyos nemesek, atyjuk jog\u00e1n birtokosok Kis Budakon. Az el\u0151bbi 1771-ben sz\u00e1mfeletti sz\u00e9kb\u00edr\u00f3 vagy \u00fcln\u00f6k, Mikl\u00f3s pedig szolgab\u00edr\u00f3 volt Doboka v\u00e1rmegy\u00e9ben. Istv\u00e1n szolgab\u00edr\u00f3 Doboka megy\u00e9ben 1763\u20131771-ig. Zsigmond ugyan az a borg\u00f3i j\u00e1r\u00e1sban (1796\u20131809.). S\u00e1muel 1809-ben Doboka v\u00e1rmegy\u00e9ben der\u00e9ksz\u00e9ki b\u00edr\u00f3. Fiai Elek 1809-ben kapit\u00e1ny az erd\u00e9lyi felkelt nemes seregben. Els\u0151 neje Sal\u00e1nky Judit, a m\u00e1sodik V\u00e9r le\u00e1ny, kinek jog\u00e1n b\u00edrt, \u00e9s lakott S\u00f3falv\u00e1n Doboka v\u00e1rmegy\u00e9ben. Els\u0151 nej\u00e9t\u0151l fia K\u00e1roly f\u00e9lesz\u0171, meghalt 1840-ben, kinek magvaszakadt\u00e1n M.-Derzs\u00e9n, Al-\u0150rben stb. jelent\u00e9keny birtokot \u00f6r\u00f6k\u00f6ltek a le\u00e1ny\u00e1gi ut\u00f3dok. <br \/><strong>Irod.:<\/strong> Nagy Iv\u00e1n.<\/br><\/p>\n","protected":false},"excerpt":{"rendered":"<p>Torda v\u00e1rmegy\u00e9nek Vajdaszentiv\u00e1nyi j\u00e1r\u00e1s\u00e1ban fekv\u0151 P\u00f3kakereszt\u00far helys\u00e9gr\u0151l vette nev\u00e9t. Ismeretesek k\u00f6z\u00fcl\u00fck Sz\u00e9kely L\u00e1szl\u00f3, kinek fia volt Farkas, 1699. april. 23-\u00e1n osztoztat\u00f3 b\u00edr\u00f3 (arbiter) Vajda S\u00e1muel \u00e9s Vajda Erzse Veres S\u00e1mueln\u00e9 k\u00f6zt. Farkasnak fiai G\u00e1bor \u00e9s Mikl\u00f3s adom\u00e1nyos nemesek, atyjuk jog\u00e1n birtokosok Kis Budakon. Az el\u0151bbi 1771-ben sz\u00e1mfeletti sz\u00e9kb\u00edr\u00f3 vagy \u00fcln\u00f6k, Mikl\u00f3s pedig szolgab\u00edr\u00f3 volt Doboka [&hellip;]<\/p>\n","protected":false},"featured_media":0,"comment_status":"open","ping_status":"closed","template":"","meta":[],"product_brand":[],"product_cat":[137],"product_tag":[],"class_list":{"0":"post-21720","1":"product","2":"type-product","3":"status-publish","5":"product_cat-maros-megyei-eletrajzi-lexikon","7":"first","8":"instock","9":"shipping-taxable","10":"product-type-simple"},"_links":{"self":[{"href":"https:\/\/uj.adatbank.ro\/lexikon\/wp-json\/wp\/v2\/product\/21720","targetHints":{"allow":["GET"]}}],"collection":[{"href":"https:\/\/uj.adatbank.ro\/lexikon\/wp-json\/wp\/v2\/product"}],"about":[{"href":"https:\/\/uj.adatbank.ro\/lexikon\/wp-json\/wp\/v2\/types\/product"}],"replies":[{"embeddable":true,"href":"https:\/\/uj.adatbank.ro\/lexikon\/wp-json\/wp\/v2\/comments?post=21720"}],"wp:attachment":[{"href":"https:\/\/uj.adatbank.ro\/lexikon\/wp-json\/wp\/v2\/media?parent=21720"}],"wp:term":[{"taxonomy":"product_brand","embeddable":true,"href":"https:\/\/uj.adatbank.ro\/lexikon\/wp-json\/wp\/v2\/product_brand?post=21720"},{"taxonomy":"product_cat","embeddable":true,"href":"https:\/\/uj.adatbank.ro\/lexikon\/wp-json\/wp\/v2\/product_cat?post=21720"},{"taxonomy":"product_tag","embeddable":true,"href":"https:\/\/uj.adatbank.ro\/lexikon\/wp-json\/wp\/v2\/product_tag?post=21720"}],"curies":[{"name":"wp","href":"https:\/\/api.w.org\/{rel}","templated":true}]}}