{"id":21721,"date":"2025-07-22T19:35:10","date_gmt":"2025-07-22T17:35:10","guid":{"rendered":"https:\/\/uj.adatbank.ro\/lexikon\/termek\/szekely-remetei\/"},"modified":"2025-07-22T19:35:10","modified_gmt":"2025-07-22T17:35:10","slug":"szekely-remetei","status":"publish","type":"product","link":"https:\/\/uj.adatbank.ro\/lexikon\/termek\/szekely-remetei\/","title":{"rendered":"SZ\u00c9KELY, remetei"},"content":{"rendered":"<p>A csal\u00e1db\u00f3l Sz. Mikl\u00f3s nyert primipilusi levelet (1607. j\u00fal. 13.); Sz. Istv\u00e1n nyert primipilusi levelet R\u00e1k\u00f3czi Gy\u00f6rgyt\u0151l (1655). <br \/><strong>Irod.:<\/strong> P\u00e1lmay.<\/br><\/p>\n","protected":false},"excerpt":{"rendered":"<p>A csal\u00e1db\u00f3l Sz. Mikl\u00f3s nyert primipilusi levelet (1607. j\u00fal. 13.); Sz. Istv\u00e1n nyert primipilusi levelet R\u00e1k\u00f3czi Gy\u00f6rgyt\u0151l (1655). Irod.: P\u00e1lmay.<\/p>\n","protected":false},"featured_media":0,"comment_status":"open","ping_status":"closed","template":"","meta":[],"product_brand":[],"product_cat":[137],"product_tag":[],"class_list":{"0":"post-21721","1":"product","2":"type-product","3":"status-publish","5":"product_cat-maros-megyei-eletrajzi-lexikon","7":"first","8":"instock","9":"shipping-taxable","10":"product-type-simple"},"_links":{"self":[{"href":"https:\/\/uj.adatbank.ro\/lexikon\/wp-json\/wp\/v2\/product\/21721","targetHints":{"allow":["GET"]}}],"collection":[{"href":"https:\/\/uj.adatbank.ro\/lexikon\/wp-json\/wp\/v2\/product"}],"about":[{"href":"https:\/\/uj.adatbank.ro\/lexikon\/wp-json\/wp\/v2\/types\/product"}],"replies":[{"embeddable":true,"href":"https:\/\/uj.adatbank.ro\/lexikon\/wp-json\/wp\/v2\/comments?post=21721"}],"wp:attachment":[{"href":"https:\/\/uj.adatbank.ro\/lexikon\/wp-json\/wp\/v2\/media?parent=21721"}],"wp:term":[{"taxonomy":"product_brand","embeddable":true,"href":"https:\/\/uj.adatbank.ro\/lexikon\/wp-json\/wp\/v2\/product_brand?post=21721"},{"taxonomy":"product_cat","embeddable":true,"href":"https:\/\/uj.adatbank.ro\/lexikon\/wp-json\/wp\/v2\/product_cat?post=21721"},{"taxonomy":"product_tag","embeddable":true,"href":"https:\/\/uj.adatbank.ro\/lexikon\/wp-json\/wp\/v2\/product_tag?post=21721"}],"curies":[{"name":"wp","href":"https:\/\/api.w.org\/{rel}","templated":true}]}}