{"id":21722,"date":"2025-07-22T19:35:12","date_gmt":"2025-07-22T17:35:12","guid":{"rendered":"https:\/\/uj.adatbank.ro\/lexikon\/termek\/szekely-sardi-csalad\/"},"modified":"2025-07-22T19:35:12","modified_gmt":"2025-07-22T17:35:12","slug":"szekely-sardi-csalad","status":"publish","type":"product","link":"https:\/\/uj.adatbank.ro\/lexikon\/termek\/szekely-sardi-csalad\/","title":{"rendered":"Sz\u00e9kely, s\u00e1rdi csal\u00e1d"},"content":{"rendered":"<p>C\u00edmereslevele kelt 1620. jan. 18. Nemess\u00e9g \u00e9s el\u0151n\u00e9v meger\u0151s\u00edt\u00e9se 1912. \u00e1pr. 24. Sz. Mih\u00e1ly ny. f\u0151erd\u0151tan\u00e1csos r\u00e9sz\u00e9re. <br \/><strong>Irod.:<\/strong> Kempelen.<\/br><\/p>\n","protected":false},"excerpt":{"rendered":"<p>C\u00edmereslevele kelt 1620. jan. 18. Nemess\u00e9g \u00e9s el\u0151n\u00e9v meger\u0151s\u00edt\u00e9se 1912. \u00e1pr. 24. Sz. Mih\u00e1ly ny. f\u0151erd\u0151tan\u00e1csos r\u00e9sz\u00e9re. Irod.: Kempelen.<\/p>\n","protected":false},"featured_media":0,"comment_status":"open","ping_status":"closed","template":"","meta":[],"product_brand":[],"product_cat":[137],"product_tag":[],"class_list":{"0":"post-21722","1":"product","2":"type-product","3":"status-publish","5":"product_cat-maros-megyei-eletrajzi-lexikon","7":"first","8":"instock","9":"shipping-taxable","10":"product-type-simple"},"_links":{"self":[{"href":"https:\/\/uj.adatbank.ro\/lexikon\/wp-json\/wp\/v2\/product\/21722","targetHints":{"allow":["GET"]}}],"collection":[{"href":"https:\/\/uj.adatbank.ro\/lexikon\/wp-json\/wp\/v2\/product"}],"about":[{"href":"https:\/\/uj.adatbank.ro\/lexikon\/wp-json\/wp\/v2\/types\/product"}],"replies":[{"embeddable":true,"href":"https:\/\/uj.adatbank.ro\/lexikon\/wp-json\/wp\/v2\/comments?post=21722"}],"wp:attachment":[{"href":"https:\/\/uj.adatbank.ro\/lexikon\/wp-json\/wp\/v2\/media?parent=21722"}],"wp:term":[{"taxonomy":"product_brand","embeddable":true,"href":"https:\/\/uj.adatbank.ro\/lexikon\/wp-json\/wp\/v2\/product_brand?post=21722"},{"taxonomy":"product_cat","embeddable":true,"href":"https:\/\/uj.adatbank.ro\/lexikon\/wp-json\/wp\/v2\/product_cat?post=21722"},{"taxonomy":"product_tag","embeddable":true,"href":"https:\/\/uj.adatbank.ro\/lexikon\/wp-json\/wp\/v2\/product_tag?post=21722"}],"curies":[{"name":"wp","href":"https:\/\/api.w.org\/{rel}","templated":true}]}}