{"id":21724,"date":"2025-07-22T19:35:16","date_gmt":"2025-07-22T17:35:16","guid":{"rendered":"https:\/\/uj.adatbank.ro\/lexikon\/termek\/szekely-szentivanyi-csalad\/"},"modified":"2025-07-22T19:35:16","modified_gmt":"2025-07-22T17:35:16","slug":"szekely-szentivanyi-csalad","status":"publish","type":"product","link":"https:\/\/uj.adatbank.ro\/lexikon\/termek\/szekely-szentivanyi-csalad\/","title":{"rendered":"SZ\u00c9KELY, szentiv\u00e1nyi csal\u00e1d"},"content":{"rendered":"<p>K\u00f6z\u00fcl\u00fck Mih\u00e1ly 1459-ben besztercei gr\u00f3f. Ut\u00f3bb h\u0171tlens\u00e9gbe esve javait 1475-ben Csupor Mikl\u00f3s alvajda kapta adom\u00e1nyban. <br \/><strong>Irod.:<\/strong> Nagy Iv\u00e1n.<\/br><\/p>\n","protected":false},"excerpt":{"rendered":"<p>K\u00f6z\u00fcl\u00fck Mih\u00e1ly 1459-ben besztercei gr\u00f3f. Ut\u00f3bb h\u0171tlens\u00e9gbe esve javait 1475-ben Csupor Mikl\u00f3s alvajda kapta adom\u00e1nyban. Irod.: Nagy Iv\u00e1n.<\/p>\n","protected":false},"featured_media":0,"comment_status":"open","ping_status":"closed","template":"","meta":[],"product_brand":[],"product_cat":[137],"product_tag":[],"class_list":{"0":"post-21724","1":"product","2":"type-product","3":"status-publish","5":"product_cat-maros-megyei-eletrajzi-lexikon","7":"first","8":"instock","9":"shipping-taxable","10":"product-type-simple"},"_links":{"self":[{"href":"https:\/\/uj.adatbank.ro\/lexikon\/wp-json\/wp\/v2\/product\/21724","targetHints":{"allow":["GET"]}}],"collection":[{"href":"https:\/\/uj.adatbank.ro\/lexikon\/wp-json\/wp\/v2\/product"}],"about":[{"href":"https:\/\/uj.adatbank.ro\/lexikon\/wp-json\/wp\/v2\/types\/product"}],"replies":[{"embeddable":true,"href":"https:\/\/uj.adatbank.ro\/lexikon\/wp-json\/wp\/v2\/comments?post=21724"}],"wp:attachment":[{"href":"https:\/\/uj.adatbank.ro\/lexikon\/wp-json\/wp\/v2\/media?parent=21724"}],"wp:term":[{"taxonomy":"product_brand","embeddable":true,"href":"https:\/\/uj.adatbank.ro\/lexikon\/wp-json\/wp\/v2\/product_brand?post=21724"},{"taxonomy":"product_cat","embeddable":true,"href":"https:\/\/uj.adatbank.ro\/lexikon\/wp-json\/wp\/v2\/product_cat?post=21724"},{"taxonomy":"product_tag","embeddable":true,"href":"https:\/\/uj.adatbank.ro\/lexikon\/wp-json\/wp\/v2\/product_tag?post=21724"}],"curies":[{"name":"wp","href":"https:\/\/api.w.org\/{rel}","templated":true}]}}