{"id":21730,"date":"2025-07-22T19:35:30","date_gmt":"2025-07-22T17:35:30","guid":{"rendered":"https:\/\/uj.adatbank.ro\/lexikon\/termek\/szekely-andras\/"},"modified":"2025-07-22T19:35:30","modified_gmt":"2025-07-22T17:35:30","slug":"szekely-andras","status":"publish","type":"product","link":"https:\/\/uj.adatbank.ro\/lexikon\/termek\/szekely-andras\/","title":{"rendered":"SZ\u00c9KELY Andr\u00e1s"},"content":{"rendered":"<p>Bodos (Kov.), 1901. jan. 20., \u2020 Balav\u00e1s\u00e1r, 1963.: ref. lelk\u00e9sz. \u2013 Kor\u00e1n \u00e1rvas\u00e1gra jutott. Elemi isk.-t a sz\u00fcl\u0151faluj\u00e1ban, gimn\u00e1ziumot Sz\u00e9kelyudvarhelyen (1920), teol\u00f3gi\u00e1t Kv.-on v\u00e9gzett (1926). Tord\u00e1n volt seg\u00e9dlelk\u00e9sz (1925\u20131926), azut\u00e1n Fogarason (1927), ahonnan Egrest\u0151re (Maros) ker\u00fclt (1928\u20131940). A hat\u00f3s\u00e1gok \u00e1lland\u00f3an zaklatt\u00e1k, megvert\u00e9k, meghurcolt\u00e1k. A b\u00e9csi d\u00f6nt\u00e9s ut\u00e1n a rom\u00e1n hat\u00f3s\u00e1gok nem engedt\u00e9k, h. hivat\u00e1s\u00e1t gyakorolja. Tizenhat h\u00f3napig kereset n\u00e9lk\u00fcl teng\u0151d\u00f6tt csal\u00e1dj\u00e1val (1940 aug.\u20131941 nov.), amig a balav\u00e1s\u00e1ri gy\u00fclekezet meg nem h\u00edvta lelk\u00e9sznek. Adotts\u00e1gait az egyh\u00e1zmegye hamar felismerte \u00e9s rendre vezet\u0151 tiszts\u00e9gekbe v\u00e1lasztott\u00e1k: belmisszi\u00f3i el\u0151ad\u00f3, sz\u00e1mvev\u0151, f\u0151jegyz\u0151, espereshelyettes, majd esperes lett. Megb\u00edz\u00e1sait mindig k\u00f6zmegel\u00e9ged\u00e9sre a k\u00f6z\u00f6ss\u00e9g jav\u00e1ra t\u00f6lt\u00f6tte be. <br \/><strong>Irod.:<\/strong> Balav\u00e1s\u00e1r \u00e9s egyh\u00e1za.<\/br><\/p>\n","protected":false},"excerpt":{"rendered":"<p>Bodos (Kov.), 1901. jan. 20., \u2020 Balav\u00e1s\u00e1r, 1963.: ref. lelk\u00e9sz. \u2013 Kor\u00e1n \u00e1rvas\u00e1gra jutott. Elemi isk.-t a sz\u00fcl\u0151faluj\u00e1ban, gimn\u00e1ziumot Sz\u00e9kelyudvarhelyen (1920), teol\u00f3gi\u00e1t Kv.-on v\u00e9gzett (1926). Tord\u00e1n volt seg\u00e9dlelk\u00e9sz (1925\u20131926), azut\u00e1n Fogarason (1927), ahonnan Egrest\u0151re (Maros) ker\u00fclt (1928\u20131940). A hat\u00f3s\u00e1gok \u00e1lland\u00f3an zaklatt\u00e1k, megvert\u00e9k, meghurcolt\u00e1k. A b\u00e9csi d\u00f6nt\u00e9s ut\u00e1n a rom\u00e1n hat\u00f3s\u00e1gok nem engedt\u00e9k, h. hivat\u00e1s\u00e1t gyakorolja. [&hellip;]<\/p>\n","protected":false},"featured_media":0,"comment_status":"open","ping_status":"closed","template":"","meta":[],"product_brand":[],"product_cat":[137],"product_tag":[],"class_list":{"0":"post-21730","1":"product","2":"type-product","3":"status-publish","5":"product_cat-maros-megyei-eletrajzi-lexikon","7":"first","8":"instock","9":"shipping-taxable","10":"product-type-simple"},"_links":{"self":[{"href":"https:\/\/uj.adatbank.ro\/lexikon\/wp-json\/wp\/v2\/product\/21730","targetHints":{"allow":["GET"]}}],"collection":[{"href":"https:\/\/uj.adatbank.ro\/lexikon\/wp-json\/wp\/v2\/product"}],"about":[{"href":"https:\/\/uj.adatbank.ro\/lexikon\/wp-json\/wp\/v2\/types\/product"}],"replies":[{"embeddable":true,"href":"https:\/\/uj.adatbank.ro\/lexikon\/wp-json\/wp\/v2\/comments?post=21730"}],"wp:attachment":[{"href":"https:\/\/uj.adatbank.ro\/lexikon\/wp-json\/wp\/v2\/media?parent=21730"}],"wp:term":[{"taxonomy":"product_brand","embeddable":true,"href":"https:\/\/uj.adatbank.ro\/lexikon\/wp-json\/wp\/v2\/product_brand?post=21730"},{"taxonomy":"product_cat","embeddable":true,"href":"https:\/\/uj.adatbank.ro\/lexikon\/wp-json\/wp\/v2\/product_cat?post=21730"},{"taxonomy":"product_tag","embeddable":true,"href":"https:\/\/uj.adatbank.ro\/lexikon\/wp-json\/wp\/v2\/product_tag?post=21730"}],"curies":[{"name":"wp","href":"https:\/\/api.w.org\/{rel}","templated":true}]}}