{"id":21731,"date":"2025-07-22T19:35:31","date_gmt":"2025-07-22T17:35:31","guid":{"rendered":"https:\/\/uj.adatbank.ro\/lexikon\/termek\/szekely-anna\/"},"modified":"2025-07-22T19:35:31","modified_gmt":"2025-07-22T17:35:31","slug":"szekely-anna","status":"publish","type":"product","link":"https:\/\/uj.adatbank.ro\/lexikon\/termek\/szekely-anna\/","title":{"rendered":"SZ\u00c9KELY Anna"},"content":{"rendered":"<p>Marosugra, 1935. m\u00e1j. 10., \u2020 Mv., 1993. j\u00fal. 18. Marosugr\u00e1n temett\u00e9k el: sz\u00ednm\u0171v\u00e9sz. \u2013 F\u00e9rje T\u00f3th Tam\u00e1s sz\u00ednm\u0171v\u00e9sz. A mv.-i ref. elemi iskola (1941\u201345), a Ref. Le\u00e1nygimn\u00e1zium\/Le\u00e1nyl\u00edc. tanul\u00f3ja (1945\u201352); Kv.-on a BTE l\u00e9lektan szak\u00e1nak hallgat\u00f3ja (1952\u201354); a Szentgy\u00f6rgyi Istv\u00e1n Sz\u00ednm\u0171v\u00e9szeti Int\u00e9zetben v\u00e9gzett (1955\u201359), \u00e9s a v\u00e1ros Nemzeti Sz\u00ednh\u00e1za szerz\u0151dtette (1959\u2013). A Szentgy\u00f6rgyi Istv\u00e1n Sz\u00ednm\u0171v\u00e9szti Int\u00e9zet \u00f3raad\u00f3 tan\u00e1ra (1977\u201380). \u00c1t\u00e9l\u00e9ssel eleven\u00edtett meg dr\u00e1mai figur\u00e1kat, tragikus h\u0151sn\u0151ket. V\u00edgj\u00e1t\u00e9ki szerepeiben f\u0151k\u00e9nt az ironikus von\u00e1sokat emelte ki. Sz\u00e1mos el\u0151ad\u00f3esten l\u00e9pett fel: \u00c9nekelj aranymad\u00e1r, az \u00daj \u00c9let vil\u00e1girodalmi sorozata, (1968\u201371); Radn\u00f3ti-est (1969); Arany J\u00e1nos-est (1983); Kr\u00f3nik\u00e1s \u00e9nek, vers \u00e9s dal a sz\u00fcl\u0151f\u00f6ldr\u0151l, Kerekes T\u00f3th Erzs\u00e9bettel (1991); el\u0151adta Kocsis Istv\u00e1n A megkoszor\u00fazott c. monodr\u00e1m\u00e1j\u00e1t (1983). \u2013 <strong>F. sz.:<\/strong> Dorina (V. Stoenescu: Szerelmes levelek, 1960); Eta (P. Everac: A l\u00e1thatatlan staf\u00e9ta, 1964); Augustine (R. Thomas: Nyolc n\u0151, 1965); Malvin (Csiky G.: Bubor\u00e9kok, 1967); Kl\u00fctaimnesztra (Gyurk\u00f3 L.: Szerelmem, Elektra, 1968); M\u00e1rta (Szab\u00f3 Lajos: Az otthon sziget\u00e9n, 1969); Colette (Al. Kiri\u0163escu: Dar\u00e1zsf\u00e9szek, 1970); Kis Mikl\u00f3sn\u00e9 (Szab\u00f3 Lajos: Ments\u00e9g, 1971); Judith (T. Williams: Az iguana \u00e9jszak\u00e1ja, 1972); Olga (M. Gorkij: Nyaral\u00f3k, 1974); Olga (Csehov: H\u00e1rom n\u0151v\u00e9r, 1975); Rita (B. Vasziljev: Csendes hajnalok, 1976); Lady Britomart (G.B. Shaw: Barbara \u0151rnagy, 1977); Mara (B. Nusics: Dr. Pepike, 1978); Ilona (Kocsis I.: Nem z\u00e1rjuk kulcsra az ajt\u00f3t, 1980), Gertrudis (Katona J.: B\u00e1nk b\u00e1n, 1981); Nagyanya (Br\u00f3dy S. A dada, 1984); Blanche (E. Labiche: Szemf\u00e9nyveszt\u0151k, 1985); J\u00e1szai Mari (Kocsis I.: A megkoszor\u00fazott, 1983); Ogudalova (Osztrovszkij: A hozom\u00e1ny n\u00e9lk\u00fcli l\u00e1ny, 1986); \u00d6zvegy Ormodin\u00e9 (Szigliget-M\u00f3ricz: A csik\u00f3s, 1987); Anna (Gorkij: \u00c9jjeli mened\u00e9khely, 1989); Jocheb\u00e9d (Mad\u00e1ch Imre: M\u00f3zes, 1990). <br \/><strong>Irod.:<\/strong> A H\u00e9t \u00e9vk\u00f6nyve (1982); In memoriam Sz. A. \/ Ol\u00e1h Tiborral besz\u00e9lget J\u00e1szber\u00e9nyi Emese (N\u00fa., M\u00fazsa, 108. sz., 1993. aug. 5.); KKACs; Kusz\u00e1lik; Msz\u00ednL; MSZL; [Nekrol\u00f3g] (N\u00fa., 1993. j\u00fal. 20.); RMKK; Todea 2013; Varga S\u00e1ndor: J\u00e1szai Mari ism\u00e9t k\u00f6z\u00f6tt\u00fcnk (V. Z., 1983. m\u00e1rc. 12.).<\/br><\/p>\n","protected":false},"excerpt":{"rendered":"<p>Marosugra, 1935. m\u00e1j. 10., \u2020 Mv., 1993. j\u00fal. 18. Marosugr\u00e1n temett\u00e9k el: sz\u00ednm\u0171v\u00e9sz. \u2013 F\u00e9rje T\u00f3th Tam\u00e1s sz\u00ednm\u0171v\u00e9sz. A mv.-i ref. elemi iskola (1941\u201345), a Ref. Le\u00e1nygimn\u00e1zium\/Le\u00e1nyl\u00edc. tanul\u00f3ja (1945\u201352); Kv.-on a BTE l\u00e9lektan szak\u00e1nak hallgat\u00f3ja (1952\u201354); a Szentgy\u00f6rgyi Istv\u00e1n Sz\u00ednm\u0171v\u00e9szeti Int\u00e9zetben v\u00e9gzett (1955\u201359), \u00e9s a v\u00e1ros Nemzeti Sz\u00ednh\u00e1za szerz\u0151dtette (1959\u2013). A Szentgy\u00f6rgyi Istv\u00e1n Sz\u00ednm\u0171v\u00e9szti Int\u00e9zet [&hellip;]<\/p>\n","protected":false},"featured_media":0,"comment_status":"open","ping_status":"closed","template":"","meta":[],"product_brand":[],"product_cat":[137],"product_tag":[],"class_list":{"0":"post-21731","1":"product","2":"type-product","3":"status-publish","5":"product_cat-maros-megyei-eletrajzi-lexikon","7":"first","8":"instock","9":"shipping-taxable","10":"product-type-simple"},"_links":{"self":[{"href":"https:\/\/uj.adatbank.ro\/lexikon\/wp-json\/wp\/v2\/product\/21731","targetHints":{"allow":["GET"]}}],"collection":[{"href":"https:\/\/uj.adatbank.ro\/lexikon\/wp-json\/wp\/v2\/product"}],"about":[{"href":"https:\/\/uj.adatbank.ro\/lexikon\/wp-json\/wp\/v2\/types\/product"}],"replies":[{"embeddable":true,"href":"https:\/\/uj.adatbank.ro\/lexikon\/wp-json\/wp\/v2\/comments?post=21731"}],"wp:attachment":[{"href":"https:\/\/uj.adatbank.ro\/lexikon\/wp-json\/wp\/v2\/media?parent=21731"}],"wp:term":[{"taxonomy":"product_brand","embeddable":true,"href":"https:\/\/uj.adatbank.ro\/lexikon\/wp-json\/wp\/v2\/product_brand?post=21731"},{"taxonomy":"product_cat","embeddable":true,"href":"https:\/\/uj.adatbank.ro\/lexikon\/wp-json\/wp\/v2\/product_cat?post=21731"},{"taxonomy":"product_tag","embeddable":true,"href":"https:\/\/uj.adatbank.ro\/lexikon\/wp-json\/wp\/v2\/product_tag?post=21731"}],"curies":[{"name":"wp","href":"https:\/\/api.w.org\/{rel}","templated":true}]}}