{"id":21732,"date":"2025-07-22T19:35:33","date_gmt":"2025-07-22T17:35:33","guid":{"rendered":"https:\/\/uj.adatbank.ro\/lexikon\/termek\/szekely-antal\/"},"modified":"2025-07-22T19:35:33","modified_gmt":"2025-07-22T17:35:33","slug":"szekely-antal","status":"publish","type":"product","link":"https:\/\/uj.adatbank.ro\/lexikon\/termek\/szekely-antal\/","title":{"rendered":"SZ\u00c9KELY Antal"},"content":{"rendered":"<p>? \u2020?: ferences professzor, p\u00e1pai k\u00e1pl\u00e1n \u2013 Minorita professzor. IX Bonif\u00e1c p\u00e1pa gy\u00f3ntat\u00e1si joggal ruh\u00e1zta fel \u0151t \u00e9s hal\u00e1la ut\u00e1n a kolostor minden f\u0151n\u00f6k\u00e9t \u00e9s hat alkalmas ferences \u00e1ldoz\u00f3 papot (1400). Mellette 6 mis\u00e9s pap hallgatta ki a b\u00facs\u00fasok szent gy\u00f3n\u00e1s\u00e1t. (m\u00e1rc. 25.-\u00e9n), amikor a mai cs\u00edksomly\u00f3i b\u00facs\u00fa mint\u00e1j\u00e1ra a p\u00e1pa enged\u00e9ly\u00e9vel b\u00facs\u00fat tartottak Mv.-en. <br \/><strong>Irod.:<\/strong> Id\u0151t\u00e1r 1; Lesty\u00e1n F.: Eml\u00e9kek a sz\u00e9kelyf\u0151v\u00e1rosi rk. egyh\u00e1zk\u00f6zs\u00e9g m\u00faltj\u00e1b\u00f3l = Kr\u00f3n F\u00fcz. (1937. 2\/6), Lesty\u00e1n F.: Mv. katolikus m\u00faltja = Mv. T\u00f6rt\u00e9net\u00e9b\u0151l; P\u00e1l-Antal 2009.<\/br><\/p>\n","protected":false},"excerpt":{"rendered":"<p>? \u2020?: ferences professzor, p\u00e1pai k\u00e1pl\u00e1n \u2013 Minorita professzor. IX Bonif\u00e1c p\u00e1pa gy\u00f3ntat\u00e1si joggal ruh\u00e1zta fel \u0151t \u00e9s hal\u00e1la ut\u00e1n a kolostor minden f\u0151n\u00f6k\u00e9t \u00e9s hat alkalmas ferences \u00e1ldoz\u00f3 papot (1400). Mellette 6 mis\u00e9s pap hallgatta ki a b\u00facs\u00fasok szent gy\u00f3n\u00e1s\u00e1t. (m\u00e1rc. 25.-\u00e9n), amikor a mai cs\u00edksomly\u00f3i b\u00facs\u00fa mint\u00e1j\u00e1ra a p\u00e1pa enged\u00e9ly\u00e9vel b\u00facs\u00fat tartottak Mv.-en. [&hellip;]<\/p>\n","protected":false},"featured_media":0,"comment_status":"open","ping_status":"closed","template":"","meta":[],"product_brand":[],"product_cat":[137],"product_tag":[],"class_list":{"0":"post-21732","1":"product","2":"type-product","3":"status-publish","5":"product_cat-maros-megyei-eletrajzi-lexikon","7":"first","8":"instock","9":"shipping-taxable","10":"product-type-simple"},"_links":{"self":[{"href":"https:\/\/uj.adatbank.ro\/lexikon\/wp-json\/wp\/v2\/product\/21732","targetHints":{"allow":["GET"]}}],"collection":[{"href":"https:\/\/uj.adatbank.ro\/lexikon\/wp-json\/wp\/v2\/product"}],"about":[{"href":"https:\/\/uj.adatbank.ro\/lexikon\/wp-json\/wp\/v2\/types\/product"}],"replies":[{"embeddable":true,"href":"https:\/\/uj.adatbank.ro\/lexikon\/wp-json\/wp\/v2\/comments?post=21732"}],"wp:attachment":[{"href":"https:\/\/uj.adatbank.ro\/lexikon\/wp-json\/wp\/v2\/media?parent=21732"}],"wp:term":[{"taxonomy":"product_brand","embeddable":true,"href":"https:\/\/uj.adatbank.ro\/lexikon\/wp-json\/wp\/v2\/product_brand?post=21732"},{"taxonomy":"product_cat","embeddable":true,"href":"https:\/\/uj.adatbank.ro\/lexikon\/wp-json\/wp\/v2\/product_cat?post=21732"},{"taxonomy":"product_tag","embeddable":true,"href":"https:\/\/uj.adatbank.ro\/lexikon\/wp-json\/wp\/v2\/product_tag?post=21732"}],"curies":[{"name":"wp","href":"https:\/\/api.w.org\/{rel}","templated":true}]}}