{"id":21733,"date":"2025-07-22T19:35:36","date_gmt":"2025-07-22T17:35:36","guid":{"rendered":"https:\/\/uj.adatbank.ro\/lexikon\/termek\/szekely-arpad\/"},"modified":"2025-07-22T19:35:36","modified_gmt":"2025-07-22T17:35:36","slug":"szekely-arpad","status":"publish","type":"product","link":"https:\/\/uj.adatbank.ro\/lexikon\/termek\/szekely-arpad\/","title":{"rendered":"SZ\u00c9KELY \u00c1rp\u00e1d"},"content":{"rendered":"<p>Feny\u00e9d, 1905. m\u00e1j. 12. \u2020\u00a0Brass\u00f3, 1989. m\u00e1rc. 17.: r. k. pap. \u2013 Papp\u00e1 szentelt\u00e9k (1928. j\u00fan. 24.). K\u00e1pl\u00e1n Gyergy\u00f3remet\u00e9n, Cs\u00edkszentsimonon, Ditr\u00f3ban, Zetelak\u00e1n \u00e9s Cs\u00edkszentmih\u00e1lyon. Lelkip\u00e1sztor B\u00f6z\u00f6d\u00fajfaluban (1931), Magyarl\u00e1poson (1939), Borsz\u00e9ken (1945), K\u00fck\u00fcll\u0151kem\u00e9nyfalv\u00e1n (1949), Nyik\u00f3malomfalv\u00e1n (1957), Oroszhegyen (1961), G\u00f6rg\u00e9ny\u00fcvegcs\u0171r\u00f6n pl\u00e9b\u00e1nos (1966\u201372). Nyugd\u00edjba vonul\u00e1sa ut\u00e1n (1974\u2013) Abosfalv\u00e1n v\u00e1llalta a papi teend\u0151ket. <br \/><strong>Irod.:<\/strong> Ferenczi S\u00e1ndor 2009; Maros-k\u00fck\u00fcll\u0151i f\u0151esp.<\/br><\/p>\n","protected":false},"excerpt":{"rendered":"<p>Feny\u00e9d, 1905. m\u00e1j. 12. \u2020\u00a0Brass\u00f3, 1989. m\u00e1rc. 17.: r. k. pap. \u2013 Papp\u00e1 szentelt\u00e9k (1928. j\u00fan. 24.). K\u00e1pl\u00e1n Gyergy\u00f3remet\u00e9n, Cs\u00edkszentsimonon, Ditr\u00f3ban, Zetelak\u00e1n \u00e9s Cs\u00edkszentmih\u00e1lyon. Lelkip\u00e1sztor B\u00f6z\u00f6d\u00fajfaluban (1931), Magyarl\u00e1poson (1939), Borsz\u00e9ken (1945), K\u00fck\u00fcll\u0151kem\u00e9nyfalv\u00e1n (1949), Nyik\u00f3malomfalv\u00e1n (1957), Oroszhegyen (1961), G\u00f6rg\u00e9ny\u00fcvegcs\u0171r\u00f6n pl\u00e9b\u00e1nos (1966\u201372). Nyugd\u00edjba vonul\u00e1sa ut\u00e1n (1974\u2013) Abosfalv\u00e1n v\u00e1llalta a papi teend\u0151ket. Irod.: Ferenczi S\u00e1ndor 2009; Maros-k\u00fck\u00fcll\u0151i f\u0151esp.<\/p>\n","protected":false},"featured_media":0,"comment_status":"open","ping_status":"closed","template":"","meta":[],"product_brand":[],"product_cat":[137],"product_tag":[],"class_list":{"0":"post-21733","1":"product","2":"type-product","3":"status-publish","5":"product_cat-maros-megyei-eletrajzi-lexikon","7":"first","8":"instock","9":"shipping-taxable","10":"product-type-simple"},"_links":{"self":[{"href":"https:\/\/uj.adatbank.ro\/lexikon\/wp-json\/wp\/v2\/product\/21733","targetHints":{"allow":["GET"]}}],"collection":[{"href":"https:\/\/uj.adatbank.ro\/lexikon\/wp-json\/wp\/v2\/product"}],"about":[{"href":"https:\/\/uj.adatbank.ro\/lexikon\/wp-json\/wp\/v2\/types\/product"}],"replies":[{"embeddable":true,"href":"https:\/\/uj.adatbank.ro\/lexikon\/wp-json\/wp\/v2\/comments?post=21733"}],"wp:attachment":[{"href":"https:\/\/uj.adatbank.ro\/lexikon\/wp-json\/wp\/v2\/media?parent=21733"}],"wp:term":[{"taxonomy":"product_brand","embeddable":true,"href":"https:\/\/uj.adatbank.ro\/lexikon\/wp-json\/wp\/v2\/product_brand?post=21733"},{"taxonomy":"product_cat","embeddable":true,"href":"https:\/\/uj.adatbank.ro\/lexikon\/wp-json\/wp\/v2\/product_cat?post=21733"},{"taxonomy":"product_tag","embeddable":true,"href":"https:\/\/uj.adatbank.ro\/lexikon\/wp-json\/wp\/v2\/product_tag?post=21733"}],"curies":[{"name":"wp","href":"https:\/\/api.w.org\/{rel}","templated":true}]}}