{"id":21735,"date":"2025-07-22T19:35:39","date_gmt":"2025-07-22T17:35:39","guid":{"rendered":"https:\/\/uj.adatbank.ro\/lexikon\/termek\/szekely-bela\/"},"modified":"2025-07-22T19:35:39","modified_gmt":"2025-07-22T17:35:39","slug":"szekely-bela","status":"publish","type":"product","link":"https:\/\/uj.adatbank.ro\/lexikon\/termek\/szekely-bela\/","title":{"rendered":"SZ\u00c9KELY B\u00e9la"},"content":{"rendered":"<p>1926., \u2020 Mv., 2004. jan. 12. Sz\u00e1szr\u00e9genben temett\u00e9k: f\u00fcl-orr-g\u00e9g\u00e9sz szakorvos. <br \/><strong>Irod.:<\/strong> [Nekrol\u00f3g] (N\u00fa., 2004. jan. 13.).<\/br><\/p>\n","protected":false},"excerpt":{"rendered":"<p>1926., \u2020 Mv., 2004. jan. 12. Sz\u00e1szr\u00e9genben temett\u00e9k: f\u00fcl-orr-g\u00e9g\u00e9sz szakorvos. Irod.: [Nekrol\u00f3g] (N\u00fa., 2004. jan. 13.).<\/p>\n","protected":false},"featured_media":0,"comment_status":"open","ping_status":"closed","template":"","meta":[],"product_brand":[],"product_cat":[137],"product_tag":[],"class_list":{"0":"post-21735","1":"product","2":"type-product","3":"status-publish","5":"product_cat-maros-megyei-eletrajzi-lexikon","7":"first","8":"instock","9":"shipping-taxable","10":"product-type-simple"},"_links":{"self":[{"href":"https:\/\/uj.adatbank.ro\/lexikon\/wp-json\/wp\/v2\/product\/21735","targetHints":{"allow":["GET"]}}],"collection":[{"href":"https:\/\/uj.adatbank.ro\/lexikon\/wp-json\/wp\/v2\/product"}],"about":[{"href":"https:\/\/uj.adatbank.ro\/lexikon\/wp-json\/wp\/v2\/types\/product"}],"replies":[{"embeddable":true,"href":"https:\/\/uj.adatbank.ro\/lexikon\/wp-json\/wp\/v2\/comments?post=21735"}],"wp:attachment":[{"href":"https:\/\/uj.adatbank.ro\/lexikon\/wp-json\/wp\/v2\/media?parent=21735"}],"wp:term":[{"taxonomy":"product_brand","embeddable":true,"href":"https:\/\/uj.adatbank.ro\/lexikon\/wp-json\/wp\/v2\/product_brand?post=21735"},{"taxonomy":"product_cat","embeddable":true,"href":"https:\/\/uj.adatbank.ro\/lexikon\/wp-json\/wp\/v2\/product_cat?post=21735"},{"taxonomy":"product_tag","embeddable":true,"href":"https:\/\/uj.adatbank.ro\/lexikon\/wp-json\/wp\/v2\/product_tag?post=21735"}],"curies":[{"name":"wp","href":"https:\/\/api.w.org\/{rel}","templated":true}]}}