{"id":21736,"date":"2025-07-22T19:35:41","date_gmt":"2025-07-22T17:35:41","guid":{"rendered":"https:\/\/uj.adatbank.ro\/lexikon\/termek\/szekely-bernad\/"},"modified":"2025-07-22T19:35:41","modified_gmt":"2025-07-22T17:35:41","slug":"szekely-bernad","status":"publish","type":"product","link":"https:\/\/uj.adatbank.ro\/lexikon\/termek\/szekely-bernad\/","title":{"rendered":"SZ\u00c9KELY Bern\u00e1d"},"content":{"rendered":"<p>? \u2020?: nagyernyei birtokos. \u2013Sz\u00e9kely Ferenc, esztergomi 150 magyar forint ellen\u00e9ben elz\u00e1logos\u00edtotta neki Kisfaludot, jeddi \u00e9s kebeleszentiv\u00e1nyi r\u00e9szbirtokait \u00e9s h\u00e1rom sz\u00e9kely l\u0151f\u0151s\u00e9g\u00e9t (1505), <br \/><strong>Irod.:<\/strong> Id\u0151t\u00e1r 1; SzOkl, 5.<\/br><\/p>\n","protected":false},"excerpt":{"rendered":"<p>? \u2020?: nagyernyei birtokos. \u2013Sz\u00e9kely Ferenc, esztergomi 150 magyar forint ellen\u00e9ben elz\u00e1logos\u00edtotta neki Kisfaludot, jeddi \u00e9s kebeleszentiv\u00e1nyi r\u00e9szbirtokait \u00e9s h\u00e1rom sz\u00e9kely l\u0151f\u0151s\u00e9g\u00e9t (1505), Irod.: Id\u0151t\u00e1r 1; SzOkl, 5.<\/p>\n","protected":false},"featured_media":0,"comment_status":"open","ping_status":"closed","template":"","meta":[],"product_brand":[],"product_cat":[137],"product_tag":[],"class_list":{"0":"post-21736","1":"product","2":"type-product","3":"status-publish","5":"product_cat-maros-megyei-eletrajzi-lexikon","7":"first","8":"instock","9":"shipping-taxable","10":"product-type-simple"},"_links":{"self":[{"href":"https:\/\/uj.adatbank.ro\/lexikon\/wp-json\/wp\/v2\/product\/21736","targetHints":{"allow":["GET"]}}],"collection":[{"href":"https:\/\/uj.adatbank.ro\/lexikon\/wp-json\/wp\/v2\/product"}],"about":[{"href":"https:\/\/uj.adatbank.ro\/lexikon\/wp-json\/wp\/v2\/types\/product"}],"replies":[{"embeddable":true,"href":"https:\/\/uj.adatbank.ro\/lexikon\/wp-json\/wp\/v2\/comments?post=21736"}],"wp:attachment":[{"href":"https:\/\/uj.adatbank.ro\/lexikon\/wp-json\/wp\/v2\/media?parent=21736"}],"wp:term":[{"taxonomy":"product_brand","embeddable":true,"href":"https:\/\/uj.adatbank.ro\/lexikon\/wp-json\/wp\/v2\/product_brand?post=21736"},{"taxonomy":"product_cat","embeddable":true,"href":"https:\/\/uj.adatbank.ro\/lexikon\/wp-json\/wp\/v2\/product_cat?post=21736"},{"taxonomy":"product_tag","embeddable":true,"href":"https:\/\/uj.adatbank.ro\/lexikon\/wp-json\/wp\/v2\/product_tag?post=21736"}],"curies":[{"name":"wp","href":"https:\/\/api.w.org\/{rel}","templated":true}]}}