{"id":21738,"date":"2025-07-22T19:35:47","date_gmt":"2025-07-22T17:35:47","guid":{"rendered":"https:\/\/uj.adatbank.ro\/lexikon\/termek\/szekely-david\/"},"modified":"2025-07-22T19:35:47","modified_gmt":"2025-07-22T17:35:47","slug":"szekely-david","status":"publish","type":"product","link":"https:\/\/uj.adatbank.ro\/lexikon\/termek\/szekely-david\/","title":{"rendered":"SZ\u00c9KELY D\u00e1vid"},"content":{"rendered":"<p>Ny\u00e1r\u00e1dg\u00e1lfalva? \u2020?: ny\u00e1r\u00e1dg\u00e1lfalvi orvos. \u2013 A bp.-i orvosi egyetemen szerezte diplom\u00e1j\u00e1t (1891\/92). <br \/><strong>Irod.:<\/strong> H\u00f6gyes.<\/br><\/p>\n","protected":false},"excerpt":{"rendered":"<p>Ny\u00e1r\u00e1dg\u00e1lfalva? \u2020?: ny\u00e1r\u00e1dg\u00e1lfalvi orvos. \u2013 A bp.-i orvosi egyetemen szerezte diplom\u00e1j\u00e1t (1891\/92). Irod.: H\u00f6gyes.<\/p>\n","protected":false},"featured_media":0,"comment_status":"open","ping_status":"closed","template":"","meta":[],"product_brand":[],"product_cat":[137],"product_tag":[],"class_list":{"0":"post-21738","1":"product","2":"type-product","3":"status-publish","5":"product_cat-maros-megyei-eletrajzi-lexikon","7":"first","8":"instock","9":"shipping-taxable","10":"product-type-simple"},"_links":{"self":[{"href":"https:\/\/uj.adatbank.ro\/lexikon\/wp-json\/wp\/v2\/product\/21738","targetHints":{"allow":["GET"]}}],"collection":[{"href":"https:\/\/uj.adatbank.ro\/lexikon\/wp-json\/wp\/v2\/product"}],"about":[{"href":"https:\/\/uj.adatbank.ro\/lexikon\/wp-json\/wp\/v2\/types\/product"}],"replies":[{"embeddable":true,"href":"https:\/\/uj.adatbank.ro\/lexikon\/wp-json\/wp\/v2\/comments?post=21738"}],"wp:attachment":[{"href":"https:\/\/uj.adatbank.ro\/lexikon\/wp-json\/wp\/v2\/media?parent=21738"}],"wp:term":[{"taxonomy":"product_brand","embeddable":true,"href":"https:\/\/uj.adatbank.ro\/lexikon\/wp-json\/wp\/v2\/product_brand?post=21738"},{"taxonomy":"product_cat","embeddable":true,"href":"https:\/\/uj.adatbank.ro\/lexikon\/wp-json\/wp\/v2\/product_cat?post=21738"},{"taxonomy":"product_tag","embeddable":true,"href":"https:\/\/uj.adatbank.ro\/lexikon\/wp-json\/wp\/v2\/product_tag?post=21738"}],"curies":[{"name":"wp","href":"https:\/\/api.w.org\/{rel}","templated":true}]}}