{"id":21739,"date":"2025-07-22T19:35:49","date_gmt":"2025-07-22T17:35:49","guid":{"rendered":"https:\/\/uj.adatbank.ro\/lexikon\/termek\/szekely-denes\/"},"modified":"2025-07-22T19:35:49","modified_gmt":"2025-07-22T17:35:49","slug":"szekely-denes","status":"publish","type":"product","link":"https:\/\/uj.adatbank.ro\/lexikon\/termek\/szekely-denes\/","title":{"rendered":"SZ\u00c9KELY D\u00e9nes"},"content":{"rendered":"<p>? \u2020?: cip\u00e9sz. \u2013 Mv.-i cip\u00e9sz mester. J\u00f3 munk\u00e1j\u00e1\u00e9rt a Bp.-i Orsz\u00e1gos \u00c1ltal\u00e1nos Ki\u00e1ll.-on nagy \u00e9remmel jutalmaztak (1885). <br \/><strong>Irod.:<\/strong> 1885. \u00e9vi ki\u00e1ll.; \u00d6kr\u00f6s.<\/br><\/p>\n","protected":false},"excerpt":{"rendered":"<p>? \u2020?: cip\u00e9sz. \u2013 Mv.-i cip\u00e9sz mester. J\u00f3 munk\u00e1j\u00e1\u00e9rt a Bp.-i Orsz\u00e1gos \u00c1ltal\u00e1nos Ki\u00e1ll.-on nagy \u00e9remmel jutalmaztak (1885). Irod.: 1885. \u00e9vi ki\u00e1ll.; \u00d6kr\u00f6s.<\/p>\n","protected":false},"featured_media":0,"comment_status":"open","ping_status":"closed","template":"","meta":[],"product_brand":[],"product_cat":[137],"product_tag":[],"class_list":{"0":"post-21739","1":"product","2":"type-product","3":"status-publish","5":"product_cat-maros-megyei-eletrajzi-lexikon","7":"first","8":"instock","9":"shipping-taxable","10":"product-type-simple"},"_links":{"self":[{"href":"https:\/\/uj.adatbank.ro\/lexikon\/wp-json\/wp\/v2\/product\/21739","targetHints":{"allow":["GET"]}}],"collection":[{"href":"https:\/\/uj.adatbank.ro\/lexikon\/wp-json\/wp\/v2\/product"}],"about":[{"href":"https:\/\/uj.adatbank.ro\/lexikon\/wp-json\/wp\/v2\/types\/product"}],"replies":[{"embeddable":true,"href":"https:\/\/uj.adatbank.ro\/lexikon\/wp-json\/wp\/v2\/comments?post=21739"}],"wp:attachment":[{"href":"https:\/\/uj.adatbank.ro\/lexikon\/wp-json\/wp\/v2\/media?parent=21739"}],"wp:term":[{"taxonomy":"product_brand","embeddable":true,"href":"https:\/\/uj.adatbank.ro\/lexikon\/wp-json\/wp\/v2\/product_brand?post=21739"},{"taxonomy":"product_cat","embeddable":true,"href":"https:\/\/uj.adatbank.ro\/lexikon\/wp-json\/wp\/v2\/product_cat?post=21739"},{"taxonomy":"product_tag","embeddable":true,"href":"https:\/\/uj.adatbank.ro\/lexikon\/wp-json\/wp\/v2\/product_tag?post=21739"}],"curies":[{"name":"wp","href":"https:\/\/api.w.org\/{rel}","templated":true}]}}