{"id":21740,"date":"2025-07-22T19:35:53","date_gmt":"2025-07-22T17:35:53","guid":{"rendered":"https:\/\/uj.adatbank.ro\/lexikon\/termek\/szekely-denes-2\/"},"modified":"2025-07-22T19:35:53","modified_gmt":"2025-07-22T17:35:53","slug":"szekely-denes-2","status":"publish","type":"product","link":"https:\/\/uj.adatbank.ro\/lexikon\/termek\/szekely-denes-2\/","title":{"rendered":"SZ\u00c9KELY D\u00e9nes"},"content":{"rendered":"<p>Bodos, 1935. szept. 23. \u2020 Bp., 2011 jan. 2.: t\u00e1ncm\u0171v\u00e9sz, koreogr\u00e1fus, igazgat\u00f3. \u2013 Feles\u00e9ge: (1960\u2013) Sz\u00e9kely Olga, a Bolyai TE v\u00e9gzett (1955).A mv.-i pion\u00edregy\u00fcttes, majd a Pion\u00edrh\u00e1z koreogr\u00e1fusa, t\u00f6bb \u00e1llami d\u00edj kit\u00fcntet\u00e9snek a birtokosa. \u2013 A Sz\u00e9kelykereszt\u00fari Pedag\u00f3giai K\u00f6z\u00e9piskola elv\u00e9gz\u00e9se ut\u00e1n (1953), Kv.-on a BTE pedag\u00f3gia-pszichol\u00f3gia szak\u00e1n szerzett okl.-t. Mint egyetemista r\u00e9szt vett a Bolyai N\u00e9pi Egy\u00fcttes tev\u00e9kenys\u00e9g\u00e9ben \u00e9s elk\u00f6telezte mag\u00e1t eg\u00e9sz \u00e9let\u00e9re a n\u00e9pm\u0171v\u00e9szetnek, azon bel\u00fcl is a t\u00e1ncm\u0171v\u00e9szetnek. Jelentkezett az akkor alakul\u00f3 mv.-i Sz\u00e9kely N\u00e9pi Egy\u00fctteshez t\u00e1ncosnak (1956). \u00e9s fel is vett\u00e9k. Az egyetem elv\u00e9gz\u00e9se ut\u00e1n tan\u00edtott pedag\u00f3gi\u00e1t \u00e9s pszichol\u00f3gi\u00e1t a mv.-i Pedag\u00f3giai F\u0151iskol\u00e1n, a tan\u00edt\u00f3- \u00e9s \u00f3v\u00f3n\u0151k\u00e9pz\u0151ben, a Papiu L\u00edc.-ban, mozg\u00e1sm\u0171v\u00e9szetet a Szent Gy\u00f6rgyi Istv\u00e1n Sz\u00ednm\u0171v\u00e9szeti Int\u00e9zetben \u00e9s t\u00e1ncolt a N\u00e9pi Egy\u00fcttesben. T\u00f6bbekkel megalak\u00edtotta a Gyermek Egy\u00fcttest (1958). Rendez\u0151-koreogr\u00e1fus kinevez\u00e9st kapott A Sz\u00e9kely N\u00e9pi Egy\u00fcttesn\u00e9l (1960) koreogr\u00e1fusak\u00e9nt a Lakodalmas c. m\u0171sorral mutatkozott be, k\u00e9s\u0151bb, amikor \u00f6sszevont\u00e1k az egy\u00fcttest a Filharm\u00f3ni\u00e1val kinevezt\u00e9k m\u0171v\u00e9szeti igazgat\u00f3nak (1970). B\u00e1r szakter\u00fclete a t\u00e1nc, a gy\u0171jt\u00e9st nem csak a n\u00e9pt\u00e1ncra korl\u00e1tozta a n\u00e9pm\u0171v\u00e9szetet a maga komplexit\u00e1s\u00e1ban tanulm\u00e1nyozta. Az eg\u00e9sz megye t\u00e1ncreperto\u00e1rj\u00e1t, n\u00e9pi szok\u00e1sait \u00e9s hagyom\u00e1nyait vitte sz\u00ednpadra az egy\u00fcttes tehets\u00e9ges t\u00e1ncosaival. Vend\u00e9gszerepelt az egy\u00fcttessel az orsz\u00e1gban \u00e9s k\u00fclf\u00f6ld\u00f6n, E\u00c1, N\u00e9meto., Szovjetuni\u00f3, K\u00edna, Mong\u00f3lia, Korea, Mo. stb. A Sz\u00e9kely Sz\u00ednh\u00e1z t\u00e1rsrendez\u0151je \u00e9s koreogr\u00e1fusak\u00e9nt egy\u00fctt dolgozott olyan rendez\u0151kkel, mint Tompa Mikl\u00f3s, Kov\u00e1cs Gy\u00f6rgy, Harag Gy\u00f6rgy, Hunyadi Andr\u00e1s, Dan Alexandrescu stb. Antal P\u00e1llal rendezett a B\u00e1bsz\u00ednh\u00e1zban: Arany J. Toldi, Pet\u0151fi: A helys\u00e9g kalap\u00e1csa. Rendezte \u00e9s a koreogr\u00e1fi\u00e1t k\u00e9sz\u00edtette a kv.-i Magyar Opera Kod\u00e1ly Zolt\u00e1n: Sz\u00e9kely fon\u00f3 c. oper\u00e1j\u00e1t (1982). Megalak\u00edtotta Domokos Istv\u00e1nnal a MOGYI n\u00e9pi egy\u00fcttes\u00e9t, valamint a Pedag\u00f3giai F\u0151iskola n\u00e9pi egy\u00fcttes\u00e9t, amelyek d\u00edjakat nyertek. Sz\u00e1mtalan iskol\u00e1ban, \u00fczemi csoportban seg\u00edtette a n\u00e9pt\u00e1ncmozgalmat. Betegnyugd\u00edjba vonult (1992). T\u00f6bb alkalommal kit\u00fcntett\u00e9k. \u2013 <strong>F. m.<\/strong>: B\u00e1l Ro\u015fii Mun\u0163i-n. T\u00e1ncj\u00e1t\u00e9k egy k\u00e9pben (Mv., 1968); Bal la Ro\u015fii Mun\u0163i. Tablou coreografic (Tg. M., 1968), T\u00e1ncol a sz\u00e9kely (Mv., 2005). <br \/><strong>Irod.:<\/strong> Bodor P\u00e1l: Nem felejtj\u00fck el Sz. D.-t (N\u00fa., M\u00fazsa, 963. sz., 2011. j\u00fan. 8.); Csepreghy A. \u2013 Cs.H; MMK; Mv.-i N\u00e9pi Egy\u00fctt. (M\u00fazsa, 238. sz., 1996. m\u00e1rc.); R\u00e9thy\u2013\u00dajv\u00e1ri\u2013V\u00e1czi, Sz\u00e9kely D\u00e9nes 2005; Sz\u00e9kely Sz.Z.; T\u00e1ncol a Sz\u00e9kely (N\u00fa., 2011. jan.4.).<\/br><\/p>\n","protected":false},"excerpt":{"rendered":"<p>Bodos, 1935. szept. 23. \u2020 Bp., 2011 jan. 2.: t\u00e1ncm\u0171v\u00e9sz, koreogr\u00e1fus, igazgat\u00f3. \u2013 Feles\u00e9ge: (1960\u2013) Sz\u00e9kely Olga, a Bolyai TE v\u00e9gzett (1955).A mv.-i pion\u00edregy\u00fcttes, majd a Pion\u00edrh\u00e1z koreogr\u00e1fusa, t\u00f6bb \u00e1llami d\u00edj kit\u00fcntet\u00e9snek a birtokosa. \u2013 A Sz\u00e9kelykereszt\u00fari Pedag\u00f3giai K\u00f6z\u00e9piskola elv\u00e9gz\u00e9se ut\u00e1n (1953), Kv.-on a BTE pedag\u00f3gia-pszichol\u00f3gia szak\u00e1n szerzett okl.-t. Mint egyetemista r\u00e9szt vett a Bolyai [&hellip;]<\/p>\n","protected":false},"featured_media":0,"comment_status":"open","ping_status":"closed","template":"","meta":[],"product_brand":[],"product_cat":[137],"product_tag":[],"class_list":{"0":"post-21740","1":"product","2":"type-product","3":"status-publish","5":"product_cat-maros-megyei-eletrajzi-lexikon","7":"first","8":"instock","9":"shipping-taxable","10":"product-type-simple"},"_links":{"self":[{"href":"https:\/\/uj.adatbank.ro\/lexikon\/wp-json\/wp\/v2\/product\/21740","targetHints":{"allow":["GET"]}}],"collection":[{"href":"https:\/\/uj.adatbank.ro\/lexikon\/wp-json\/wp\/v2\/product"}],"about":[{"href":"https:\/\/uj.adatbank.ro\/lexikon\/wp-json\/wp\/v2\/types\/product"}],"replies":[{"embeddable":true,"href":"https:\/\/uj.adatbank.ro\/lexikon\/wp-json\/wp\/v2\/comments?post=21740"}],"wp:attachment":[{"href":"https:\/\/uj.adatbank.ro\/lexikon\/wp-json\/wp\/v2\/media?parent=21740"}],"wp:term":[{"taxonomy":"product_brand","embeddable":true,"href":"https:\/\/uj.adatbank.ro\/lexikon\/wp-json\/wp\/v2\/product_brand?post=21740"},{"taxonomy":"product_cat","embeddable":true,"href":"https:\/\/uj.adatbank.ro\/lexikon\/wp-json\/wp\/v2\/product_cat?post=21740"},{"taxonomy":"product_tag","embeddable":true,"href":"https:\/\/uj.adatbank.ro\/lexikon\/wp-json\/wp\/v2\/product_tag?post=21740"}],"curies":[{"name":"wp","href":"https:\/\/api.w.org\/{rel}","templated":true}]}}