{"id":21741,"date":"2025-07-22T19:35:55","date_gmt":"2025-07-22T17:35:55","guid":{"rendered":"https:\/\/uj.adatbank.ro\/lexikon\/termek\/szekely-elek-pokakereszturi\/"},"modified":"2025-07-22T19:35:55","modified_gmt":"2025-07-22T17:35:55","slug":"szekely-elek-pokakereszturi","status":"publish","type":"product","link":"https:\/\/uj.adatbank.ro\/lexikon\/termek\/szekely-elek-pokakereszturi\/","title":{"rendered":"SZ\u00c9KELY Elek, p\u00f3kakereszt\u00fari"},"content":{"rendered":"<p>S\u00f3falva (Maros), 1774. \u2020?: test\u0151r, katonatiszt. \u2013 A test\u0151rs\u00e9gben (1793\u20131797), majd a hadseregben szolg\u00e1lt, s alezredesi rangban ment nyugd\u00edjba. <br \/><strong>Irod.:<\/strong> MTN.<\/br><\/p>\n","protected":false},"excerpt":{"rendered":"<p>S\u00f3falva (Maros), 1774. \u2020?: test\u0151r, katonatiszt. \u2013 A test\u0151rs\u00e9gben (1793\u20131797), majd a hadseregben szolg\u00e1lt, s alezredesi rangban ment nyugd\u00edjba. Irod.: MTN.<\/p>\n","protected":false},"featured_media":0,"comment_status":"open","ping_status":"closed","template":"","meta":[],"product_brand":[],"product_cat":[137],"product_tag":[],"class_list":{"0":"post-21741","1":"product","2":"type-product","3":"status-publish","5":"product_cat-maros-megyei-eletrajzi-lexikon","7":"first","8":"instock","9":"shipping-taxable","10":"product-type-simple"},"_links":{"self":[{"href":"https:\/\/uj.adatbank.ro\/lexikon\/wp-json\/wp\/v2\/product\/21741","targetHints":{"allow":["GET"]}}],"collection":[{"href":"https:\/\/uj.adatbank.ro\/lexikon\/wp-json\/wp\/v2\/product"}],"about":[{"href":"https:\/\/uj.adatbank.ro\/lexikon\/wp-json\/wp\/v2\/types\/product"}],"replies":[{"embeddable":true,"href":"https:\/\/uj.adatbank.ro\/lexikon\/wp-json\/wp\/v2\/comments?post=21741"}],"wp:attachment":[{"href":"https:\/\/uj.adatbank.ro\/lexikon\/wp-json\/wp\/v2\/media?parent=21741"}],"wp:term":[{"taxonomy":"product_brand","embeddable":true,"href":"https:\/\/uj.adatbank.ro\/lexikon\/wp-json\/wp\/v2\/product_brand?post=21741"},{"taxonomy":"product_cat","embeddable":true,"href":"https:\/\/uj.adatbank.ro\/lexikon\/wp-json\/wp\/v2\/product_cat?post=21741"},{"taxonomy":"product_tag","embeddable":true,"href":"https:\/\/uj.adatbank.ro\/lexikon\/wp-json\/wp\/v2\/product_tag?post=21741"}],"curies":[{"name":"wp","href":"https:\/\/api.w.org\/{rel}","templated":true}]}}