{"id":21742,"date":"2025-07-22T19:35:57","date_gmt":"2025-07-22T17:35:57","guid":{"rendered":"https:\/\/uj.adatbank.ro\/lexikon\/termek\/szekely-elek-pokakereszturi-2\/"},"modified":"2025-07-22T19:35:57","modified_gmt":"2025-07-22T17:35:57","slug":"szekely-elek-pokakereszturi-2","status":"publish","type":"product","link":"https:\/\/uj.adatbank.ro\/lexikon\/termek\/szekely-elek-pokakereszturi-2\/","title":{"rendered":"SZ\u00c9KELY Elek, p\u00f3kakereszt\u00fari"},"content":{"rendered":"<p>1832?, \u2020 Mv., 1894. j\u00fal. 6.: ad\u00f3t\u00e1rnok. \u2013 Testv\u00e9re: Sz. M\u00e1ria Hints D\u00e1nieln\u00e9. Feles\u00e9ge: egrest\u0151i Csan\u00e1dy Ida. Gyermekeik: Gabriella k\u00e9zdiszentkatolnai Elekes P\u00e1ln\u00e9 (1876.? \u2013 Mv., 1910. dec. 1.), Endre, G\u00e1bor. \u2013 Mv.-en m. kir. ad\u00f3p\u00e9nzt\u00e1rnok, a koron\u00e1s arany \u00e9rdemkereszt tulajdonosa. <br \/><strong>Irod.:<\/strong> Gy\u00e1szjelent\u0151; P\u00e1lmay J\u00f3zsef.<\/br><\/p>\n","protected":false},"excerpt":{"rendered":"<p>1832?, \u2020 Mv., 1894. j\u00fal. 6.: ad\u00f3t\u00e1rnok. \u2013 Testv\u00e9re: Sz. M\u00e1ria Hints D\u00e1nieln\u00e9. Feles\u00e9ge: egrest\u0151i Csan\u00e1dy Ida. Gyermekeik: Gabriella k\u00e9zdiszentkatolnai Elekes P\u00e1ln\u00e9 (1876.? \u2013 Mv., 1910. dec. 1.), Endre, G\u00e1bor. \u2013 Mv.-en m. kir. ad\u00f3p\u00e9nzt\u00e1rnok, a koron\u00e1s arany \u00e9rdemkereszt tulajdonosa. Irod.: Gy\u00e1szjelent\u0151; P\u00e1lmay J\u00f3zsef.<\/p>\n","protected":false},"featured_media":0,"comment_status":"open","ping_status":"closed","template":"","meta":[],"product_brand":[],"product_cat":[137],"product_tag":[],"class_list":{"0":"post-21742","1":"product","2":"type-product","3":"status-publish","5":"product_cat-maros-megyei-eletrajzi-lexikon","7":"first","8":"instock","9":"shipping-taxable","10":"product-type-simple"},"_links":{"self":[{"href":"https:\/\/uj.adatbank.ro\/lexikon\/wp-json\/wp\/v2\/product\/21742","targetHints":{"allow":["GET"]}}],"collection":[{"href":"https:\/\/uj.adatbank.ro\/lexikon\/wp-json\/wp\/v2\/product"}],"about":[{"href":"https:\/\/uj.adatbank.ro\/lexikon\/wp-json\/wp\/v2\/types\/product"}],"replies":[{"embeddable":true,"href":"https:\/\/uj.adatbank.ro\/lexikon\/wp-json\/wp\/v2\/comments?post=21742"}],"wp:attachment":[{"href":"https:\/\/uj.adatbank.ro\/lexikon\/wp-json\/wp\/v2\/media?parent=21742"}],"wp:term":[{"taxonomy":"product_brand","embeddable":true,"href":"https:\/\/uj.adatbank.ro\/lexikon\/wp-json\/wp\/v2\/product_brand?post=21742"},{"taxonomy":"product_cat","embeddable":true,"href":"https:\/\/uj.adatbank.ro\/lexikon\/wp-json\/wp\/v2\/product_cat?post=21742"},{"taxonomy":"product_tag","embeddable":true,"href":"https:\/\/uj.adatbank.ro\/lexikon\/wp-json\/wp\/v2\/product_tag?post=21742"}],"curies":[{"name":"wp","href":"https:\/\/api.w.org\/{rel}","templated":true}]}}