{"id":21746,"date":"2025-07-22T19:36:05","date_gmt":"2025-07-22T17:36:05","guid":{"rendered":"https:\/\/uj.adatbank.ro\/lexikon\/termek\/szekely-erzsebet\/"},"modified":"2025-07-22T19:36:05","modified_gmt":"2025-07-22T17:36:05","slug":"szekely-erzsebet","status":"publish","type":"product","link":"https:\/\/uj.adatbank.ro\/lexikon\/termek\/szekely-erzsebet\/","title":{"rendered":"SZ\u00c9KELY Erzs\u00e9bet"},"content":{"rendered":"<p>? 1935? \u2020\u00a0Mv., 1996. szept. 4.: fest\u0151m\u0171v\u00e9sz. \u2013 A nagyb\u00e1nyai fest\u0151iskol\u00e1ban dolgozott (1918\u20131919). Mv.-en \u00e9lt \u00e9s ki\u00e1ll\u00edt\u00e1sai voltak itt. <br \/><strong>Irod.:<\/strong> Moln\u00e1r; [Nekrol\u00f3g] (N\u00fa., 1996. szept. 11.).<\/br><\/p>\n","protected":false},"excerpt":{"rendered":"<p>? 1935? \u2020\u00a0Mv., 1996. szept. 4.: fest\u0151m\u0171v\u00e9sz. \u2013 A nagyb\u00e1nyai fest\u0151iskol\u00e1ban dolgozott (1918\u20131919). Mv.-en \u00e9lt \u00e9s ki\u00e1ll\u00edt\u00e1sai voltak itt. Irod.: Moln\u00e1r; [Nekrol\u00f3g] (N\u00fa., 1996. szept. 11.).<\/p>\n","protected":false},"featured_media":0,"comment_status":"open","ping_status":"closed","template":"","meta":[],"product_brand":[],"product_cat":[137],"product_tag":[],"class_list":{"0":"post-21746","1":"product","2":"type-product","3":"status-publish","5":"product_cat-maros-megyei-eletrajzi-lexikon","7":"first","8":"instock","9":"shipping-taxable","10":"product-type-simple"},"_links":{"self":[{"href":"https:\/\/uj.adatbank.ro\/lexikon\/wp-json\/wp\/v2\/product\/21746","targetHints":{"allow":["GET"]}}],"collection":[{"href":"https:\/\/uj.adatbank.ro\/lexikon\/wp-json\/wp\/v2\/product"}],"about":[{"href":"https:\/\/uj.adatbank.ro\/lexikon\/wp-json\/wp\/v2\/types\/product"}],"replies":[{"embeddable":true,"href":"https:\/\/uj.adatbank.ro\/lexikon\/wp-json\/wp\/v2\/comments?post=21746"}],"wp:attachment":[{"href":"https:\/\/uj.adatbank.ro\/lexikon\/wp-json\/wp\/v2\/media?parent=21746"}],"wp:term":[{"taxonomy":"product_brand","embeddable":true,"href":"https:\/\/uj.adatbank.ro\/lexikon\/wp-json\/wp\/v2\/product_brand?post=21746"},{"taxonomy":"product_cat","embeddable":true,"href":"https:\/\/uj.adatbank.ro\/lexikon\/wp-json\/wp\/v2\/product_cat?post=21746"},{"taxonomy":"product_tag","embeddable":true,"href":"https:\/\/uj.adatbank.ro\/lexikon\/wp-json\/wp\/v2\/product_tag?post=21746"}],"curies":[{"name":"wp","href":"https:\/\/api.w.org\/{rel}","templated":true}]}}