{"id":21748,"date":"2025-07-22T19:36:09","date_gmt":"2025-07-22T17:36:09","guid":{"rendered":"https:\/\/uj.adatbank.ro\/lexikon\/termek\/szekely-eva-szekely-moldovan-eva\/"},"modified":"2025-07-22T19:36:09","modified_gmt":"2025-07-22T17:36:09","slug":"szekely-eva-szekely-moldovan-eva","status":"publish","type":"product","link":"https:\/\/uj.adatbank.ro\/lexikon\/termek\/szekely-eva-szekely-moldovan-eva\/","title":{"rendered":"SZ\u00c9KELY \u00c9va \/ Sz\u00e9kely Moldov\u00e1n \u00c9va"},"content":{"rendered":"<p>Mv., 1942. j\u00fal. 20.\u2020\u00a0Mv., 2021. szept. 27?: sz\u00ednm\u0171v\u00e9sz. \u2013 Mv.-en m\u0171v\u00e9szi tev\u00e9kenys\u00e9g\u00e9t b\u00e1bosk\u00e9nt kezdte (1960\u201362), a Mv.-i R\u00e1di\u00f3 gyermekad\u00e1s\u00e1ban is. A Szentgy\u00f6rgyi Istv\u00e1n Sz\u00ednm\u0171v\u00e9szeti int\u00e9zetben, Kov\u00e1cs Gy\u00f6rgy oszt\u00e1ly\u00e1ban v\u00e9gzett (1966). A Temesv\u00e1ri \u00c1llami Magyar Sz\u00ednh\u00e1zban kezdte p\u00e1lyafut\u00e1s\u00e1t \u00e9s a Mv.-i Nemzetiben folytatta, rendszeresen fell\u00e9pett karakterfigur\u00e1k, epiz\u00f3dszerepek sor\u00e1t eleven\u00edtette meg (1981\u20132002), szaval\u00f3esteken \u00e9s a mv.-i R\u00e1di\u00f3ban is rendszeresen szerepelt. <br \/><strong>Irod.:<\/strong> Nekrol\u00f3g (N\u00fa., 2021. szept. 30. \u2013 2021. okt. 1.).<\/br><\/p>\n","protected":false},"excerpt":{"rendered":"<p>Mv., 1942. j\u00fal. 20.\u2020\u00a0Mv., 2021. szept. 27?: sz\u00ednm\u0171v\u00e9sz. \u2013 Mv.-en m\u0171v\u00e9szi tev\u00e9kenys\u00e9g\u00e9t b\u00e1bosk\u00e9nt kezdte (1960\u201362), a Mv.-i R\u00e1di\u00f3 gyermekad\u00e1s\u00e1ban is. A Szentgy\u00f6rgyi Istv\u00e1n Sz\u00ednm\u0171v\u00e9szeti int\u00e9zetben, Kov\u00e1cs Gy\u00f6rgy oszt\u00e1ly\u00e1ban v\u00e9gzett (1966). A Temesv\u00e1ri \u00c1llami Magyar Sz\u00ednh\u00e1zban kezdte p\u00e1lyafut\u00e1s\u00e1t \u00e9s a Mv.-i Nemzetiben folytatta, rendszeresen fell\u00e9pett karakterfigur\u00e1k, epiz\u00f3dszerepek sor\u00e1t eleven\u00edtette meg (1981\u20132002), szaval\u00f3esteken \u00e9s a mv.-i R\u00e1di\u00f3ban [&hellip;]<\/p>\n","protected":false},"featured_media":0,"comment_status":"open","ping_status":"closed","template":"","meta":[],"product_brand":[],"product_cat":[137],"product_tag":[],"class_list":{"0":"post-21748","1":"product","2":"type-product","3":"status-publish","5":"product_cat-maros-megyei-eletrajzi-lexikon","7":"first","8":"instock","9":"shipping-taxable","10":"product-type-simple"},"_links":{"self":[{"href":"https:\/\/uj.adatbank.ro\/lexikon\/wp-json\/wp\/v2\/product\/21748","targetHints":{"allow":["GET"]}}],"collection":[{"href":"https:\/\/uj.adatbank.ro\/lexikon\/wp-json\/wp\/v2\/product"}],"about":[{"href":"https:\/\/uj.adatbank.ro\/lexikon\/wp-json\/wp\/v2\/types\/product"}],"replies":[{"embeddable":true,"href":"https:\/\/uj.adatbank.ro\/lexikon\/wp-json\/wp\/v2\/comments?post=21748"}],"wp:attachment":[{"href":"https:\/\/uj.adatbank.ro\/lexikon\/wp-json\/wp\/v2\/media?parent=21748"}],"wp:term":[{"taxonomy":"product_brand","embeddable":true,"href":"https:\/\/uj.adatbank.ro\/lexikon\/wp-json\/wp\/v2\/product_brand?post=21748"},{"taxonomy":"product_cat","embeddable":true,"href":"https:\/\/uj.adatbank.ro\/lexikon\/wp-json\/wp\/v2\/product_cat?post=21748"},{"taxonomy":"product_tag","embeddable":true,"href":"https:\/\/uj.adatbank.ro\/lexikon\/wp-json\/wp\/v2\/product_tag?post=21748"}],"curies":[{"name":"wp","href":"https:\/\/api.w.org\/{rel}","templated":true}]}}