{"id":21749,"date":"2025-07-22T19:36:12","date_gmt":"2025-07-22T17:36:12","guid":{"rendered":"https:\/\/uj.adatbank.ro\/lexikon\/termek\/szekely-ferenc\/"},"modified":"2025-07-22T19:36:12","modified_gmt":"2025-07-22T17:36:12","slug":"szekely-ferenc","status":"publish","type":"product","link":"https:\/\/uj.adatbank.ro\/lexikon\/termek\/szekely-ferenc\/","title":{"rendered":"SZ\u00c9KELY Ferenc"},"content":{"rendered":"<p>? \u2020?: l\u00f3f\u0151. \u2013 J\u00e1nos Zsigmond fejedelemt\u0151l, a Gyulafeh\u00e9rv\u00e1ron kiadott adom\u00e1nylev\u00e9lben (1566. j\u00fal. 11.), 15 h\u00e1z jobb\u00e1gyot kapott Csejden a szolg\u00e1latai\u00e9rt, mivel r\u00e9szt vett a jobb\u00e1gyfelkel\u00e9s (1562) lever\u00e9s\u00e9ben. <br \/><strong>Irod.:<\/strong> Csejd \u2013 T\u00f3falva.<\/br><\/p>\n","protected":false},"excerpt":{"rendered":"<p>? \u2020?: l\u00f3f\u0151. \u2013 J\u00e1nos Zsigmond fejedelemt\u0151l, a Gyulafeh\u00e9rv\u00e1ron kiadott adom\u00e1nylev\u00e9lben (1566. j\u00fal. 11.), 15 h\u00e1z jobb\u00e1gyot kapott Csejden a szolg\u00e1latai\u00e9rt, mivel r\u00e9szt vett a jobb\u00e1gyfelkel\u00e9s (1562) lever\u00e9s\u00e9ben. Irod.: Csejd \u2013 T\u00f3falva.<\/p>\n","protected":false},"featured_media":0,"comment_status":"open","ping_status":"closed","template":"","meta":[],"product_brand":[],"product_cat":[137],"product_tag":[],"class_list":{"0":"post-21749","1":"product","2":"type-product","3":"status-publish","5":"product_cat-maros-megyei-eletrajzi-lexikon","7":"first","8":"instock","9":"shipping-taxable","10":"product-type-simple"},"_links":{"self":[{"href":"https:\/\/uj.adatbank.ro\/lexikon\/wp-json\/wp\/v2\/product\/21749","targetHints":{"allow":["GET"]}}],"collection":[{"href":"https:\/\/uj.adatbank.ro\/lexikon\/wp-json\/wp\/v2\/product"}],"about":[{"href":"https:\/\/uj.adatbank.ro\/lexikon\/wp-json\/wp\/v2\/types\/product"}],"replies":[{"embeddable":true,"href":"https:\/\/uj.adatbank.ro\/lexikon\/wp-json\/wp\/v2\/comments?post=21749"}],"wp:attachment":[{"href":"https:\/\/uj.adatbank.ro\/lexikon\/wp-json\/wp\/v2\/media?parent=21749"}],"wp:term":[{"taxonomy":"product_brand","embeddable":true,"href":"https:\/\/uj.adatbank.ro\/lexikon\/wp-json\/wp\/v2\/product_brand?post=21749"},{"taxonomy":"product_cat","embeddable":true,"href":"https:\/\/uj.adatbank.ro\/lexikon\/wp-json\/wp\/v2\/product_cat?post=21749"},{"taxonomy":"product_tag","embeddable":true,"href":"https:\/\/uj.adatbank.ro\/lexikon\/wp-json\/wp\/v2\/product_tag?post=21749"}],"curies":[{"name":"wp","href":"https:\/\/api.w.org\/{rel}","templated":true}]}}