{"id":2175,"date":"2025-06-28T12:06:02","date_gmt":"2025-06-28T10:06:02","guid":{"rendered":"https:\/\/uj.adatbank.ro\/lexikon\/termek\/banffy-ferenc-losonczi-br\/"},"modified":"2025-06-28T12:06:02","modified_gmt":"2025-06-28T10:06:02","slug":"banffy-ferenc-losonczi-br","status":"publish","type":"product","link":"https:\/\/uj.adatbank.ro\/lexikon\/termek\/banffy-ferenc-losonczi-br\/","title":{"rendered":"B\u00c1NFFY Ferenc, losonczi br."},"content":{"rendered":"<p>? \u2020\u00a01773?: f\u0151\u00far. \u2013 Feles\u00e9ge: gyer\u0151monostori br. Kem\u00e9ny Sus\u00e1nna. Fi\u00fak: S\u00e1muel (\u2020 Beresztelke, 1755. febr.). \u2013 Beresztelki birtokos. <br \/><strong>Irod.:<\/strong> Halotti besz\u00e9dek; T\u00f6ke M\u00e1rton: Kopors\u00f3ig tart\u00f3 em\u00e9szt\u0151 f\u00e1jdalom&#8230; (S\u00e1muel fia temet\u00e9si pr\u00e9dik\u00e1ci\u00f3ja Beresztelk\u00e9n, 1755 febr. 16)<\/br><\/p>\n","protected":false},"excerpt":{"rendered":"<p>? \u2020\u00a01773?: f\u0151\u00far. \u2013 Feles\u00e9ge: gyer\u0151monostori br. Kem\u00e9ny Sus\u00e1nna. Fi\u00fak: S\u00e1muel (\u2020 Beresztelke, 1755. febr.). \u2013 Beresztelki birtokos. Irod.: Halotti besz\u00e9dek; T\u00f6ke M\u00e1rton: Kopors\u00f3ig tart\u00f3 em\u00e9szt\u0151 f\u00e1jdalom&#8230; (S\u00e1muel fia temet\u00e9si pr\u00e9dik\u00e1ci\u00f3ja Beresztelk\u00e9n, 1755 febr. 16)<\/p>\n","protected":false},"featured_media":0,"comment_status":"open","ping_status":"closed","template":"","meta":[],"product_brand":[],"product_cat":[137],"product_tag":[],"class_list":{"0":"post-2175","1":"product","2":"type-product","3":"status-publish","5":"product_cat-maros-megyei-eletrajzi-lexikon","7":"first","8":"instock","9":"shipping-taxable","10":"product-type-simple"},"_links":{"self":[{"href":"https:\/\/uj.adatbank.ro\/lexikon\/wp-json\/wp\/v2\/product\/2175","targetHints":{"allow":["GET"]}}],"collection":[{"href":"https:\/\/uj.adatbank.ro\/lexikon\/wp-json\/wp\/v2\/product"}],"about":[{"href":"https:\/\/uj.adatbank.ro\/lexikon\/wp-json\/wp\/v2\/types\/product"}],"replies":[{"embeddable":true,"href":"https:\/\/uj.adatbank.ro\/lexikon\/wp-json\/wp\/v2\/comments?post=2175"}],"wp:attachment":[{"href":"https:\/\/uj.adatbank.ro\/lexikon\/wp-json\/wp\/v2\/media?parent=2175"}],"wp:term":[{"taxonomy":"product_brand","embeddable":true,"href":"https:\/\/uj.adatbank.ro\/lexikon\/wp-json\/wp\/v2\/product_brand?post=2175"},{"taxonomy":"product_cat","embeddable":true,"href":"https:\/\/uj.adatbank.ro\/lexikon\/wp-json\/wp\/v2\/product_cat?post=2175"},{"taxonomy":"product_tag","embeddable":true,"href":"https:\/\/uj.adatbank.ro\/lexikon\/wp-json\/wp\/v2\/product_tag?post=2175"}],"curies":[{"name":"wp","href":"https:\/\/api.w.org\/{rel}","templated":true}]}}