{"id":21750,"date":"2025-07-22T19:36:14","date_gmt":"2025-07-22T17:36:14","guid":{"rendered":"https:\/\/uj.adatbank.ro\/lexikon\/termek\/szekely-ferenc-2\/"},"modified":"2025-07-22T19:36:14","modified_gmt":"2025-07-22T17:36:14","slug":"szekely-ferenc-2","status":"publish","type":"product","link":"https:\/\/uj.adatbank.ro\/lexikon\/termek\/szekely-ferenc-2\/","title":{"rendered":"SZ\u00c9KELY Ferenc"},"content":{"rendered":"<p>? \u2020?: ref. lelk\u00e9sz. \u2013 Nagyenyeden subscrib\u00e1lt (1735), Leidenben (1746\u201350) \u00e9s Utrechtben (1750\u201351) tanult. K\u00fck\u00fcll\u0151alm\u00e1son volt lelk\u00e9sz (1755\u201357). \u2013 <strong><strong>F. m.<\/strong><\/strong>: Disputatio theologica ad Psalm: XXII. Quam \u2026 sub praesidio Alberti Voget \u2026 publico examini submittit (Trajecti ad Rhenu, 1750). <br \/><strong>Irod.:<\/strong> RMK III\/18 sz.; K\u00fck\u00fcll\u0151i Ref. Egyh\u00e1zm. 3.<\/br><\/p>\n","protected":false},"excerpt":{"rendered":"<p>? \u2020?: ref. lelk\u00e9sz. \u2013 Nagyenyeden subscrib\u00e1lt (1735), Leidenben (1746\u201350) \u00e9s Utrechtben (1750\u201351) tanult. K\u00fck\u00fcll\u0151alm\u00e1son volt lelk\u00e9sz (1755\u201357). \u2013 F. m.: Disputatio theologica ad Psalm: XXII. Quam \u2026 sub praesidio Alberti Voget \u2026 publico examini submittit (Trajecti ad Rhenu, 1750). Irod.: RMK III\/18 sz.; K\u00fck\u00fcll\u0151i Ref. Egyh\u00e1zm. 3.<\/p>\n","protected":false},"featured_media":0,"comment_status":"open","ping_status":"closed","template":"","meta":[],"product_brand":[],"product_cat":[137],"product_tag":[],"class_list":{"0":"post-21750","1":"product","2":"type-product","3":"status-publish","5":"product_cat-maros-megyei-eletrajzi-lexikon","7":"first","8":"instock","9":"shipping-taxable","10":"product-type-simple"},"_links":{"self":[{"href":"https:\/\/uj.adatbank.ro\/lexikon\/wp-json\/wp\/v2\/product\/21750","targetHints":{"allow":["GET"]}}],"collection":[{"href":"https:\/\/uj.adatbank.ro\/lexikon\/wp-json\/wp\/v2\/product"}],"about":[{"href":"https:\/\/uj.adatbank.ro\/lexikon\/wp-json\/wp\/v2\/types\/product"}],"replies":[{"embeddable":true,"href":"https:\/\/uj.adatbank.ro\/lexikon\/wp-json\/wp\/v2\/comments?post=21750"}],"wp:attachment":[{"href":"https:\/\/uj.adatbank.ro\/lexikon\/wp-json\/wp\/v2\/media?parent=21750"}],"wp:term":[{"taxonomy":"product_brand","embeddable":true,"href":"https:\/\/uj.adatbank.ro\/lexikon\/wp-json\/wp\/v2\/product_brand?post=21750"},{"taxonomy":"product_cat","embeddable":true,"href":"https:\/\/uj.adatbank.ro\/lexikon\/wp-json\/wp\/v2\/product_cat?post=21750"},{"taxonomy":"product_tag","embeddable":true,"href":"https:\/\/uj.adatbank.ro\/lexikon\/wp-json\/wp\/v2\/product_tag?post=21750"}],"curies":[{"name":"wp","href":"https:\/\/api.w.org\/{rel}","templated":true}]}}