{"id":21752,"date":"2025-07-22T19:36:19","date_gmt":"2025-07-22T17:36:19","guid":{"rendered":"https:\/\/uj.adatbank.ro\/lexikon\/termek\/szekely-ferenc-4\/"},"modified":"2025-07-22T19:36:19","modified_gmt":"2025-07-22T17:36:19","slug":"szekely-ferenc-4","status":"publish","type":"product","link":"https:\/\/uj.adatbank.ro\/lexikon\/termek\/szekely-ferenc-4\/","title":{"rendered":"SZ\u00c9KELY Ferenc"},"content":{"rendered":"<p>? 1887. okt. 19., \u2020 1937. aug.: tan\u00e1r. \u2013Sz. Ferenc ref. lelk\u00e9sz \u00e9s G\u00fcnther Vilma fia. Feles\u00e9ge: Breckner Gizella. Le\u00e1nyaik: Piroska \u00e9s Vicuka le\u00e1nygimn\u00e1ziumi I. oszt. tanul\u00f3 (\u2020 Mv., 1939. j\u00fan. 25). Tan\u00e1r volt S\u00e1romberk\u00e9ben (1925\u201329), majd feles\u00e9ge, Brechner Gizella, mv.-i szappangy\u00e1r\u00e1ban igazgat\u00f3. <br \/><strong>Irod.:<\/strong> B\u00f6jthe Andor; Gy\u00e1szjelent\u0151; S\u00e1romberke.<\/br><\/p>\n","protected":false},"excerpt":{"rendered":"<p>? 1887. okt. 19., \u2020 1937. aug.: tan\u00e1r. \u2013Sz. Ferenc ref. lelk\u00e9sz \u00e9s G\u00fcnther Vilma fia. Feles\u00e9ge: Breckner Gizella. Le\u00e1nyaik: Piroska \u00e9s Vicuka le\u00e1nygimn\u00e1ziumi I. oszt. tanul\u00f3 (\u2020 Mv., 1939. j\u00fan. 25). Tan\u00e1r volt S\u00e1romberk\u00e9ben (1925\u201329), majd feles\u00e9ge, Brechner Gizella, mv.-i szappangy\u00e1r\u00e1ban igazgat\u00f3. Irod.: B\u00f6jthe Andor; Gy\u00e1szjelent\u0151; S\u00e1romberke.<\/p>\n","protected":false},"featured_media":0,"comment_status":"open","ping_status":"closed","template":"","meta":[],"product_brand":[],"product_cat":[137],"product_tag":[],"class_list":{"0":"post-21752","1":"product","2":"type-product","3":"status-publish","5":"product_cat-maros-megyei-eletrajzi-lexikon","7":"first","8":"instock","9":"shipping-taxable","10":"product-type-simple"},"_links":{"self":[{"href":"https:\/\/uj.adatbank.ro\/lexikon\/wp-json\/wp\/v2\/product\/21752","targetHints":{"allow":["GET"]}}],"collection":[{"href":"https:\/\/uj.adatbank.ro\/lexikon\/wp-json\/wp\/v2\/product"}],"about":[{"href":"https:\/\/uj.adatbank.ro\/lexikon\/wp-json\/wp\/v2\/types\/product"}],"replies":[{"embeddable":true,"href":"https:\/\/uj.adatbank.ro\/lexikon\/wp-json\/wp\/v2\/comments?post=21752"}],"wp:attachment":[{"href":"https:\/\/uj.adatbank.ro\/lexikon\/wp-json\/wp\/v2\/media?parent=21752"}],"wp:term":[{"taxonomy":"product_brand","embeddable":true,"href":"https:\/\/uj.adatbank.ro\/lexikon\/wp-json\/wp\/v2\/product_brand?post=21752"},{"taxonomy":"product_cat","embeddable":true,"href":"https:\/\/uj.adatbank.ro\/lexikon\/wp-json\/wp\/v2\/product_cat?post=21752"},{"taxonomy":"product_tag","embeddable":true,"href":"https:\/\/uj.adatbank.ro\/lexikon\/wp-json\/wp\/v2\/product_tag?post=21752"}],"curies":[{"name":"wp","href":"https:\/\/api.w.org\/{rel}","templated":true}]}}