{"id":21754,"date":"2025-07-22T19:36:23","date_gmt":"2025-07-22T17:36:23","guid":{"rendered":"https:\/\/uj.adatbank.ro\/lexikon\/termek\/szekely-ferenc-6\/"},"modified":"2025-07-22T19:36:23","modified_gmt":"2025-07-22T17:36:23","slug":"szekely-ferenc-6","status":"publish","type":"product","link":"https:\/\/uj.adatbank.ro\/lexikon\/termek\/szekely-ferenc-6\/","title":{"rendered":"SZ\u00c9KELY Ferenc"},"content":{"rendered":"<p>?, \u2020?: ? \u2013 <strong><strong>F. m.<\/strong><\/strong>: S\u00e1padt f\u00e9nyben gyertya \u00e9g. Napl\u00f3jegyzetek S\u00fct\u0151 Andr\u00e1s utols\u00f3 \u00e9veir\u0151l. (Budapest, Garabontzia Kiad\u00f3, 2013).<\/br><\/p>\n","protected":false},"excerpt":{"rendered":"<p>?, \u2020?: ? \u2013 F. m.: S\u00e1padt f\u00e9nyben gyertya \u00e9g. Napl\u00f3jegyzetek S\u00fct\u0151 Andr\u00e1s utols\u00f3 \u00e9veir\u0151l. (Budapest, Garabontzia Kiad\u00f3, 2013).<\/p>\n","protected":false},"featured_media":0,"comment_status":"open","ping_status":"closed","template":"","meta":[],"product_brand":[],"product_cat":[137],"product_tag":[],"class_list":{"0":"post-21754","1":"product","2":"type-product","3":"status-publish","5":"product_cat-maros-megyei-eletrajzi-lexikon","7":"first","8":"instock","9":"shipping-taxable","10":"product-type-simple"},"_links":{"self":[{"href":"https:\/\/uj.adatbank.ro\/lexikon\/wp-json\/wp\/v2\/product\/21754","targetHints":{"allow":["GET"]}}],"collection":[{"href":"https:\/\/uj.adatbank.ro\/lexikon\/wp-json\/wp\/v2\/product"}],"about":[{"href":"https:\/\/uj.adatbank.ro\/lexikon\/wp-json\/wp\/v2\/types\/product"}],"replies":[{"embeddable":true,"href":"https:\/\/uj.adatbank.ro\/lexikon\/wp-json\/wp\/v2\/comments?post=21754"}],"wp:attachment":[{"href":"https:\/\/uj.adatbank.ro\/lexikon\/wp-json\/wp\/v2\/media?parent=21754"}],"wp:term":[{"taxonomy":"product_brand","embeddable":true,"href":"https:\/\/uj.adatbank.ro\/lexikon\/wp-json\/wp\/v2\/product_brand?post=21754"},{"taxonomy":"product_cat","embeddable":true,"href":"https:\/\/uj.adatbank.ro\/lexikon\/wp-json\/wp\/v2\/product_cat?post=21754"},{"taxonomy":"product_tag","embeddable":true,"href":"https:\/\/uj.adatbank.ro\/lexikon\/wp-json\/wp\/v2\/product_tag?post=21754"}],"curies":[{"name":"wp","href":"https:\/\/api.w.org\/{rel}","templated":true}]}}