{"id":21755,"date":"2025-07-22T19:36:24","date_gmt":"2025-07-22T17:36:24","guid":{"rendered":"https:\/\/uj.adatbank.ro\/lexikon\/termek\/szekely-ferenc-esztergomi\/"},"modified":"2025-07-22T19:36:24","modified_gmt":"2025-07-22T17:36:24","slug":"szekely-ferenc-esztergomi","status":"publish","type":"product","link":"https:\/\/uj.adatbank.ro\/lexikon\/termek\/szekely-ferenc-esztergomi\/","title":{"rendered":"SZ\u00c9KELY Ferenc, esztergomi"},"content":{"rendered":"<p>? \u2020?: f\u00f6ldes\u00far. \u2013 150 magyar forint ellen\u00e9ben elz\u00e1logos\u00edtotta Kisfaludot, jeddi \u00e9s kebeleszentiv\u00e1nyi r\u00e9szbirtokait \u00e9s h\u00e1rom sz\u00e9kely l\u0151f\u0151s\u00e9g\u00e9t nagyernyei Sz\u00e9kely Bern\u00e1tnak (1505), majd \u00fajabb z\u00e1logot vett fel kisfaludi birtok\u00e1ra cs\u00e1v\u00e1si Erd\u0151 Mikl\u00f3st\u00f3l \u00e9s Gergelyt\u0151l. K\u00e9s\u0151bb eladta sz\u00e1rhegyi L\u00e1z\u00e1r Ferencnek 1000 forint\u00e9rt Kisfaludot minden tartoz\u00e9k\u00e1val \u00e9s h\u00e1rom l\u00f3f\u0151 \u00f6r\u00f6ks\u00e9ggel (1507). <br \/><strong>Irod.:<\/strong> Id\u0151t\u00e1r 1.<\/br><\/p>\n","protected":false},"excerpt":{"rendered":"<p>? \u2020?: f\u00f6ldes\u00far. \u2013 150 magyar forint ellen\u00e9ben elz\u00e1logos\u00edtotta Kisfaludot, jeddi \u00e9s kebeleszentiv\u00e1nyi r\u00e9szbirtokait \u00e9s h\u00e1rom sz\u00e9kely l\u0151f\u0151s\u00e9g\u00e9t nagyernyei Sz\u00e9kely Bern\u00e1tnak (1505), majd \u00fajabb z\u00e1logot vett fel kisfaludi birtok\u00e1ra cs\u00e1v\u00e1si Erd\u0151 Mikl\u00f3st\u00f3l \u00e9s Gergelyt\u0151l. K\u00e9s\u0151bb eladta sz\u00e1rhegyi L\u00e1z\u00e1r Ferencnek 1000 forint\u00e9rt Kisfaludot minden tartoz\u00e9k\u00e1val \u00e9s h\u00e1rom l\u00f3f\u0151 \u00f6r\u00f6ks\u00e9ggel (1507). Irod.: Id\u0151t\u00e1r 1.<\/p>\n","protected":false},"featured_media":0,"comment_status":"open","ping_status":"closed","template":"","meta":[],"product_brand":[],"product_cat":[137],"product_tag":[],"class_list":{"0":"post-21755","1":"product","2":"type-product","3":"status-publish","5":"product_cat-maros-megyei-eletrajzi-lexikon","7":"first","8":"instock","9":"shipping-taxable","10":"product-type-simple"},"_links":{"self":[{"href":"https:\/\/uj.adatbank.ro\/lexikon\/wp-json\/wp\/v2\/product\/21755","targetHints":{"allow":["GET"]}}],"collection":[{"href":"https:\/\/uj.adatbank.ro\/lexikon\/wp-json\/wp\/v2\/product"}],"about":[{"href":"https:\/\/uj.adatbank.ro\/lexikon\/wp-json\/wp\/v2\/types\/product"}],"replies":[{"embeddable":true,"href":"https:\/\/uj.adatbank.ro\/lexikon\/wp-json\/wp\/v2\/comments?post=21755"}],"wp:attachment":[{"href":"https:\/\/uj.adatbank.ro\/lexikon\/wp-json\/wp\/v2\/media?parent=21755"}],"wp:term":[{"taxonomy":"product_brand","embeddable":true,"href":"https:\/\/uj.adatbank.ro\/lexikon\/wp-json\/wp\/v2\/product_brand?post=21755"},{"taxonomy":"product_cat","embeddable":true,"href":"https:\/\/uj.adatbank.ro\/lexikon\/wp-json\/wp\/v2\/product_cat?post=21755"},{"taxonomy":"product_tag","embeddable":true,"href":"https:\/\/uj.adatbank.ro\/lexikon\/wp-json\/wp\/v2\/product_tag?post=21755"}],"curies":[{"name":"wp","href":"https:\/\/api.w.org\/{rel}","templated":true}]}}