{"id":21756,"date":"2025-07-22T19:36:27","date_gmt":"2025-07-22T17:36:27","guid":{"rendered":"https:\/\/uj.adatbank.ro\/lexikon\/termek\/szekely-ferenc-szlama-1871-ig\/"},"modified":"2025-07-22T19:36:27","modified_gmt":"2025-07-22T17:36:27","slug":"szekely-ferenc-szlama-1871-ig","status":"publish","type":"product","link":"https:\/\/uj.adatbank.ro\/lexikon\/termek\/szekely-ferenc-szlama-1871-ig\/","title":{"rendered":"SZ\u00c9KELY Ferenc, Szl\u00e1ma (1871-ig)"},"content":{"rendered":"<p>H\u00e9v\u00edz, 1836. m\u00e1j. 20., \u2020 G\u00f6rg\u00e9nyszentimre, 1920. m\u00e1j. 9.: ref. lelk\u00e9sz. \u2013 Feles\u00e9ge: G\u00fcnther Vilma (1857? \u2013 Mv., 1934? okt. 2. G\u00f6rg\u00e9nyszentimr\u00e9n temett\u00e9k). Gyermekeik: Sz. Ferenc, feles\u00e9ge Breckner Gizella; dr. Sz\u00e9kely J\u00f3zsef, feles\u00e9ge M\u00e1ty\u00e1s Erzs\u00e9bet. \u2013 Nagyajt\u00e1n \u00e9lt a sz\u00fcleivel, Sz\u00e9kelyudvarhelyen szolgadi\u00e1k, itt is \u00e9retts\u00e9gizett kit\u0171n\u0151en (1850\u201359), k\u00e9t \u00e9vig tan\u00edtott n\u00e9met nyelvet \u00e9s m. t\u00f6rt.-t. Kv.-on a ref. teol\u00f3gi\u00e1n tanult (1861\u2013), k\u00f6zben Nagyenyedre helyezt\u00e9k a teol\u00f3giai f\u0151iskol\u00e1t (1862\u2013), amit befejezett (1863). Nagyenyedi iskola h\u00edvta meg a 3. gimn. oszt. tan\u00edt\u00e1s\u00e1ra, ahol Bed\u0151h\u00e1zi J\u00e1nos is tan\u00edtv\u00e1nya volt \u00e9s az 5. oszt. \u2013 tan\u00edtotta (1863\u201365). G\u00f6rg\u00e9nyszentimr\u00e9n v\u00e1lasztott\u00e1k meg papnak, itt m\u0171k\u00f6d\u00f6tt 55 \u00e9vet, hal\u00e1l\u00e1ig (1865. j\u00fal. 5. \u20131920. m\u00e1j. 9.). Papp\u00e1 szentelt\u00e9k (1866). \u00daj k\u00e1ntortan\u00edt\u00f3i lak\u00e1st (1866), a ref. templom torny\u00e1t (1867 \u00e9s 1904), papilakot \u00e9p\u00edtettek (1901), \u00fajj\u00e1alak\u00edtott\u00e1k a templomot. Telep\u00fcl\u00e9st\u00f6rt\u00e9neti monogr\u00e1fi\u00e1t \u00edrt (1871). <br \/><strong>Irod.:<\/strong> B\u00f6jthe Andor; Fekete; Gy\u00e1szjelent\u0151.<\/br><\/p>\n","protected":false},"excerpt":{"rendered":"<p>H\u00e9v\u00edz, 1836. m\u00e1j. 20., \u2020 G\u00f6rg\u00e9nyszentimre, 1920. m\u00e1j. 9.: ref. lelk\u00e9sz. \u2013 Feles\u00e9ge: G\u00fcnther Vilma (1857? \u2013 Mv., 1934? okt. 2. G\u00f6rg\u00e9nyszentimr\u00e9n temett\u00e9k). Gyermekeik: Sz. Ferenc, feles\u00e9ge Breckner Gizella; dr. Sz\u00e9kely J\u00f3zsef, feles\u00e9ge M\u00e1ty\u00e1s Erzs\u00e9bet. \u2013 Nagyajt\u00e1n \u00e9lt a sz\u00fcleivel, Sz\u00e9kelyudvarhelyen szolgadi\u00e1k, itt is \u00e9retts\u00e9gizett kit\u0171n\u0151en (1850\u201359), k\u00e9t \u00e9vig tan\u00edtott n\u00e9met nyelvet \u00e9s m. t\u00f6rt.-t. [&hellip;]<\/p>\n","protected":false},"featured_media":0,"comment_status":"open","ping_status":"closed","template":"","meta":[],"product_brand":[],"product_cat":[137],"product_tag":[],"class_list":{"0":"post-21756","1":"product","2":"type-product","3":"status-publish","5":"product_cat-maros-megyei-eletrajzi-lexikon","7":"first","8":"instock","9":"shipping-taxable","10":"product-type-simple"},"_links":{"self":[{"href":"https:\/\/uj.adatbank.ro\/lexikon\/wp-json\/wp\/v2\/product\/21756","targetHints":{"allow":["GET"]}}],"collection":[{"href":"https:\/\/uj.adatbank.ro\/lexikon\/wp-json\/wp\/v2\/product"}],"about":[{"href":"https:\/\/uj.adatbank.ro\/lexikon\/wp-json\/wp\/v2\/types\/product"}],"replies":[{"embeddable":true,"href":"https:\/\/uj.adatbank.ro\/lexikon\/wp-json\/wp\/v2\/comments?post=21756"}],"wp:attachment":[{"href":"https:\/\/uj.adatbank.ro\/lexikon\/wp-json\/wp\/v2\/media?parent=21756"}],"wp:term":[{"taxonomy":"product_brand","embeddable":true,"href":"https:\/\/uj.adatbank.ro\/lexikon\/wp-json\/wp\/v2\/product_brand?post=21756"},{"taxonomy":"product_cat","embeddable":true,"href":"https:\/\/uj.adatbank.ro\/lexikon\/wp-json\/wp\/v2\/product_cat?post=21756"},{"taxonomy":"product_tag","embeddable":true,"href":"https:\/\/uj.adatbank.ro\/lexikon\/wp-json\/wp\/v2\/product_tag?post=21756"}],"curies":[{"name":"wp","href":"https:\/\/api.w.org\/{rel}","templated":true}]}}