{"id":21757,"date":"2025-07-22T19:36:29","date_gmt":"2025-07-22T17:36:29","guid":{"rendered":"https:\/\/uj.adatbank.ro\/lexikon\/termek\/szekely-ferenc-fulop\/"},"modified":"2025-07-22T19:36:29","modified_gmt":"2025-07-22T17:36:29","slug":"szekely-ferenc-fulop","status":"publish","type":"product","link":"https:\/\/uj.adatbank.ro\/lexikon\/termek\/szekely-ferenc-fulop\/","title":{"rendered":"SZ\u00c9KELY Ferenc F\u00fcl\u00f6p"},"content":{"rendered":"<p>? 1883 (v. 1862, illetve 1864) \u2020\u00a0Bp., 1931. okt. 26: b\u00fatorgy\u00e1ros. \u2013 B\u00e9k\u00e9scsab\u00e1r\u00f3l j\u00f6tt v\u00e1rosunkba, k\u00e1rpitos \u00e9s asztalos mester volt. T\u00e1rsult R\u00e9ti Ern\u0151vel (1907, 1910) \u00e9s asztalos m\u0171helyt nyitottak az akkor kaszin\u00f3\u00e1nos utca \u00e9s De\u00e1k Ferenc utca sark\u00e1n (ma D\u00f3zsa Gy. \u00e9s Forradalom tere). A mv.-i Iparkamara jelent\u00e9se szerint (1911) a Sz\u00e9kely \u00a7 R\u00e9ti Rt. c\u00e9g \u00fczleti k\u00f6r\u00e9t az erd\u00e9lyi r\u00e9szek nagy ter\u00fclet\u00e9re, Brass\u00f3, Szeben \u00e9s Meggyes vid\u00e9k\u00e9re is kiterjesztette. Szentgy\u00f6rgyi D\u00e9nes lexikon\u00e1ban (1912) m\u00e1r b\u00fatorgy\u00e1rnak eml\u00edti \u2013 Sz\u00e9kely\u2013R\u00e9ti: Erd\u00e9lyr\u00e9szi B\u00fatorgy\u00e1r Rt.-n\u00e9vvel. St\u00edlusb\u00fatorokat gy\u00e1rtott a k\u00e9t vh. k\u00f6z\u00f6tt Mv.-en. A buk.-i Kir\u00e1lyi Palota \u00e9s a Peles kast\u00e9ly berendez\u00e9seit is itt k\u00e9sz\u00edtett\u00e9k. A gy\u00e1rnak Nagyszebenben, Brass\u00f3ban \u00e9s Buk.-ben volt kirendelts\u00e9ge. A v\u00e1ros k\u00f6zpontj\u00e1ban l\u00e9v\u0151 \u00fczem le\u00e9gett (1942), majd lebontott\u00e1k, a Maros partj\u00e1n l\u00e9tes\u00fclt a Sim\u00f3 G\u00e9za \u00fczem, a k\u00e9s\u0151bbi Augusztus 23. b\u00fatorgy\u00e1r, az 1989-es rendszerv\u00e1lt\u00e1s ut\u00e1n Mobex n\u00e9ven m\u0171k\u00f6dik. A volt Farkas Mendel f\u0171r\u00e9szgy\u00e1ra ter\u00fclet\u00e9n \u00e9p\u00fclt szecesszi\u00f3s st\u00edlus\u00fa munk\u00e1slak\u00e1sok a Sz\u00e9kely- \u00e9s R\u00e9ti b\u00fatorgy\u00e1r munk\u00e1sai sz\u00e1m\u00e1ra Mv.-en (1919), \u201eB\u201d kateg\u00f3ri\u00e1s m\u0171eml\u00e9kek (Margaretelor \/ volt Hung\u00e1ria u. 17\u201318. sz.). <br \/><strong>Irod.:<\/strong> Bottoni 2008 Csepreghy A. \u2013 Cs.H.; EBKL; Id\u0151t\u00e1r 2; Id\u0151t\u00e1r 3; K\u00e1d\u00e1r Zsombor: Sz\u00e9kelyf\u00f6ldi erd\u00e9szeti arck\u00e9pcsarnok (Bp., 1999); K\u00e1d\u00e1r Zsombor \u2013 P\u00e1l-Antal; Keresztes Gyula: Szecesszi\u00f3 Mv.-en: 5.: K\u00f6zm\u0171vel\u0151d\u00e9si h\u00e1z 1\u20135. (N\u00fa., 1991. nov. 23.; 1991. dec. 7.; 1991. dec. 14.; 1992. jan. 4.; 1992. jan. 11.); Maros megyei m.-s\u00e1g.4.; M\u00e1th\u00e9 \u00c9va: H\u00edre-hamva sincs az egykori Sz\u00e9kely-R\u00e9ti b\u00fatorgy\u00e1rnak (V\u00e1s\u00e1rhelyi H\u00edrlap, 2008. jan. 3.); Mv. Zsid\u00f3s\u00e1ga; Mv.-i zsid\u00f3 temet\u0151 dok.; Sipos; Szentgy\u00f6rgyi; Valori mure\u015fene de patrimoniu.<\/br><\/p>\n","protected":false},"excerpt":{"rendered":"<p>? 1883 (v. 1862, illetve 1864) \u2020\u00a0Bp., 1931. okt. 26: b\u00fatorgy\u00e1ros. \u2013 B\u00e9k\u00e9scsab\u00e1r\u00f3l j\u00f6tt v\u00e1rosunkba, k\u00e1rpitos \u00e9s asztalos mester volt. T\u00e1rsult R\u00e9ti Ern\u0151vel (1907, 1910) \u00e9s asztalos m\u0171helyt nyitottak az akkor kaszin\u00f3\u00e1nos utca \u00e9s De\u00e1k Ferenc utca sark\u00e1n (ma D\u00f3zsa Gy. \u00e9s Forradalom tere). A mv.-i Iparkamara jelent\u00e9se szerint (1911) a Sz\u00e9kely \u00a7 R\u00e9ti Rt. [&hellip;]<\/p>\n","protected":false},"featured_media":0,"comment_status":"open","ping_status":"closed","template":"","meta":[],"product_brand":[],"product_cat":[137],"product_tag":[],"class_list":{"0":"post-21757","1":"product","2":"type-product","3":"status-publish","5":"product_cat-maros-megyei-eletrajzi-lexikon","7":"first","8":"instock","9":"shipping-taxable","10":"product-type-simple"},"_links":{"self":[{"href":"https:\/\/uj.adatbank.ro\/lexikon\/wp-json\/wp\/v2\/product\/21757","targetHints":{"allow":["GET"]}}],"collection":[{"href":"https:\/\/uj.adatbank.ro\/lexikon\/wp-json\/wp\/v2\/product"}],"about":[{"href":"https:\/\/uj.adatbank.ro\/lexikon\/wp-json\/wp\/v2\/types\/product"}],"replies":[{"embeddable":true,"href":"https:\/\/uj.adatbank.ro\/lexikon\/wp-json\/wp\/v2\/comments?post=21757"}],"wp:attachment":[{"href":"https:\/\/uj.adatbank.ro\/lexikon\/wp-json\/wp\/v2\/media?parent=21757"}],"wp:term":[{"taxonomy":"product_brand","embeddable":true,"href":"https:\/\/uj.adatbank.ro\/lexikon\/wp-json\/wp\/v2\/product_brand?post=21757"},{"taxonomy":"product_cat","embeddable":true,"href":"https:\/\/uj.adatbank.ro\/lexikon\/wp-json\/wp\/v2\/product_cat?post=21757"},{"taxonomy":"product_tag","embeddable":true,"href":"https:\/\/uj.adatbank.ro\/lexikon\/wp-json\/wp\/v2\/product_tag?post=21757"}],"curies":[{"name":"wp","href":"https:\/\/api.w.org\/{rel}","templated":true}]}}